{"id":735543,"date":"2025-03-03T16:28:27","date_gmt":"2025-03-03T15:28:27","guid":{"rendered":"https:\/\/stoic-curie.212-227-153-4.plesk.page\/producto\/bowman-ec100-3249-2\/"},"modified":"2026-02-24T23:35:02","modified_gmt":"2026-02-24T23:35:02","slug":"bowman-ec100-3249-2","status":"publish","type":"product","link":"https:\/\/stoic-curie.212-227-153-4.plesk.page\/de\/product\/bowman-ec100-3249-2\/","title":{"rendered":"Bowman EC100-3249-2"},"content":{"rendered":"<p>Bowman EC100-3249-2 &#8211; <\/p>\n<p>Die Bowman EC-\u00d6lk\u00fchler sind sorgf\u00e4ltig f\u00fcr den Einsatz in Getrieben, Schmieranlagen und einer Vielzahl von W\u00e4rme\u00fcbertragungsfl\u00fcssigkeiten entwickelt. Diese K\u00fchler bestehen aus korrosionsbest\u00e4ndigen Nickellegierungsrohren, die sowohl Haltbarkeit als auch Langlebigkeit garantieren, erg\u00e4nzt durch robuste Bronze-Wasserendkappen, die ihre Zuverl\u00e4ssigkeit erh\u00f6hen. Sie sind in der Lage, einen maximalen \u00d6ldruck von 20 bar und einen maximalen Wasserdruck von 16 bar zu withstand, wodurch sie sich hervorragend f\u00fcr anspruchsvolle Anwendungen eignen. Dar\u00fcber hinaus sind sie f\u00fcr den effizienten Betrieb bei Temperaturen von bis zu 120 \u00b0C ausgelegt, was eine optimale Leistung unter verschiedenen Bedingungen gew\u00e4hrleistet.<\/p>\n","protected":false},"excerpt":{"rendered":"<p>Bowman EC100-3249-2 &#8211; Die Bowman EC-\u00d6lk\u00fchler sind sorgf\u00e4ltig f\u00fcr den Einsatz in Getrieben, Schmieranlagen und einer Vielzahl von W\u00e4rme\u00fcbertragungsfl\u00fcssigkeiten entwickelt.<\/p>\n","protected":false},"featured_media":5943603,"comment_status":"open","ping_status":"closed","template":"","meta":[],"product_brand":[2845],"product_cat":[1503],"product_tag":[],"class_list":{"0":"post-735543","1":"product","2":"type-product","3":"status-publish","4":"has-post-thumbnail","6":"product_brand-bowman-de","7":"product_cat-waermetauscher-und-oelkuehler","9":"first","10":"instock","11":"shipping-taxable","12":"purchasable","13":"product-type-simple"},"_links":{"self":[{"href":"https:\/\/stoic-curie.212-227-153-4.plesk.page\/de\/wp-json\/wp\/v2\/product\/735543","targetHints":{"allow":["GET"]}}],"collection":[{"href":"https:\/\/stoic-curie.212-227-153-4.plesk.page\/de\/wp-json\/wp\/v2\/product"}],"about":[{"href":"https:\/\/stoic-curie.212-227-153-4.plesk.page\/de\/wp-json\/wp\/v2\/types\/product"}],"replies":[{"embeddable":true,"href":"https:\/\/stoic-curie.212-227-153-4.plesk.page\/de\/wp-json\/wp\/v2\/comments?post=735543"}],"version-history":[{"count":0,"href":"https:\/\/stoic-curie.212-227-153-4.plesk.page\/de\/wp-json\/wp\/v2\/product\/735543\/revisions"}],"wp:featuredmedia":[{"embeddable":true,"href":"https:\/\/stoic-curie.212-227-153-4.plesk.page\/de\/wp-json\/wp\/v2\/media\/5943603"}],"wp:attachment":[{"href":"https:\/\/stoic-curie.212-227-153-4.plesk.page\/de\/wp-json\/wp\/v2\/media?parent=735543"}],"wp:term":[{"taxonomy":"product_brand","embeddable":true,"href":"https:\/\/stoic-curie.212-227-153-4.plesk.page\/de\/wp-json\/wp\/v2\/product_brand?post=735543"},{"taxonomy":"product_cat","embeddable":true,"href":"https:\/\/stoic-curie.212-227-153-4.plesk.page\/de\/wp-json\/wp\/v2\/product_cat?post=735543"},{"taxonomy":"product_tag","embeddable":true,"href":"https:\/\/stoic-curie.212-227-153-4.plesk.page\/de\/wp-json\/wp\/v2\/product_tag?post=735543"}],"curies":[{"name":"wp","href":"https:\/\/api.w.org\/{rel}","templated":true}]}}