{"id":735549,"date":"2025-03-03T16:28:28","date_gmt":"2025-03-03T15:28:28","guid":{"rendered":"https:\/\/stoic-curie.212-227-153-4.plesk.page\/producto\/fendress-fenderbezug-a5-blau-royal\/"},"modified":"2026-02-24T23:35:02","modified_gmt":"2026-02-24T23:35:02","slug":"fendress-fenderbezug-a5-blau-royal","status":"publish","type":"product","link":"https:\/\/stoic-curie.212-227-153-4.plesk.page\/de\/product\/fendress-fenderbezug-a5-blau-royal\/","title":{"rendered":"Fendress Fenderbezug A5 Blau Royal"},"content":{"rendered":"<p>Fendress Fenderbezug A5 Blau Royal &#8211; <\/p>\n<p>Pl\u00fcsch-Fleece handgefertigte Fendress Fenderabdeckungen. Premium-Schutz f\u00fcr Ihre Fender und Eliminierung von Fenderquietschen und Schrammen. Weich und dennoch robust, sch\u00fctzen diese Fenderabdeckungen effizient Ihren Gel-Coat und verl\u00e4ngern die Lebensdauer Ihrer Fender. <\/p>\n<p>\u2022 \u201cFendress Covers\u201d sind 100% Acryl, handgefertigte Premium-Qualit\u00e4t, widerstandsf\u00e4hig und nicht-abrasiv gestrickt. Weiche, pl\u00fcschige Fleece-Fenderabdeckungen bieten den ultimativen Schutz f\u00fcr Ihre Oberseite. <br \/>\u2022 \u201cFendress Covers\u201d sind UV- und salzwasserbest\u00e4ndig und sch\u00fctzen effizient Ihren Gel-Coat vor Schrammen und Abrieb. Der strapazierf\u00e4hige Fleece-Stoff vereint die besten Eigenschaften, darunter Rei\u00df- und Abriebfestigkeit, schnelles Trocknen und einfache Abnehmarkeit zur Reinigung.<br \/>\u2022 \u201cFendress Covers\u201d verl\u00e4ngern die Lebensdauer Ihrer Fender und beseitigen l\u00e4stiges Fenderquietschen. UV-best\u00e4ndige Farben hinterlassen keine Flecken auf Ihrer Oberseite. Maschinenwaschbar.<br \/>\u2022 \u201cFendress Covers\u201d verf\u00fcgen \u00fcber einen hochbelastbaren oberen Bereich und einen elastischen Saum f\u00fcr eine individuelle Passform f\u00fcr alle Fenderarten. Abdeckungen sind in 9 Farben erh\u00e4ltlich.<\/p>\n","protected":false},"excerpt":{"rendered":"<p>Fendress Fenderbezug A5 Blau Royal &#8211; Pl\u00fcsch-Fleece handgefertigte Fendress Fenderabdeckungen. Premium-Schutz f\u00fcr Ihre Fender und Eliminierung von Fenderquietschen und Schrammen.<\/p>\n","protected":false},"featured_media":2997522,"comment_status":"open","ping_status":"closed","template":"","meta":[],"product_brand":[2233,2935],"product_cat":[1564],"product_tag":[],"class_list":{"0":"post-735549","1":"product","2":"type-product","3":"status-publish","4":"has-post-thumbnail","6":"product_brand-fendress","7":"product_brand-fendress-de","8":"product_cat-fenderhuellen","10":"first","11":"instock","12":"shipping-taxable","13":"purchasable","14":"product-type-simple"},"_links":{"self":[{"href":"https:\/\/stoic-curie.212-227-153-4.plesk.page\/de\/wp-json\/wp\/v2\/product\/735549","targetHints":{"allow":["GET"]}}],"collection":[{"href":"https:\/\/stoic-curie.212-227-153-4.plesk.page\/de\/wp-json\/wp\/v2\/product"}],"about":[{"href":"https:\/\/stoic-curie.212-227-153-4.plesk.page\/de\/wp-json\/wp\/v2\/types\/product"}],"replies":[{"embeddable":true,"href":"https:\/\/stoic-curie.212-227-153-4.plesk.page\/de\/wp-json\/wp\/v2\/comments?post=735549"}],"version-history":[{"count":0,"href":"https:\/\/stoic-curie.212-227-153-4.plesk.page\/de\/wp-json\/wp\/v2\/product\/735549\/revisions"}],"wp:featuredmedia":[{"embeddable":true,"href":"https:\/\/stoic-curie.212-227-153-4.plesk.page\/de\/wp-json\/"}],"wp:attachment":[{"href":"https:\/\/stoic-curie.212-227-153-4.plesk.page\/de\/wp-json\/wp\/v2\/media?parent=735549"}],"wp:term":[{"taxonomy":"product_brand","embeddable":true,"href":"https:\/\/stoic-curie.212-227-153-4.plesk.page\/de\/wp-json\/wp\/v2\/product_brand?post=735549"},{"taxonomy":"product_cat","embeddable":true,"href":"https:\/\/stoic-curie.212-227-153-4.plesk.page\/de\/wp-json\/wp\/v2\/product_cat?post=735549"},{"taxonomy":"product_tag","embeddable":true,"href":"https:\/\/stoic-curie.212-227-153-4.plesk.page\/de\/wp-json\/wp\/v2\/product_tag?post=735549"}],"curies":[{"name":"wp","href":"https:\/\/api.w.org\/{rel}","templated":true}]}}