{"id":735552,"date":"2025-03-03T16:28:29","date_gmt":"2025-03-03T15:28:29","guid":{"rendered":"https:\/\/stoic-curie.212-227-153-4.plesk.page\/producto\/mz-funk-panel-auf-ab-kettenzaehler-12-24v\/"},"modified":"2026-02-24T23:35:02","modified_gmt":"2026-02-24T23:35:02","slug":"mz-funk-panel-auf-ab-kettenzaehler-12-24v","status":"publish","type":"product","link":"https:\/\/stoic-curie.212-227-153-4.plesk.page\/de\/product\/mz-funk-panel-auf-ab-kettenzaehler-12-24v\/","title":{"rendered":"Mz Funk-Panel Auf-Ab Kettenz\u00e4hler 12\/24V"},"content":{"rendered":"<p>Mz Funk-Panel Auf-Ab Kettenz\u00e4hler 12\/24V &#8211; <\/p>\n<p>Das Funksteuerungs-Panel f\u00fcr den Ankerwindlass-Kettenz\u00e4hler z\u00e4hlt die L\u00e4nge der abgelassenen Kette ohne Kabelbinder und erm\u00f6glicht somit maximale Bewegungsfreiheit w\u00e4hrend der Ankeroperationen. Einfach zu montieren mit direkter Verbindung zur Batterie. IP56 gesch\u00fctztes Geh\u00e4use. Abmessungen: 100 x 100 x 18 mm.<\/p>\n","protected":false},"excerpt":{"rendered":"<p>Mz Funk-Panel Auf-Ab Kettenz\u00e4hler 12\/24V &#8211; Das Funksteuerungs-Panel f\u00fcr den Ankerwindlass-Kettenz\u00e4hler z\u00e4hlt die L\u00e4nge der abgelassenen Kette ohne Kabelbinder und<\/p>\n","protected":false},"featured_media":5940846,"comment_status":"open","ping_status":"closed","template":"","meta":[],"product_brand":[3160],"product_cat":[1324],"product_tag":[],"class_list":{"0":"post-735552","1":"product","2":"type-product","3":"status-publish","4":"has-post-thumbnail","6":"product_brand-mz-electronic-de","7":"product_cat-ankerwinden-quick","9":"first","10":"instock","11":"shipping-taxable","12":"purchasable","13":"product-type-simple"},"_links":{"self":[{"href":"https:\/\/stoic-curie.212-227-153-4.plesk.page\/de\/wp-json\/wp\/v2\/product\/735552","targetHints":{"allow":["GET"]}}],"collection":[{"href":"https:\/\/stoic-curie.212-227-153-4.plesk.page\/de\/wp-json\/wp\/v2\/product"}],"about":[{"href":"https:\/\/stoic-curie.212-227-153-4.plesk.page\/de\/wp-json\/wp\/v2\/types\/product"}],"replies":[{"embeddable":true,"href":"https:\/\/stoic-curie.212-227-153-4.plesk.page\/de\/wp-json\/wp\/v2\/comments?post=735552"}],"version-history":[{"count":0,"href":"https:\/\/stoic-curie.212-227-153-4.plesk.page\/de\/wp-json\/wp\/v2\/product\/735552\/revisions"}],"wp:featuredmedia":[{"embeddable":true,"href":"https:\/\/stoic-curie.212-227-153-4.plesk.page\/de\/wp-json\/wp\/v2\/media\/5940846"}],"wp:attachment":[{"href":"https:\/\/stoic-curie.212-227-153-4.plesk.page\/de\/wp-json\/wp\/v2\/media?parent=735552"}],"wp:term":[{"taxonomy":"product_brand","embeddable":true,"href":"https:\/\/stoic-curie.212-227-153-4.plesk.page\/de\/wp-json\/wp\/v2\/product_brand?post=735552"},{"taxonomy":"product_cat","embeddable":true,"href":"https:\/\/stoic-curie.212-227-153-4.plesk.page\/de\/wp-json\/wp\/v2\/product_cat?post=735552"},{"taxonomy":"product_tag","embeddable":true,"href":"https:\/\/stoic-curie.212-227-153-4.plesk.page\/de\/wp-json\/wp\/v2\/product_tag?post=735552"}],"curies":[{"name":"wp","href":"https:\/\/api.w.org\/{rel}","templated":true}]}}