{"id":735553,"date":"2025-03-03T16:28:29","date_gmt":"2025-03-03T15:28:29","guid":{"rendered":"https:\/\/stoic-curie.212-227-153-4.plesk.page\/producto\/paguro-3-sy-marinegenerator-3-kw\/"},"modified":"2026-02-24T23:35:02","modified_gmt":"2026-02-24T23:35:02","slug":"paguro-3-sy-marinegenerator-3-kw","status":"publish","type":"product","link":"https:\/\/stoic-curie.212-227-153-4.plesk.page\/de\/product\/paguro-3-sy-marinegenerator-3-kw\/","title":{"rendered":"Paguro 3 SY Marinegenerator 3 kW"},"content":{"rendered":"<p>Paguro 3 SY Marinegenerator 3 kW &#8211; <\/p>\n<p>Der Paguro Generator wird von einem Yanmar-Diesel-Generator mit wassergek\u00fchltem Alternator betrieben. B\u00fcrstenloser und synchroner Alternator. Ideal f\u00fcr Anwendungen, die einen hohen Startstrom erfordern. Marinisierte Komponenten und schallged\u00e4mmtes Glasfasergeh\u00e4use. Komplett mit Fernbedienung mit 15 m Kabel, Stundenz\u00e4hler, automatischem Not-\/Fehlerstopp und Anti- Vibrations-Montage-Kit.<\/p>\n<p><strong>PAGURO 3 SY \u2013 3 KVA 3 KW<\/strong><\/p>\n<p>Der PAGURO 3 SY Generator ist ein bemerkenswertes Ger\u00e4t, das speziell f\u00fcr maritime Anwendungen entwickelt wurde und von einem zuverl\u00e4ssigen Yanmar-Motor mit einem wassergek\u00fchlten Alternator angetrieben wird. Dieser Generator geh\u00f6rt zu den leisesten Optionen auf dem maritimen Markt, was ihn zur idealen Wahl f\u00fcr Bootsbesitzer macht, die Ruhe und Frieden auf dem Wasser sch\u00e4tzen. Eine der herausragenden Eigenschaften des PAGURO 3 SY ist sein innovatives Doppelschockabsorbersystem, das Vibrationen w\u00e4hrend des Betriebs erheblich minimiert. Diese Funktion verbessert nicht nur das Gesamterlebnis des Benutzers, sondern sorgt auch f\u00fcr einen reibungsloseren und stabileren Betrieb, der f\u00fcr den Komfort an Bord unerl\u00e4sslich ist.<\/p>\n<p>Bei der Konstruktion sind alle Komponenten, die mit Meerwasser in Kontakt kommen, sorgf\u00e4ltig aus rostfreiem Stahl 316 L gefertigt. Diese Materialwahl ist entscheidend, da sie au\u00dfergew\u00f6hnliche Haltbarkeit und Korrosionsbest\u00e4ndigkeit bietet, sodass der Generator im Laufe der Zeit den rauen maritimen Bedingungen standhalten kann.<\/p>\n<p><strong>Alternator<\/strong><\/p>\n<p>Der Alternator des PAGURO 3 SY ist in einer synchronen, b\u00fcrstenlosen Konfiguration mit Kondensatorregelung ausgelegt. Dieses Design ist besonders vorteilhaft, da es die Effizienz und Zuverl\u00e4ssigkeit erh\u00f6ht. Der Alternator wird durch einen Wasserjacken aus rostfreiem Stahl AISI 316 L wassergek\u00fchlt, was zur Langlebigkeit beitr\u00e4gt. Au\u00dferdem verf\u00fcgt er \u00fcber ein separates Batterieladeger\u00e4t f\u00fcr die Starterbatterie, das mit 12 V und 8 A bewertet ist und unter Isolationsklasse H klassifiziert ist, was optimale Leistung und Sicherheit gew\u00e4hrleistet.<\/p>\n<p><strong>Motor<\/strong><\/p>\n<p>Dieser Generator l\u00e4uft mit Diesel und wird von einem Einzylinder-Motor angetrieben. Er nutzt ein Viertakt-System, das f\u00fcr seine Effizienz und Zuverl\u00e4ssigkeit bekannt ist. Der Motor ist mit einem W\u00e4rmetauscher ausgestattet, der W\u00e4rme effektiv von Wasser auf Luft \u00fcbertr\u00e4gt; dieses Bauteil ist ebenfalls aus hochwertigem rostfreiem Stahl gefertigt, um Haltbarkeit und Leistung sicherzustellen.<\/p>\n<p><strong>Schalld\u00e4mpfende Kapsel<\/strong><\/p>\n<p>Die schalld\u00e4mpfende Kapsel des PAGURO 3 SY besteht aus mehrschichtigem GFK, einem hochdichten schallabsorbierenden Material, das die Ger\u00e4uschpegel erheblich reduziert. Sie ist mit w\u00e4rmeisolierendem Schaum ausgekleidet, der nicht nur die Schalld\u00e4mmung unterst\u00fctzt, sondern auch dabei hilft, optimale Betriebstemperaturen aufrechtzuerhalten. Das Design der Kapsel ist besonders benutzerfreundlich, da sie aus zwei H\u00e4lften besteht, die einen einfachen Zugang w\u00e4hrend des Service, auch in beengten R\u00e4umen, erm\u00f6glichen. Dar\u00fcber hinaus umfasst das doppelte Anti-Vibrationssystem vier interne weiche Schockabsorber und vier filmgefangene Motorhalterungen, die sich au\u00dferhalb der Kapsel befinden. Dieses ausgekl\u00fcgelte Design verbessert weiter die Stabilit\u00e4t und Ger\u00e4uschreduzierung des Generators, sodass er eine hervorragende Wahl f\u00fcr anspruchsvolle Bootsbesitzer ist, die Zuverl\u00e4ssigkeit und Leistung bei ihrem maritimen Equipment suchen.<\/p>\n","protected":false},"excerpt":{"rendered":"<p>Paguro 3 SY Marinegenerator 3 kW &#8211; Der Paguro Generator wird von einem Yanmar-Diesel-Generator mit wassergek\u00fchltem Alternator betrieben. B\u00fcrstenloser und<\/p>\n","protected":false},"featured_media":5943606,"comment_status":"open","ping_status":"closed","template":"","meta":[],"product_brand":[3240],"product_cat":[1441],"product_tag":[],"class_list":{"0":"post-735553","1":"product","2":"type-product","3":"status-publish","4":"has-post-thumbnail","6":"product_brand-paguro-de","7":"product_cat-marine-generatoren","9":"first","10":"instock","11":"shipping-taxable","12":"purchasable","13":"product-type-simple"},"_links":{"self":[{"href":"https:\/\/stoic-curie.212-227-153-4.plesk.page\/de\/wp-json\/wp\/v2\/product\/735553","targetHints":{"allow":["GET"]}}],"collection":[{"href":"https:\/\/stoic-curie.212-227-153-4.plesk.page\/de\/wp-json\/wp\/v2\/product"}],"about":[{"href":"https:\/\/stoic-curie.212-227-153-4.plesk.page\/de\/wp-json\/wp\/v2\/types\/product"}],"replies":[{"embeddable":true,"href":"https:\/\/stoic-curie.212-227-153-4.plesk.page\/de\/wp-json\/wp\/v2\/comments?post=735553"}],"version-history":[{"count":0,"href":"https:\/\/stoic-curie.212-227-153-4.plesk.page\/de\/wp-json\/wp\/v2\/product\/735553\/revisions"}],"wp:featuredmedia":[{"embeddable":true,"href":"https:\/\/stoic-curie.212-227-153-4.plesk.page\/de\/wp-json\/wp\/v2\/media\/5943606"}],"wp:attachment":[{"href":"https:\/\/stoic-curie.212-227-153-4.plesk.page\/de\/wp-json\/wp\/v2\/media?parent=735553"}],"wp:term":[{"taxonomy":"product_brand","embeddable":true,"href":"https:\/\/stoic-curie.212-227-153-4.plesk.page\/de\/wp-json\/wp\/v2\/product_brand?post=735553"},{"taxonomy":"product_cat","embeddable":true,"href":"https:\/\/stoic-curie.212-227-153-4.plesk.page\/de\/wp-json\/wp\/v2\/product_cat?post=735553"},{"taxonomy":"product_tag","embeddable":true,"href":"https:\/\/stoic-curie.212-227-153-4.plesk.page\/de\/wp-json\/wp\/v2\/product_tag?post=735553"}],"curies":[{"name":"wp","href":"https:\/\/api.w.org\/{rel}","templated":true}]}}