{"id":735555,"date":"2025-03-03T16:28:29","date_gmt":"2025-03-03T15:28:29","guid":{"rendered":"https:\/\/stoic-curie.212-227-153-4.plesk.page\/producto\/paguro-6000-marinegenerator-5-kw\/"},"modified":"2026-02-24T23:35:02","modified_gmt":"2026-02-24T23:35:02","slug":"paguro-6000-marinegenerator-5-kw","status":"publish","type":"product","link":"https:\/\/stoic-curie.212-227-153-4.plesk.page\/de\/product\/paguro-6000-marinegenerator-5-kw\/","title":{"rendered":"Paguro 6000 Marinegenerator 5 kW"},"content":{"rendered":"<p>Paguro 6000 Marinegenerator 5 kW &#8211; Das VTE Paguro 6000 Marine-Generator ist ein bemerkenswertes Ingenieurst\u00fcck, das von einem robusten Lombardini 2-Zylinder-Motor angetrieben wird. Dieses Generator bietet eine ideale Balance zwischen hoher Leistungsabgabe, kompaktem Design und bemerkenswert leiser Betriebsweise, was es zu einer ausgezeichneten Wahl f\u00fcr Bootsbesitzer macht, die Zuverl\u00e4ssigkeit und Effizienz suchen. Jede Einheit wird aus hochwertigen Materialien von erfahrenen Technikern sorgf\u00e4ltig gefertigt, um die h\u00f6chsten Standards f\u00fcr Haltbarkeit und Zuverl\u00e4ssigkeit zu gew\u00e4hrleisten. Alle Komponenten, die mit Rohwasser in Kontakt kommen, sind aus AISI 316 L Edelstahl gefertigt, der au\u00dfergew\u00f6hnlichen Korrosionsbest\u00e4ndigkeit bietet &#8211; ein wesentliches Merkmal f\u00fcr marine Umgebungen, in denen der Kontakt mit salzwassern unvermeidlich ist. Die Standardgarantie f\u00fcr den VTE Paguro 6000 betr\u00e4gt zwei Jahre ab Kaufdatum, was den Kunden Sicherheit gibt. Au\u00dferdem ist eine 50 Hz-Option erh\u00e4ltlich. Der Generator ist mit einem digitalen Fernbedienungspanel, einem 15 Meter langen Kabel und einem Schallschutz ausgestattet, was die Benutzerfreundlichkeit und den Komfort erh\u00f6ht. VOLPI TECNO ENERGIA (VTE) hat sich mit seinen marinen Generatoren als Ma\u00dfstab auf dem Markt etabliert, dank ihrer optimalen Leistung, niedrigen Ger\u00e4uschpegel und kompakten Bauweise, macht sie zur bevorzugten Wahl unter Bootsbegeisterten. Die PAGURO-Reihe ist umfangreich und deckt verschiedene Leistungs- und Performancebed\u00fcrfnisse f\u00fcr Yachten und Motorboote ab. Diese Vielseitigkeit sorgt daf\u00fcr, dass es f\u00fcr jeden Bootsfahrer, ob Gelegenheits- oder Profi-Segler, den passenden Paguro-Generator gibt. Eines der herausragenden Merkmale des VTE Paguro 6000 ist sein bemerkenswert leiser Betrieb. Sowohl der Motor als auch der Generator des Paguro sind wassergek\u00fchlt, wodurch die Notwendigkeit f\u00fcr Luftstrom durch die Kapsel zur K\u00fchlung entf\u00e4llt. Dieses innovative Design reduziert die Ger\u00e4uschentwicklung erheblich und erm\u00f6glicht eine friedlichere Erfahrung an Bord. Luft f\u00fcr die Verbrennung tritt durch kleine \u00d6ffnungen an der Basis ein, die speziell so gestaltet sind, dass sie den Ger\u00e4uschpegel minimieren, und sicherstellen, dass der Generator leise arbeitet, ohne die Leistung zu beeintr\u00e4chtigen. Die schalldichte Kapsel ist aus mehrschichtigem verst\u00e4rktem Glasfasermaterial gefertigt, das mit hochdichtem schalld\u00e4mpfendem Schaumstoff ausgekleidet ist und maximale Schallisolierung gew\u00e4hrleistet. Diese durchdachte Design\u00fcberlegung erm\u00f6glicht es Bootsbesitzern, ihre Zeit auf dem Wasser zu genie\u00dfen, ohne die st\u00f6renden Ger\u00e4usche, die oft mit herk\u00f6mmlichen Generatoren verbunden sind. Neben seinem leisen Betrieb verf\u00fcgt der VTE Paguro 6000 \u00fcber ein doppeltes Antivibrationssystem, das das Nutzungserlebnis weiter verbessert. Dieses System umfasst vier weiche Sto\u00dfd\u00e4mpfer-Montagen innerhalb der Kapsel und vier feste Motoraufh\u00e4ngungen au\u00dfen, was effektiv den L\u00e4rm und die Vibrationen \u00fcber ein breites Frequenzspektrum reduziert. Das bedeutet, dass nicht nur der Generator leise ist, sondern auch reibungslos funktioniert, wodurch St\u00f6rungen minimiert werden, die das Vergn\u00fcgen auf dem Wasser beeintr\u00e4chtigen k\u00f6nnten. Jedes Produkt in der Paguro-Reihe ist durchdacht gestaltet und hergestellt, oft mit ma\u00dfgeschneiderten Komponenten, um die Gr\u00f6\u00dfe des Generators zu minimieren, w\u00e4hrend die Leistung maximiert und der Ger\u00e4uschpegel minimiert wird. In Anbetracht des begrenzten Platzes auf modernen Booten erm\u00f6glicht der Paguro-Generator mehr Yachten, von der Generatorleistung zu profitieren als je zuvor. Sein kompaktes und leichtes Design macht ihn zur idealen Wahl f\u00fcr Bootsbesitzer, die auf Platz- und Gewichtsbeschr\u00e4nkungen achten, und stellt sicher, dass sie die Vorteile einer zuverl\u00e4ssigen Energiequelle genie\u00dfen k\u00f6nnen, ohne die Leistung oder Handhabung ihres Fahrzeugs zu beeintr\u00e4chtigen. Sicherheit hat oberste Priorit\u00e4t, wenn es um marine Ausr\u00fcstung geht, und alle Paguro-Generatoren sind mit wesentlichen Sicherheitsmerkmalen ausgestattet. Dazu geh\u00f6ren \u00dcberhitzungs- und Niedrig\u00f6l-Schutzsysteme, die \u00fcber eine automatische Abschaltung und Warnblinkanlagen verf\u00fcgen, um Benutzer auf m\u00f6gliche Probleme hinzuweisen. Das Fernbedienungspanel enth\u00e4lt einen einzigartigen Echtzeit-LED-Leistungsmonitor, mit dem Sie Ihre Stromnutzung auf einen Blick verfolgen k\u00f6nnen. Diese Funktion ist besonders n\u00fctzlich f\u00fcr Bootsbesitzer, die ihren Energieverbrauch effektiv verwalten m\u00fcssen, w\u00e4hrend sie auf dem Wasser sind. F\u00fcr weitere Details zum VTE Paguro 6000 verweisen wir auf den Anhang weiter unten, wo Sie zus\u00e4tzliche Dokumentationen und Spezifikationen finden k\u00f6nnen, die Ihnen bei Ihrer Entscheidungsfindung helfen k\u00f6nnen.<\/p>\n","protected":false},"excerpt":{"rendered":"<p>Paguro 6000 Marinegenerator 5 kW &#8211; Das VTE Paguro 6000 Marine-Generator ist ein bemerkenswertes Ingenieurst\u00fcck, das von einem robusten Lombardini<\/p>\n","protected":false},"featured_media":5943610,"comment_status":"open","ping_status":"closed","template":"","meta":[],"product_brand":[3240],"product_cat":[1441],"product_tag":[],"class_list":{"0":"post-735555","1":"product","2":"type-product","3":"status-publish","4":"has-post-thumbnail","6":"product_brand-paguro-de","7":"product_cat-marine-generatoren","9":"first","10":"instock","11":"shipping-taxable","12":"purchasable","13":"product-type-simple"},"_links":{"self":[{"href":"https:\/\/stoic-curie.212-227-153-4.plesk.page\/de\/wp-json\/wp\/v2\/product\/735555","targetHints":{"allow":["GET"]}}],"collection":[{"href":"https:\/\/stoic-curie.212-227-153-4.plesk.page\/de\/wp-json\/wp\/v2\/product"}],"about":[{"href":"https:\/\/stoic-curie.212-227-153-4.plesk.page\/de\/wp-json\/wp\/v2\/types\/product"}],"replies":[{"embeddable":true,"href":"https:\/\/stoic-curie.212-227-153-4.plesk.page\/de\/wp-json\/wp\/v2\/comments?post=735555"}],"version-history":[{"count":0,"href":"https:\/\/stoic-curie.212-227-153-4.plesk.page\/de\/wp-json\/wp\/v2\/product\/735555\/revisions"}],"wp:featuredmedia":[{"embeddable":true,"href":"https:\/\/stoic-curie.212-227-153-4.plesk.page\/de\/wp-json\/wp\/v2\/media\/5943610"}],"wp:attachment":[{"href":"https:\/\/stoic-curie.212-227-153-4.plesk.page\/de\/wp-json\/wp\/v2\/media?parent=735555"}],"wp:term":[{"taxonomy":"product_brand","embeddable":true,"href":"https:\/\/stoic-curie.212-227-153-4.plesk.page\/de\/wp-json\/wp\/v2\/product_brand?post=735555"},{"taxonomy":"product_cat","embeddable":true,"href":"https:\/\/stoic-curie.212-227-153-4.plesk.page\/de\/wp-json\/wp\/v2\/product_cat?post=735555"},{"taxonomy":"product_tag","embeddable":true,"href":"https:\/\/stoic-curie.212-227-153-4.plesk.page\/de\/wp-json\/wp\/v2\/product_tag?post=735555"}],"curies":[{"name":"wp","href":"https:\/\/api.w.org\/{rel}","templated":true}]}}