{"id":735558,"date":"2025-03-03T16:28:30","date_gmt":"2025-03-03T15:28:30","guid":{"rendered":"https:\/\/stoic-curie.212-227-153-4.plesk.page\/producto\/led-leiste-quick-syria-warmweiss-3000-k-45w-406-x-24-x-h20\/"},"modified":"2026-02-24T23:35:02","modified_gmt":"2026-02-24T23:35:02","slug":"led-leiste-quick-syria-warmweiss-3000-k-45w-406-x-24-x-h20","status":"publish","type":"product","link":"https:\/\/stoic-curie.212-227-153-4.plesk.page\/de\/product\/led-leiste-quick-syria-warmweiss-3000-k-45w-406-x-24-x-h20\/","title":{"rendered":"LED-Leiste Quick Syria Warmwei\u00df 3000 K\u00b0 &#8211; 4,5W 406 x 24 x H20"},"content":{"rendered":"<p>LED-Leiste Quick Syria Warmwei\u00df 3000 K\u00b0 &#8211; 4,5W 406 x 24 x H20 &#8211; <\/p>\n<p>Verchromtes Aluminium IP40 LED-Bar f\u00fcr Innenr\u00e4ume, einstellbar mit Schalter, ideal zur Beleuchtung kleiner R\u00e4ume. Oberfl\u00e4chenmontage mit Schrauben. 10-15V Spannung mit LED, die vor Spannungsspitzen und Verpolung gesch\u00fctzt ist.<\/p>\n","protected":false},"excerpt":{"rendered":"<p>LED-Leiste Quick Syria Warmwei\u00df 3000 K\u00b0 &#8211; 4,5W 406 x 24 x H20 &#8211; Verchromtes Aluminium IP40 LED-Bar f\u00fcr Innenr\u00e4ume,<\/p>\n","protected":false},"featured_media":5940844,"comment_status":"open","ping_status":"closed","template":"","meta":[],"product_brand":[3280],"product_cat":[1452],"product_tag":[],"class_list":{"0":"post-735558","1":"product","2":"type-product","3":"status-publish","4":"has-post-thumbnail","6":"product_brand-quick-de","7":"product_cat-bootsbeleuchtung","9":"first","10":"instock","11":"shipping-taxable","12":"purchasable","13":"product-type-simple"},"_links":{"self":[{"href":"https:\/\/stoic-curie.212-227-153-4.plesk.page\/de\/wp-json\/wp\/v2\/product\/735558","targetHints":{"allow":["GET"]}}],"collection":[{"href":"https:\/\/stoic-curie.212-227-153-4.plesk.page\/de\/wp-json\/wp\/v2\/product"}],"about":[{"href":"https:\/\/stoic-curie.212-227-153-4.plesk.page\/de\/wp-json\/wp\/v2\/types\/product"}],"replies":[{"embeddable":true,"href":"https:\/\/stoic-curie.212-227-153-4.plesk.page\/de\/wp-json\/wp\/v2\/comments?post=735558"}],"version-history":[{"count":0,"href":"https:\/\/stoic-curie.212-227-153-4.plesk.page\/de\/wp-json\/wp\/v2\/product\/735558\/revisions"}],"wp:featuredmedia":[{"embeddable":true,"href":"https:\/\/stoic-curie.212-227-153-4.plesk.page\/de\/wp-json\/wp\/v2\/media\/5940844"}],"wp:attachment":[{"href":"https:\/\/stoic-curie.212-227-153-4.plesk.page\/de\/wp-json\/wp\/v2\/media?parent=735558"}],"wp:term":[{"taxonomy":"product_brand","embeddable":true,"href":"https:\/\/stoic-curie.212-227-153-4.plesk.page\/de\/wp-json\/wp\/v2\/product_brand?post=735558"},{"taxonomy":"product_cat","embeddable":true,"href":"https:\/\/stoic-curie.212-227-153-4.plesk.page\/de\/wp-json\/wp\/v2\/product_cat?post=735558"},{"taxonomy":"product_tag","embeddable":true,"href":"https:\/\/stoic-curie.212-227-153-4.plesk.page\/de\/wp-json\/wp\/v2\/product_tag?post=735558"}],"curies":[{"name":"wp","href":"https:\/\/api.w.org\/{rel}","templated":true}]}}