{"id":735559,"date":"2025-03-03T16:28:30","date_gmt":"2025-03-03T15:28:30","guid":{"rendered":"https:\/\/stoic-curie.212-227-153-4.plesk.page\/producto\/warmwasserboiler-quick-b360-60lt\/"},"modified":"2026-02-24T23:35:02","modified_gmt":"2026-02-24T23:35:02","slug":"warmwasserboiler-quick-b360-60lt","status":"publish","type":"product","link":"https:\/\/stoic-curie.212-227-153-4.plesk.page\/de\/product\/warmwasserboiler-quick-b360-60lt\/","title":{"rendered":"Warmwasserboiler Quick B3 60lt"},"content":{"rendered":"<p>Warmwasserboiler Quick B3 60lt &#8211; <\/p>\n<p style=\"color: rgb(34, 34, 34); font-family: Arial, Helvetica, sans-serif; font-size: small;\">Die Nautic Boiler-Wassererw\u00e4rmer sind speziell f\u00fcr maritime Umgebungen konzipiert. Sie sind mit einem elektrischen Heizelement von 1200W-220V ausgestattet, was sie ideal f\u00fcr den Einsatz am Dock oder mit einem Generator macht. Diese Heizger\u00e4te verf\u00fcgen au\u00dferdem \u00fcber einen einzigartigen umschlie\u00dfenden W\u00e4rme\u00fcbertrager, der W\u00e4rme aus dem K\u00fchlsystem des Motors aufnimmt.<\/p>\n<p style=\"color: rgb(34, 34, 34); font-family: Arial, Helvetica, sans-serif; font-size: small;\">Diese Boiler wurden entwickelt, um die Trinkwasserqualit\u00e4t aufrechtzuerhalten und beinhalten ein Opferanode zur Vermeidung von Elektrolyse. Das isolierte Geh\u00e4use besteht aus einem speziellen Verbundmaterial, w\u00e4hrend der Tank aus hochwertigem AISI 316-Edelstahl gefertigt ist. Jede Einheit wird durch eine dreij\u00e4hrige Garantie unterst\u00fctzt und sollte mit einem Wasser-Vormischer-Kit verwendet werden.<\/p>\n<p style=\"color: rgb(34, 34, 34); font-family: Arial, Helvetica, sans-serif; font-size: small;\">Die Boiler der Serie Quick B3 sind in verschiedenen Gr\u00f6\u00dfen erh\u00e4ltlich und verf\u00fcgen \u00fcber einen Tank aus hochwertigem Edelstahl mit einer Wandst\u00e4rke von 1,5 mm. Sie sind mit einer starken Schaumisolierung und einem langlebigen Kunststoffgeh\u00e4use ausgestattet. Jeder Boiler kommt mit einem Sicherheits-\/R\u00fcckflussventil und einem elektrischen Heizelement, mit Optionen f\u00fcr entweder 500 Watt oder 1200 Watt.<\/p>\n<p style=\"color: rgb(34, 34, 34); font-family: Arial, Helvetica, sans-serif; font-size: small;\">Das Quick-Modell B3 ist ein runder Wassererw\u00e4rmer, der ein Incoloy-Elektroheizelement verwendet, das mit einem einstellbaren Sicherheitsbi-Thermostat ausgestattet ist. Dieses Modell bietet einen W\u00e4rme\u00fcbertrager aus AISI 316L-Edelstahl, der eine Kapazit\u00e4t aufweist, die viele Wettbewerber \u00fcbertrifft. Der Innentank besteht aus AISI 316-Edelstahl mit einer Wandst\u00e4rke von 1,5 mm, der mit Argon-Schutzgas geschwei\u00dft ist, um die Korrosionsbest\u00e4ndigkeit zu verbessern. Die Au\u00dfenh\u00fclle besteht aus einem hochbest\u00e4ndigen Kunststoffverbundmaterial.<\/p>\n<p style=\"color: rgb(34, 34, 34); font-family: Arial, Helvetica, sans-serif; font-size: small;\">Die Einheit ist mit hochdichten Polyurethanschaum isoliert, der zwischen Abdeckung und Tank injiziert wird, um eine exzellente W\u00e4rmehaltung zu gew\u00e4hrleisten. Das B3-Modell umfasst auch verstellbare Metallhalterungen f\u00fcr eine flexible Montage in engen R\u00e4umen. Jede Einheit wird komplett mit dem Wassererw\u00e4rmer, Montagehalterungen und vier Messingbeschl\u00e4gen geliefert.<\/p>\n<p style=\"color: rgb(34, 34, 34); font-family: Arial, Helvetica, sans-serif; font-size: small;\">Wichtige Merkmale:<\/p>\n<ul style=\"color: rgb(34, 34, 34); font-family: Arial, Helvetica, sans-serif; font-size: small;\">\n<li>Erzeugt hei\u00dfes Wasser mit dem elektrischen Element, das \u00fcber einen einstellbaren Sicherheitsbi-Thermostat verf\u00fcgt<\/li>\n<li>W\u00e4rme\u00fcbertrager mit gro\u00dfer Oberfl\u00e4che f\u00fcr effizienten W\u00e4rme\u00fcbertrag<\/li>\n<li>Hergestellt aus hochwertigen Materialien<\/li>\n<li>Entlastungs-\/R\u00fcckflussventil f\u00fcr sicheres Wasserabflie\u00dfen, wenn es nicht in Gebrauch ist<\/li>\n<\/ul>\n<p style=\"color: rgb(34, 34, 34); font-family: Arial, Helvetica, sans-serif; font-size: small;\">Wassererw\u00e4rmer Quick B3 60lt:<\/p>\n<ul style=\"color: rgb(34, 34, 34); font-family: Arial, Helvetica, sans-serif; font-size: small;\">\n<li>Durchmesser: 400 MM<\/li>\n<li>Leistung des elektrischen Elements: 1200W (230 Volt)<\/li>\n<li>L\u00e4nge: 721 MM<\/li>\n<li>Form: Rund<\/li>\n<li>Tankinhalt: 60 L<\/li>\n<li>Gewicht: 14,6 KG<\/li>\n<\/ul>\n<p style=\"color: rgb(34, 34, 34); font-family: Arial, Helvetica, sans-serif; font-size: small;\">Verf\u00fcgbare Modelle:<\/p>\n<ul style=\"color: rgb(34, 34, 34); font-family: Arial, Helvetica, sans-serif; font-size: small;\">\n<li>B3 15<\/li>\n<li>B3 20<\/li>\n<li>B3 25<\/li>\n<li>B3 30<\/li>\n<li>B3 40<\/li>\n<li>B3 60<\/li>\n<li>B3 80<\/li>\n<\/ul>\n<p style=\"color: rgb(34, 34, 34); font-family: Arial, Helvetica, sans-serif; font-size: small;\">Spezifikationen:<\/p>\n<ul style=\"color: rgb(34, 34, 34); font-family: Arial, Helvetica, sans-serif; font-size: small;\">\n<li>Tankinhalt: 15L, 20L, 25L, 30L, 40L, 60L, 80L<\/li>\n<li>Tankmaterial: Edelstahl<\/li>\n<li>W\u00e4rmed\u00e4mmung: Polyurethanschaum<\/li>\n<li>\u00c4u\u00dferes Verkleidungsmaterial: Verbundmaterial<\/li>\n<li>Tankdruck (Betriebstest): 800 kPa<\/li>\n<li>Maximaler Betriebsdruck: 600 kPa<\/li>\n<li>Spannungsbewertung des elektrischen Elements: 220 Vac \u00b1 10% oder 110 Vac \u00b1 10%<\/li>\n<li>Leistung des elektrischen Elements: 500 W (Modell 05), 600 W (Modell 06), 1200 W (Modell 12)<\/li>\n<li>Austrittsdurchmesser: 1\/2\u201d<\/li>\n<li>Gewicht mit W\u00e4rme\u00fcbertrager: 15,4 lb, 17,9 lb, 18,7 lb, 23,1 lb, 25,8 lb, 32,2 lb, 39,2 lb<\/li>\n<\/ul>\n<p style=\"color: rgb(34, 34, 34); font-family: Arial, Helvetica, sans-serif; font-size: small;\">Diese detaillierte \u00dcbersicht hebt die Qualit\u00e4t und die Merkmale unserer Nautic Boiler-Wassererw\u00e4rmer hervor und stellt sicher, dass Sie alle Informationen haben, die Sie f\u00fcr eine informierte Entscheidung ben\u00f6tigen.<\/p>\n","protected":false},"excerpt":{"rendered":"<p>Warmwasserboiler Quick B3 60lt &#8211; Die Nautic Boiler-Wassererw\u00e4rmer sind speziell f\u00fcr maritime Umgebungen konzipiert. Sie sind mit einem elektrischen Heizelement<\/p>\n","protected":false},"featured_media":5938709,"comment_status":"open","ping_status":"closed","template":"","meta":[],"product_brand":[3280],"product_cat":[1364],"product_tag":[],"class_list":{"0":"post-735559","1":"product","2":"type-product","3":"status-publish","4":"has-post-thumbnail","6":"product_brand-quick-de","7":"product_cat-wasserboiler","9":"first","10":"instock","11":"shipping-taxable","12":"purchasable","13":"product-type-simple"},"_links":{"self":[{"href":"https:\/\/stoic-curie.212-227-153-4.plesk.page\/de\/wp-json\/wp\/v2\/product\/735559","targetHints":{"allow":["GET"]}}],"collection":[{"href":"https:\/\/stoic-curie.212-227-153-4.plesk.page\/de\/wp-json\/wp\/v2\/product"}],"about":[{"href":"https:\/\/stoic-curie.212-227-153-4.plesk.page\/de\/wp-json\/wp\/v2\/types\/product"}],"replies":[{"embeddable":true,"href":"https:\/\/stoic-curie.212-227-153-4.plesk.page\/de\/wp-json\/wp\/v2\/comments?post=735559"}],"version-history":[{"count":0,"href":"https:\/\/stoic-curie.212-227-153-4.plesk.page\/de\/wp-json\/wp\/v2\/product\/735559\/revisions"}],"wp:featuredmedia":[{"embeddable":true,"href":"https:\/\/stoic-curie.212-227-153-4.plesk.page\/de\/wp-json\/wp\/v2\/media\/5938709"}],"wp:attachment":[{"href":"https:\/\/stoic-curie.212-227-153-4.plesk.page\/de\/wp-json\/wp\/v2\/media?parent=735559"}],"wp:term":[{"taxonomy":"product_brand","embeddable":true,"href":"https:\/\/stoic-curie.212-227-153-4.plesk.page\/de\/wp-json\/wp\/v2\/product_brand?post=735559"},{"taxonomy":"product_cat","embeddable":true,"href":"https:\/\/stoic-curie.212-227-153-4.plesk.page\/de\/wp-json\/wp\/v2\/product_cat?post=735559"},{"taxonomy":"product_tag","embeddable":true,"href":"https:\/\/stoic-curie.212-227-153-4.plesk.page\/de\/wp-json\/wp\/v2\/product_tag?post=735559"}],"curies":[{"name":"wp","href":"https:\/\/api.w.org\/{rel}","templated":true}]}}