{"id":735563,"date":"2025-03-03T16:28:31","date_gmt":"2025-03-03T15:28:31","guid":{"rendered":"https:\/\/stoic-curie.212-227-153-4.plesk.page\/producto\/edelstahl-einzelschaft-teleskopleiter-3-stufen-34-x-h87cm\/"},"modified":"2026-02-24T23:35:02","modified_gmt":"2026-02-24T23:35:02","slug":"edelstahl-einzelschaft-teleskopleiter-3-stufen-34-x-h87cm","status":"publish","type":"product","link":"https:\/\/stoic-curie.212-227-153-4.plesk.page\/de\/product\/edelstahl-einzelschaft-teleskopleiter-3-stufen-34-x-h87cm\/","title":{"rendered":"Edelstahl (Einzelschaft) Teleskopleiter 3 Stufen 34 x H87cm"},"content":{"rendered":"<p>Edelstahl (Einzelschaft) Teleskopleiter 3 Stufen 34 x H87cm &#8211; <\/p>\n<p>Teleskopierbare, faltbare, elektropolierte Edelstahlleitern. Einfaches Boarding f\u00fcr Schwimmer oder Taucher mit Flossen und schwerer Ausr\u00fcstung dank der zentralen Unterst\u00fctzung und den beidseitig freien Stufen.<\/p>\n","protected":false},"excerpt":{"rendered":"<p>Edelstahl (Einzelschaft) Teleskopleiter 3 Stufen 34 x H87cm &#8211; Teleskopierbare, faltbare, elektropolierte Edelstahlleitern. Einfaches Boarding f\u00fcr Schwimmer oder Taucher mit<\/p>\n","protected":false},"featured_media":5941046,"comment_status":"open","ping_status":"closed","template":"","meta":[],"product_brand":[3490],"product_cat":[1331],"product_tag":[],"class_list":{"0":"post-735563","1":"product","2":"type-product","3":"status-publish","4":"has-post-thumbnail","6":"product_brand-trem-de","7":"product_cat-bootsleitern","9":"first","10":"instock","11":"shipping-taxable","12":"purchasable","13":"product-type-simple"},"_links":{"self":[{"href":"https:\/\/stoic-curie.212-227-153-4.plesk.page\/de\/wp-json\/wp\/v2\/product\/735563","targetHints":{"allow":["GET"]}}],"collection":[{"href":"https:\/\/stoic-curie.212-227-153-4.plesk.page\/de\/wp-json\/wp\/v2\/product"}],"about":[{"href":"https:\/\/stoic-curie.212-227-153-4.plesk.page\/de\/wp-json\/wp\/v2\/types\/product"}],"replies":[{"embeddable":true,"href":"https:\/\/stoic-curie.212-227-153-4.plesk.page\/de\/wp-json\/wp\/v2\/comments?post=735563"}],"version-history":[{"count":0,"href":"https:\/\/stoic-curie.212-227-153-4.plesk.page\/de\/wp-json\/wp\/v2\/product\/735563\/revisions"}],"wp:featuredmedia":[{"embeddable":true,"href":"https:\/\/stoic-curie.212-227-153-4.plesk.page\/de\/wp-json\/wp\/v2\/media\/5941046"}],"wp:attachment":[{"href":"https:\/\/stoic-curie.212-227-153-4.plesk.page\/de\/wp-json\/wp\/v2\/media?parent=735563"}],"wp:term":[{"taxonomy":"product_brand","embeddable":true,"href":"https:\/\/stoic-curie.212-227-153-4.plesk.page\/de\/wp-json\/wp\/v2\/product_brand?post=735563"},{"taxonomy":"product_cat","embeddable":true,"href":"https:\/\/stoic-curie.212-227-153-4.plesk.page\/de\/wp-json\/wp\/v2\/product_cat?post=735563"},{"taxonomy":"product_tag","embeddable":true,"href":"https:\/\/stoic-curie.212-227-153-4.plesk.page\/de\/wp-json\/wp\/v2\/product_tag?post=735563"}],"curies":[{"name":"wp","href":"https:\/\/api.w.org\/{rel}","templated":true}]}}