{"id":735564,"date":"2025-03-03T16:28:31","date_gmt":"2025-03-03T15:28:31","guid":{"rendered":"https:\/\/stoic-curie.212-227-153-4.plesk.page\/producto\/universelle-pumpe-marco-up1-n-35-24v\/"},"modified":"2026-02-24T23:35:02","modified_gmt":"2026-02-24T23:35:02","slug":"universelle-pumpe-marco-up1-n-35-24v","status":"publish","type":"product","link":"https:\/\/stoic-curie.212-227-153-4.plesk.page\/de\/product\/universelle-pumpe-marco-up1-n-35-24v\/","title":{"rendered":"Universelle Pumpe Marco Up1-n-35 24V"},"content":{"rendered":"<p>Universelle Pumpe Marco Up1-n-35 24V &#8211; <\/p>\n<p>Selbstansaugende Pumpen mit Nitril-Impeller und verchromtem Messingkopf von Marco UP1. Wetterfeste Geh\u00e4use und wasserdichter Kabelverschluss. Ideal zum Pumpen von S\u00fc\u00dfwasser, Salzwasser und Bilgewasser.<\/p>\n","protected":false},"excerpt":{"rendered":"<p>Universelle Pumpe Marco Up1-n-35 24V &#8211; Selbstansaugende Pumpen mit Nitril-Impeller und verchromtem Messingkopf von Marco UP1. Wetterfeste Geh\u00e4use und wasserdichter<\/p>\n","protected":false},"featured_media":5941054,"comment_status":"open","ping_status":"closed","template":"","meta":[],"product_brand":[3095],"product_cat":[1372,1384],"product_tag":[],"class_list":{"0":"post-735564","1":"product","2":"type-product","3":"status-publish","4":"has-post-thumbnail","6":"product_brand-marco-de","7":"product_cat-elektrische-bilgepumpen","8":"product_cat-wasserkreislaufpumpen","10":"first","11":"instock","12":"shipping-taxable","13":"purchasable","14":"product-type-simple"},"_links":{"self":[{"href":"https:\/\/stoic-curie.212-227-153-4.plesk.page\/de\/wp-json\/wp\/v2\/product\/735564","targetHints":{"allow":["GET"]}}],"collection":[{"href":"https:\/\/stoic-curie.212-227-153-4.plesk.page\/de\/wp-json\/wp\/v2\/product"}],"about":[{"href":"https:\/\/stoic-curie.212-227-153-4.plesk.page\/de\/wp-json\/wp\/v2\/types\/product"}],"replies":[{"embeddable":true,"href":"https:\/\/stoic-curie.212-227-153-4.plesk.page\/de\/wp-json\/wp\/v2\/comments?post=735564"}],"version-history":[{"count":0,"href":"https:\/\/stoic-curie.212-227-153-4.plesk.page\/de\/wp-json\/wp\/v2\/product\/735564\/revisions"}],"wp:featuredmedia":[{"embeddable":true,"href":"https:\/\/stoic-curie.212-227-153-4.plesk.page\/de\/wp-json\/wp\/v2\/media\/5941054"}],"wp:attachment":[{"href":"https:\/\/stoic-curie.212-227-153-4.plesk.page\/de\/wp-json\/wp\/v2\/media?parent=735564"}],"wp:term":[{"taxonomy":"product_brand","embeddable":true,"href":"https:\/\/stoic-curie.212-227-153-4.plesk.page\/de\/wp-json\/wp\/v2\/product_brand?post=735564"},{"taxonomy":"product_cat","embeddable":true,"href":"https:\/\/stoic-curie.212-227-153-4.plesk.page\/de\/wp-json\/wp\/v2\/product_cat?post=735564"},{"taxonomy":"product_tag","embeddable":true,"href":"https:\/\/stoic-curie.212-227-153-4.plesk.page\/de\/wp-json\/wp\/v2\/product_tag?post=735564"}],"curies":[{"name":"wp","href":"https:\/\/api.w.org\/{rel}","templated":true}]}}