{"id":735575,"date":"2025-03-03T16:28:33","date_gmt":"2025-03-03T15:28:33","guid":{"rendered":"https:\/\/stoic-curie.212-227-153-4.plesk.page\/producto\/ankerwinde-quick-prince-dp3-1500w-d-mit-trommel-24v-10mm-kette\/"},"modified":"2026-02-24T23:35:02","modified_gmt":"2026-02-24T23:35:02","slug":"ankerwinde-quick-prince-dp3-1500w-d-mit-trommel-24v-10mm-kette","status":"publish","type":"product","link":"https:\/\/stoic-curie.212-227-153-4.plesk.page\/de\/product\/ankerwinde-quick-prince-dp3-1500w-d-mit-trommel-24v-10mm-kette\/","title":{"rendered":"Ankerwinde Quick Prince DP3 1500W-D mit Trommel- 24V &#8211; 10mm Kette"},"content":{"rendered":"<p>Ankerwinde Quick Prince DP3 1500W-D mit Trommel- 24V &#8211; 10mm Kette &#8211; <\/p>\n<p style=\"color: rgb(34, 34, 34); font-family: Arial, Helvetica, sans-serif; font-size: small;\">Der Prince DP3 1524D Vertikal-Windlass ist ein anspruchsvoller frei fallender Anker-Windlass, der aus strapazierf\u00e4higen Bronze- und Edelstahlkomponenten besteht. Dieses Modell verf\u00fcgt \u00fcber einen Kettenz\u00e4hler-Sensor und ein manuelles Freifall-Kettensystem, das eine einfache Handhabung gew\u00e4hrleistet. Er ist mit einem Notfall-Handlift-System und einem Druckhebel f\u00fcr zus\u00e4tzliche Sicherheit ausgestattet. Der Windlass wird mit einer Steuerbox und einem Griff geliefert, und seine robuste Konstruktion umfasst eine Edelstahlbasis und ein Geh\u00e4use sowie einen wasserdichten Motor mit IP67-Zertifizierung.<\/p>\n<p style=\"color: rgb(34, 34, 34); font-family: Arial, Helvetica, sans-serif; font-size: small;\">Der Windlass verf\u00fcgt \u00fcber eine Edelstahlbasis 316, die ein integriertes Kettenrohr enth\u00e4lt. Er ist mit einer Seil\/Ketten-Gypsy ausgestattet, die mit einem Kettenz\u00e4hler-Sensor versehen ist. Die Einheit wird mit einer Relaisbox und einer Gypsy geliefert, die mit oder ohne Trommel bereitgestellt werden kann. Der Motor ist ebenfalls IP67-zertifiziert f\u00fcr wasserdichten Schutz.<\/p>\n<p style=\"color: rgb(34, 34, 34); font-family: Arial, Helvetica, sans-serif; font-size: small;\">Der Prince DP3 1524D ist f\u00fcr Boote von 12 bis 15 Metern (39 bis 49 Fu\u00df) L\u00e4nge geeignet.<\/p>\n<p style=\"color: rgb(34, 34, 34); font-family: Arial, Helvetica, sans-serif; font-size: small;\">Technische Daten umfassen:<\/p>\n<ul style=\"color: rgb(34, 34, 34); font-family: Arial, Helvetica, sans-serif; font-size: small;\">\n<li>Trommel: Ja<\/li>\n<li>Motorleistung: 1500 W<\/li>\n<li>Eingangsspannung: 24 V<\/li>\n<li>Maximale Zugkraft: 1100 kg<\/li>\n<li>Maximale Arbeitslast: 540 kg<\/li>\n<li>Arbeitslast: 180 kg<\/li>\n<li>Kettengeschwindigkeit bei Arbeitslast: 19 m\/min<\/li>\n<li>Stromaufnahme bei Arbeitslast: 85 A<\/li>\n<li>Deckst\u00e4rke: 30-50 mm<\/li>\n<li>Gewicht: 21,4 kg<\/li>\n<li>Gypsy-Gr\u00f6\u00dfe: 10 mm<\/li>\n<\/ul>\n<p style=\"color: rgb(34, 34, 34); font-family: Arial, Helvetica, sans-serif; font-size: small;\">Dieser Windlass verbindet Zuverl\u00e4ssigkeit und Leistung und ist eine ausgezeichnete Wahl f\u00fcr Bootsbesitzer, die hochwertige Ausr\u00fcstung suchen.<\/p>\n","protected":false},"excerpt":{"rendered":"<p>Ankerwinde Quick Prince DP3 1500W-D mit Trommel- 24V &#8211; 10mm Kette &#8211; Der Prince DP3 1524D Vertikal-Windlass ist ein anspruchsvoller<\/p>\n","protected":false},"featured_media":5941169,"comment_status":"open","ping_status":"closed","template":"","meta":[],"product_brand":[3280],"product_cat":[1324],"product_tag":[],"class_list":{"0":"post-735575","1":"product","2":"type-product","3":"status-publish","4":"has-post-thumbnail","6":"product_brand-quick-de","7":"product_cat-ankerwinden-quick","9":"first","10":"instock","11":"shipping-taxable","12":"purchasable","13":"product-type-simple"},"_links":{"self":[{"href":"https:\/\/stoic-curie.212-227-153-4.plesk.page\/de\/wp-json\/wp\/v2\/product\/735575","targetHints":{"allow":["GET"]}}],"collection":[{"href":"https:\/\/stoic-curie.212-227-153-4.plesk.page\/de\/wp-json\/wp\/v2\/product"}],"about":[{"href":"https:\/\/stoic-curie.212-227-153-4.plesk.page\/de\/wp-json\/wp\/v2\/types\/product"}],"replies":[{"embeddable":true,"href":"https:\/\/stoic-curie.212-227-153-4.plesk.page\/de\/wp-json\/wp\/v2\/comments?post=735575"}],"version-history":[{"count":0,"href":"https:\/\/stoic-curie.212-227-153-4.plesk.page\/de\/wp-json\/wp\/v2\/product\/735575\/revisions"}],"wp:featuredmedia":[{"embeddable":true,"href":"https:\/\/stoic-curie.212-227-153-4.plesk.page\/de\/wp-json\/wp\/v2\/media\/5941169"}],"wp:attachment":[{"href":"https:\/\/stoic-curie.212-227-153-4.plesk.page\/de\/wp-json\/wp\/v2\/media?parent=735575"}],"wp:term":[{"taxonomy":"product_brand","embeddable":true,"href":"https:\/\/stoic-curie.212-227-153-4.plesk.page\/de\/wp-json\/wp\/v2\/product_brand?post=735575"},{"taxonomy":"product_cat","embeddable":true,"href":"https:\/\/stoic-curie.212-227-153-4.plesk.page\/de\/wp-json\/wp\/v2\/product_cat?post=735575"},{"taxonomy":"product_tag","embeddable":true,"href":"https:\/\/stoic-curie.212-227-153-4.plesk.page\/de\/wp-json\/wp\/v2\/product_tag?post=735575"}],"curies":[{"name":"wp","href":"https:\/\/api.w.org\/{rel}","templated":true}]}}