{"id":735576,"date":"2025-03-03T16:28:34","date_gmt":"2025-03-03T15:28:34","guid":{"rendered":"https:\/\/stoic-curie.212-227-153-4.plesk.page\/producto\/rds-fernanzeige-1560-q-fuer-quick-batterieladegeraete\/"},"modified":"2026-02-24T23:35:02","modified_gmt":"2026-02-24T23:35:02","slug":"rds-fernanzeige-1560-q-fuer-quick-batterieladegeraete","status":"publish","type":"product","link":"https:\/\/stoic-curie.212-227-153-4.plesk.page\/de\/product\/rds-fernanzeige-1560-q-fuer-quick-batterieladegeraete\/","title":{"rendered":"RDS-Fernanzeige 1560 Q f\u00fcr Quick-Batterieladeger\u00e4te"},"content":{"rendered":"<p>RDS-Fernanzeige 1560 Q f\u00fcr Quick-Batterieladeger\u00e4te &#8211; <\/p>\n<p>RDS 1562 LCD 12\/24V Display mit Can Bus-Schnittstelle, die es erm\u00f6glicht, den Status der Quick SBC NRG+ Mittel- und Hochleistungs-Batterieladeger\u00e4te aus der Ferne zu \u00fcberwachen. Anzeige der drei Ausgangsspannungen und des insgesamt gelieferten Stroms gleichzeitig, ausgestattet mit einstellbarer Helligkeit und mehrsprachiger Benutzeroberfl\u00e4che. Komplett mit Signalton und der M\u00f6glichkeit, die Parameter am Batterieladeger\u00e4t einzustellen (CAN-Parameter ausgeschlossen).<\/p>\n","protected":false},"excerpt":{"rendered":"<p>RDS-Fernanzeige 1560 Q f\u00fcr Quick-Batterieladeger\u00e4te &#8211; RDS 1562 LCD 12\/24V Display mit Can Bus-Schnittstelle, die es erm\u00f6glicht, den Status der<\/p>\n","protected":false},"featured_media":5943621,"comment_status":"open","ping_status":"closed","template":"","meta":[],"product_brand":[3280],"product_cat":[1450],"product_tag":[],"class_list":{"0":"post-735576","1":"product","2":"type-product","3":"status-publish","4":"has-post-thumbnail","6":"product_brand-quick-de","7":"product_cat-batterieladegeraete","9":"first","10":"instock","11":"shipping-taxable","12":"purchasable","13":"product-type-simple"},"_links":{"self":[{"href":"https:\/\/stoic-curie.212-227-153-4.plesk.page\/de\/wp-json\/wp\/v2\/product\/735576","targetHints":{"allow":["GET"]}}],"collection":[{"href":"https:\/\/stoic-curie.212-227-153-4.plesk.page\/de\/wp-json\/wp\/v2\/product"}],"about":[{"href":"https:\/\/stoic-curie.212-227-153-4.plesk.page\/de\/wp-json\/wp\/v2\/types\/product"}],"replies":[{"embeddable":true,"href":"https:\/\/stoic-curie.212-227-153-4.plesk.page\/de\/wp-json\/wp\/v2\/comments?post=735576"}],"version-history":[{"count":0,"href":"https:\/\/stoic-curie.212-227-153-4.plesk.page\/de\/wp-json\/wp\/v2\/product\/735576\/revisions"}],"wp:featuredmedia":[{"embeddable":true,"href":"https:\/\/stoic-curie.212-227-153-4.plesk.page\/de\/wp-json\/wp\/v2\/media\/5943621"}],"wp:attachment":[{"href":"https:\/\/stoic-curie.212-227-153-4.plesk.page\/de\/wp-json\/wp\/v2\/media?parent=735576"}],"wp:term":[{"taxonomy":"product_brand","embeddable":true,"href":"https:\/\/stoic-curie.212-227-153-4.plesk.page\/de\/wp-json\/wp\/v2\/product_brand?post=735576"},{"taxonomy":"product_cat","embeddable":true,"href":"https:\/\/stoic-curie.212-227-153-4.plesk.page\/de\/wp-json\/wp\/v2\/product_cat?post=735576"},{"taxonomy":"product_tag","embeddable":true,"href":"https:\/\/stoic-curie.212-227-153-4.plesk.page\/de\/wp-json\/wp\/v2\/product_tag?post=735576"}],"curies":[{"name":"wp","href":"https:\/\/api.w.org\/{rel}","templated":true}]}}