{"id":735601,"date":"2025-03-03T16:28:39","date_gmt":"2025-03-03T15:28:39","guid":{"rendered":"https:\/\/stoic-curie.212-227-153-4.plesk.page\/producto\/aluminium-solas-propeller-85x8-2\/"},"modified":"2026-02-24T23:35:02","modified_gmt":"2026-02-24T23:35:02","slug":"aluminium-solas-propeller-85x8-2","status":"publish","type":"product","link":"https:\/\/stoic-curie.212-227-153-4.plesk.page\/de\/product\/aluminium-solas-propeller-85x8-2\/","title":{"rendered":"Aluminium-Solas-Propeller 8,5&#215;8"},"content":{"rendered":"<p>Aluminium-Solas-Propeller 8,5&#215;8 &#8211; <\/p>\n<p>Aluminium Solas Propeller f\u00fcr Tohatsu Au\u00dfenbordmotoren. Die \u00fcberlegene Bauqualit\u00e4t erm\u00f6glicht es, Solas-Propeller ohne Schwierigkeiten durch jeden Typ von Original-Propeller zu ersetzen. Plus = Vergr\u00f6\u00dferte Blatttfl\u00e4che Propeller = Ab angegebenem Jahr (inklusive)<\/p>\n","protected":false},"excerpt":{"rendered":"<p>Aluminium-Solas-Propeller 8,5&#215;8 &#8211; Aluminium Solas Propeller f\u00fcr Tohatsu Au\u00dfenbordmotoren. Die \u00fcberlegene Bauqualit\u00e4t erm\u00f6glicht es, Solas-Propeller ohne Schwierigkeiten durch jeden Typ<\/p>\n","protected":false},"featured_media":5936916,"comment_status":"open","ping_status":"closed","template":"","meta":[],"product_brand":[3410],"product_cat":[1528,1516],"product_tag":[],"class_list":{"0":"post-735601","1":"product","2":"type-product","3":"status-publish","4":"has-post-thumbnail","6":"product_brand-solas-de","7":"product_cat-marine-ersatzteile-fuer-mercury-und-mariner","8":"product_cat-propeller-fuer-aussenbordmotoren","10":"first","11":"instock","12":"shipping-taxable","13":"purchasable","14":"product-type-simple"},"_links":{"self":[{"href":"https:\/\/stoic-curie.212-227-153-4.plesk.page\/de\/wp-json\/wp\/v2\/product\/735601","targetHints":{"allow":["GET"]}}],"collection":[{"href":"https:\/\/stoic-curie.212-227-153-4.plesk.page\/de\/wp-json\/wp\/v2\/product"}],"about":[{"href":"https:\/\/stoic-curie.212-227-153-4.plesk.page\/de\/wp-json\/wp\/v2\/types\/product"}],"replies":[{"embeddable":true,"href":"https:\/\/stoic-curie.212-227-153-4.plesk.page\/de\/wp-json\/wp\/v2\/comments?post=735601"}],"version-history":[{"count":0,"href":"https:\/\/stoic-curie.212-227-153-4.plesk.page\/de\/wp-json\/wp\/v2\/product\/735601\/revisions"}],"wp:featuredmedia":[{"embeddable":true,"href":"https:\/\/stoic-curie.212-227-153-4.plesk.page\/de\/wp-json\/wp\/v2\/media\/5936916"}],"wp:attachment":[{"href":"https:\/\/stoic-curie.212-227-153-4.plesk.page\/de\/wp-json\/wp\/v2\/media?parent=735601"}],"wp:term":[{"taxonomy":"product_brand","embeddable":true,"href":"https:\/\/stoic-curie.212-227-153-4.plesk.page\/de\/wp-json\/wp\/v2\/product_brand?post=735601"},{"taxonomy":"product_cat","embeddable":true,"href":"https:\/\/stoic-curie.212-227-153-4.plesk.page\/de\/wp-json\/wp\/v2\/product_cat?post=735601"},{"taxonomy":"product_tag","embeddable":true,"href":"https:\/\/stoic-curie.212-227-153-4.plesk.page\/de\/wp-json\/wp\/v2\/product_tag?post=735601"}],"curies":[{"name":"wp","href":"https:\/\/api.w.org\/{rel}","templated":true}]}}