{"id":735619,"date":"2025-03-03T16:28:42","date_gmt":"2025-03-03T15:28:42","guid":{"rendered":"https:\/\/stoic-curie.212-227-153-4.plesk.page\/producto\/aluminium-anode-martyr-volvo-358407\/"},"modified":"2026-02-24T23:35:02","modified_gmt":"2026-02-24T23:35:02","slug":"aluminium-anode-martyr-volvo-358407","status":"publish","type":"product","link":"https:\/\/stoic-curie.212-227-153-4.plesk.page\/de\/product\/aluminium-anode-martyr-volvo-358407\/","title":{"rendered":"Aluminium Anode Martyr &#8211; Volvo 358407"},"content":{"rendered":"<p>Aluminium Anode Martyr &#8211; Volvo 358407 &#8211; <\/p>\n<p>Martyr Aluminium M2 Legierungsanoden f\u00fcr Volvo Penta Hinterantriebsmotoren.<br \/>\n\u00e2\u0080\u00a2 Sch\u00fctzt 50% l\u00e4nger als herk\u00f6mmliche Zinkanoden<br \/>\n\u00e2\u0080\u00a2 Wiegt 50% weniger als herk\u00f6mmliche Zinkanoden <\/p>\n","protected":false},"excerpt":{"rendered":"<p>Aluminium Anode Martyr &#8211; Volvo 358407 &#8211; Martyr Aluminium M2 Legierungsanoden f\u00fcr Volvo Penta Hinterantriebsmotoren. \u00e2\u0080\u00a2 Sch\u00fctzt 50% l\u00e4nger als<\/p>\n","protected":false},"featured_media":5943662,"comment_status":"open","ping_status":"closed","template":"","meta":[],"product_brand":[2237,3125],"product_cat":[1542],"product_tag":[],"class_list":{"0":"post-735619","1":"product","2":"type-product","3":"status-publish","4":"has-post-thumbnail","6":"product_brand-martyr","7":"product_brand-martyr-de","8":"product_cat-marine-ersatzteile-fuer-volvo-penta","10":"first","11":"instock","12":"shipping-taxable","13":"purchasable","14":"product-type-simple"},"_links":{"self":[{"href":"https:\/\/stoic-curie.212-227-153-4.plesk.page\/de\/wp-json\/wp\/v2\/product\/735619","targetHints":{"allow":["GET"]}}],"collection":[{"href":"https:\/\/stoic-curie.212-227-153-4.plesk.page\/de\/wp-json\/wp\/v2\/product"}],"about":[{"href":"https:\/\/stoic-curie.212-227-153-4.plesk.page\/de\/wp-json\/wp\/v2\/types\/product"}],"replies":[{"embeddable":true,"href":"https:\/\/stoic-curie.212-227-153-4.plesk.page\/de\/wp-json\/wp\/v2\/comments?post=735619"}],"version-history":[{"count":0,"href":"https:\/\/stoic-curie.212-227-153-4.plesk.page\/de\/wp-json\/wp\/v2\/product\/735619\/revisions"}],"wp:featuredmedia":[{"embeddable":true,"href":"https:\/\/stoic-curie.212-227-153-4.plesk.page\/de\/wp-json\/wp\/v2\/media\/5943662"}],"wp:attachment":[{"href":"https:\/\/stoic-curie.212-227-153-4.plesk.page\/de\/wp-json\/wp\/v2\/media?parent=735619"}],"wp:term":[{"taxonomy":"product_brand","embeddable":true,"href":"https:\/\/stoic-curie.212-227-153-4.plesk.page\/de\/wp-json\/wp\/v2\/product_brand?post=735619"},{"taxonomy":"product_cat","embeddable":true,"href":"https:\/\/stoic-curie.212-227-153-4.plesk.page\/de\/wp-json\/wp\/v2\/product_cat?post=735619"},{"taxonomy":"product_tag","embeddable":true,"href":"https:\/\/stoic-curie.212-227-153-4.plesk.page\/de\/wp-json\/wp\/v2\/product_tag?post=735619"}],"curies":[{"name":"wp","href":"https:\/\/api.w.org\/{rel}","templated":true}]}}