{"id":735623,"date":"2025-03-03T16:28:43","date_gmt":"2025-03-03T15:28:43","guid":{"rendered":"https:\/\/stoic-curie.212-227-153-4.plesk.page\/producto\/original-mercruiser-auspuffkruemmer-860246q11-poliertes-schwarz\/"},"modified":"2026-02-24T23:35:02","modified_gmt":"2026-02-24T23:35:02","slug":"original-mercruiser-auspuffkruemmer-860246q11-poliertes-schwarz","status":"publish","type":"product","link":"https:\/\/stoic-curie.212-227-153-4.plesk.page\/de\/product\/original-mercruiser-auspuffkruemmer-860246q11-poliertes-schwarz\/","title":{"rendered":"Original Mercruiser Auspuffkr\u00fcmmer 860246Q11 (Poliertes Schwarz)"},"content":{"rendered":"<p>Original Mercruiser Auspuffkr\u00fcmmer 860246Q11 (Poliertes Schwarz) &#8211; <\/p>\n<p>Echtes Mercruiser 860246A15 Abgaskr\u00fcmmer, komplett mit Dichtung. Passt f\u00fcr 5,0L\/LX &#8211; 5,7L\/LX Motoren. Muss mit 4 Schrauben montiert werden.<\/p>\n","protected":false},"excerpt":{"rendered":"<p>Original Mercruiser Auspuffkr\u00fcmmer 860246Q11 (Poliertes Schwarz) &#8211; Echtes Mercruiser 860246A15 Abgaskr\u00fcmmer, komplett mit Dichtung. Passt f\u00fcr 5,0L\/LX &#8211; 5,7L\/LX Motoren.<\/p>\n","protected":false},"featured_media":5943670,"comment_status":"open","ping_status":"closed","template":"","meta":[],"product_brand":[3285],"product_cat":[1543],"product_tag":[],"class_list":{"0":"post-735623","1":"product","2":"type-product","3":"status-publish","4":"has-post-thumbnail","6":"product_brand-quicksilver-de","7":"product_cat-marine-ersatzteile-fuer-mercruiser","9":"first","10":"instock","11":"shipping-taxable","12":"purchasable","13":"product-type-simple"},"_links":{"self":[{"href":"https:\/\/stoic-curie.212-227-153-4.plesk.page\/de\/wp-json\/wp\/v2\/product\/735623","targetHints":{"allow":["GET"]}}],"collection":[{"href":"https:\/\/stoic-curie.212-227-153-4.plesk.page\/de\/wp-json\/wp\/v2\/product"}],"about":[{"href":"https:\/\/stoic-curie.212-227-153-4.plesk.page\/de\/wp-json\/wp\/v2\/types\/product"}],"replies":[{"embeddable":true,"href":"https:\/\/stoic-curie.212-227-153-4.plesk.page\/de\/wp-json\/wp\/v2\/comments?post=735623"}],"version-history":[{"count":0,"href":"https:\/\/stoic-curie.212-227-153-4.plesk.page\/de\/wp-json\/wp\/v2\/product\/735623\/revisions"}],"wp:featuredmedia":[{"embeddable":true,"href":"https:\/\/stoic-curie.212-227-153-4.plesk.page\/de\/wp-json\/wp\/v2\/media\/5943670"}],"wp:attachment":[{"href":"https:\/\/stoic-curie.212-227-153-4.plesk.page\/de\/wp-json\/wp\/v2\/media?parent=735623"}],"wp:term":[{"taxonomy":"product_brand","embeddable":true,"href":"https:\/\/stoic-curie.212-227-153-4.plesk.page\/de\/wp-json\/wp\/v2\/product_brand?post=735623"},{"taxonomy":"product_cat","embeddable":true,"href":"https:\/\/stoic-curie.212-227-153-4.plesk.page\/de\/wp-json\/wp\/v2\/product_cat?post=735623"},{"taxonomy":"product_tag","embeddable":true,"href":"https:\/\/stoic-curie.212-227-153-4.plesk.page\/de\/wp-json\/wp\/v2\/product_tag?post=735623"}],"curies":[{"name":"wp","href":"https:\/\/api.w.org\/{rel}","templated":true}]}}