{"id":735643,"date":"2025-03-03T16:28:48","date_gmt":"2025-03-03T15:28:48","guid":{"rendered":"https:\/\/stoic-curie.212-227-153-4.plesk.page\/producto\/ersatzsitz-elfenbein-fuer-tecma-elegance-t-236c\/"},"modified":"2026-02-24T23:35:02","modified_gmt":"2026-02-24T23:35:02","slug":"ersatzsitz-elfenbein-fuer-tecma-elegance-t-236c","status":"publish","type":"product","link":"https:\/\/stoic-curie.212-227-153-4.plesk.page\/de\/product\/ersatzsitz-elfenbein-fuer-tecma-elegance-t-236c\/","title":{"rendered":"Ersatzsitz Elfenbein f\u00fcr Tecma Elegance T-236C"},"content":{"rendered":"<p>Ersatzsitz Elfenbein f\u00fcr Tecma Elegance T-236C &#8211; <\/p>\n<p>Design (Breeze) und Flexi (Silence, Elegance) Toilettensitz- und Scharnier-Serie. PE: Klassischer und robuster Polyester-Sitz mit sichtbarem Deckel und Sitz. TE: Moderner und leichter Thermoform-Sitz mit einem Deckel, der den Sitz verdeckt. Soft Closing: Scharniere mit D\u00e4mpfersystem, um Besch\u00e4digungen und L\u00e4rm zu vermeiden.<\/p>\n","protected":false},"excerpt":{"rendered":"<p>Ersatzsitz Elfenbein f\u00fcr Tecma Elegance T-236C &#8211; Design (Breeze) und Flexi (Silence, Elegance) Toilettensitz- und Scharnier-Serie. PE: Klassischer und robuster<\/p>\n","protected":false},"featured_media":5941493,"comment_status":"open","ping_status":"closed","template":"","meta":[],"product_brand":[3470],"product_cat":[1388],"product_tag":[],"class_list":{"0":"post-735643","1":"product","2":"type-product","3":"status-publish","4":"has-post-thumbnail","6":"product_brand-tecma-de","7":"product_cat-marine-wcs","9":"first","10":"instock","11":"shipping-taxable","12":"purchasable","13":"product-type-simple"},"_links":{"self":[{"href":"https:\/\/stoic-curie.212-227-153-4.plesk.page\/de\/wp-json\/wp\/v2\/product\/735643","targetHints":{"allow":["GET"]}}],"collection":[{"href":"https:\/\/stoic-curie.212-227-153-4.plesk.page\/de\/wp-json\/wp\/v2\/product"}],"about":[{"href":"https:\/\/stoic-curie.212-227-153-4.plesk.page\/de\/wp-json\/wp\/v2\/types\/product"}],"replies":[{"embeddable":true,"href":"https:\/\/stoic-curie.212-227-153-4.plesk.page\/de\/wp-json\/wp\/v2\/comments?post=735643"}],"version-history":[{"count":0,"href":"https:\/\/stoic-curie.212-227-153-4.plesk.page\/de\/wp-json\/wp\/v2\/product\/735643\/revisions"}],"wp:featuredmedia":[{"embeddable":true,"href":"https:\/\/stoic-curie.212-227-153-4.plesk.page\/de\/wp-json\/wp\/v2\/media\/5941493"}],"wp:attachment":[{"href":"https:\/\/stoic-curie.212-227-153-4.plesk.page\/de\/wp-json\/wp\/v2\/media?parent=735643"}],"wp:term":[{"taxonomy":"product_brand","embeddable":true,"href":"https:\/\/stoic-curie.212-227-153-4.plesk.page\/de\/wp-json\/wp\/v2\/product_brand?post=735643"},{"taxonomy":"product_cat","embeddable":true,"href":"https:\/\/stoic-curie.212-227-153-4.plesk.page\/de\/wp-json\/wp\/v2\/product_cat?post=735643"},{"taxonomy":"product_tag","embeddable":true,"href":"https:\/\/stoic-curie.212-227-153-4.plesk.page\/de\/wp-json\/wp\/v2\/product_tag?post=735643"}],"curies":[{"name":"wp","href":"https:\/\/api.w.org\/{rel}","templated":true}]}}