{"id":735654,"date":"2025-03-03T16:28:50","date_gmt":"2025-03-03T15:28:50","guid":{"rendered":"https:\/\/stoic-curie.212-227-153-4.plesk.page\/producto\/ersatzmotor-230v-sanisplit-nk\/"},"modified":"2026-02-24T23:35:02","modified_gmt":"2026-02-24T23:35:02","slug":"ersatzmotor-230v-sanisplit-nk","status":"publish","type":"product","link":"https:\/\/stoic-curie.212-227-153-4.plesk.page\/de\/product\/ersatzmotor-230v-sanisplit-nk\/","title":{"rendered":"Ersatzmotor 230V Sanisplit NK"},"content":{"rendered":"<p>Ersatzmotor 230V Sanisplit NK &#8211; <\/p>\n<p>Sanisplit NK ist eine leistungsstarke und ger\u00e4uscharme Pumpeneinheit, die Grauabw\u00e4sser von Bidets, Duschen und Waschbecken abf\u00fchrt. Sie verf\u00fcgt \u00fcber ein R\u00fcckschlagventil und einen Druckschalter, der aktiviert wird, sobald Wasser in die Einheit eintritt. Die minimalen H\u00f6henanforderungen vom Abfluss betragen 200 mm.<\/p>\n","protected":false},"excerpt":{"rendered":"<p>Ersatzmotor 230V Sanisplit NK &#8211; Sanisplit NK ist eine leistungsstarke und ger\u00e4uscharme Pumpeneinheit, die Grauabw\u00e4sser von Bidets, Duschen und Waschbecken<\/p>\n","protected":false},"featured_media":5941594,"comment_status":"open","ping_status":"closed","template":"","meta":[],"product_brand":[3470],"product_cat":[1369],"product_tag":[],"class_list":{"0":"post-735654","1":"product","2":"type-product","3":"status-publish","4":"has-post-thumbnail","6":"product_brand-tecma-de","7":"product_cat-grauwassersysteme","9":"first","10":"outofstock","11":"shipping-taxable","12":"purchasable","13":"product-type-simple"},"_links":{"self":[{"href":"https:\/\/stoic-curie.212-227-153-4.plesk.page\/de\/wp-json\/wp\/v2\/product\/735654","targetHints":{"allow":["GET"]}}],"collection":[{"href":"https:\/\/stoic-curie.212-227-153-4.plesk.page\/de\/wp-json\/wp\/v2\/product"}],"about":[{"href":"https:\/\/stoic-curie.212-227-153-4.plesk.page\/de\/wp-json\/wp\/v2\/types\/product"}],"replies":[{"embeddable":true,"href":"https:\/\/stoic-curie.212-227-153-4.plesk.page\/de\/wp-json\/wp\/v2\/comments?post=735654"}],"version-history":[{"count":0,"href":"https:\/\/stoic-curie.212-227-153-4.plesk.page\/de\/wp-json\/wp\/v2\/product\/735654\/revisions"}],"wp:featuredmedia":[{"embeddable":true,"href":"https:\/\/stoic-curie.212-227-153-4.plesk.page\/de\/wp-json\/wp\/v2\/media\/5941594"}],"wp:attachment":[{"href":"https:\/\/stoic-curie.212-227-153-4.plesk.page\/de\/wp-json\/wp\/v2\/media?parent=735654"}],"wp:term":[{"taxonomy":"product_brand","embeddable":true,"href":"https:\/\/stoic-curie.212-227-153-4.plesk.page\/de\/wp-json\/wp\/v2\/product_brand?post=735654"},{"taxonomy":"product_cat","embeddable":true,"href":"https:\/\/stoic-curie.212-227-153-4.plesk.page\/de\/wp-json\/wp\/v2\/product_cat?post=735654"},{"taxonomy":"product_tag","embeddable":true,"href":"https:\/\/stoic-curie.212-227-153-4.plesk.page\/de\/wp-json\/wp\/v2\/product_tag?post=735654"}],"curies":[{"name":"wp","href":"https:\/\/api.w.org\/{rel}","templated":true}]}}