{"id":735655,"date":"2025-03-03T16:28:50","date_gmt":"2025-03-03T15:28:50","guid":{"rendered":"https:\/\/stoic-curie.212-227-153-4.plesk.page\/producto\/sanisplit-t-lade-entladeanschluesse-t-pf-p58-nk\/"},"modified":"2026-02-24T23:35:02","modified_gmt":"2026-02-24T23:35:02","slug":"sanisplit-t-lade-entladeanschluesse-t-pf-p58-nk","status":"publish","type":"product","link":"https:\/\/stoic-curie.212-227-153-4.plesk.page\/de\/product\/sanisplit-t-lade-entladeanschluesse-t-pf-p58-nk\/","title":{"rendered":"Sanisplit T Lade- \/ Entladeanschl\u00fcsse T-PF.P58\/NK"},"content":{"rendered":"<p>Sanisplit T Lade- \/ Entladeanschl\u00fcsse T-PF.P58\/NK &#8211; <\/p>\n<p>Sanisplit NK ist eine leistungsstarke und ger\u00e4uschlose Pumpeneinheit, die Grauwasser von Bidets, Duschen und Waschbecken abf\u00fchrt. Sie ist mit einem R\u00fcckschlagventil und einem Druckschalter ausgestattet, der aktiviert wird, sobald Wasser in die Einheit eintritt. Die Mindesth\u00f6he vom Abfluss betr\u00e4gt 200 mm.<\/p>\n","protected":false},"excerpt":{"rendered":"<p>Sanisplit T Lade- \/ Entladeanschl\u00fcsse T-PF.P58\/NK &#8211; Sanisplit NK ist eine leistungsstarke und ger\u00e4uschlose Pumpeneinheit, die Grauwasser von Bidets, Duschen<\/p>\n","protected":false},"featured_media":5943687,"comment_status":"open","ping_status":"closed","template":"","meta":[],"product_brand":[3470],"product_cat":[1369],"product_tag":[],"class_list":{"0":"post-735655","1":"product","2":"type-product","3":"status-publish","4":"has-post-thumbnail","6":"product_brand-tecma-de","7":"product_cat-grauwassersysteme","9":"first","10":"instock","11":"shipping-taxable","12":"purchasable","13":"product-type-simple"},"_links":{"self":[{"href":"https:\/\/stoic-curie.212-227-153-4.plesk.page\/de\/wp-json\/wp\/v2\/product\/735655","targetHints":{"allow":["GET"]}}],"collection":[{"href":"https:\/\/stoic-curie.212-227-153-4.plesk.page\/de\/wp-json\/wp\/v2\/product"}],"about":[{"href":"https:\/\/stoic-curie.212-227-153-4.plesk.page\/de\/wp-json\/wp\/v2\/types\/product"}],"replies":[{"embeddable":true,"href":"https:\/\/stoic-curie.212-227-153-4.plesk.page\/de\/wp-json\/wp\/v2\/comments?post=735655"}],"version-history":[{"count":0,"href":"https:\/\/stoic-curie.212-227-153-4.plesk.page\/de\/wp-json\/wp\/v2\/product\/735655\/revisions"}],"wp:featuredmedia":[{"embeddable":true,"href":"https:\/\/stoic-curie.212-227-153-4.plesk.page\/de\/wp-json\/wp\/v2\/media\/5943687"}],"wp:attachment":[{"href":"https:\/\/stoic-curie.212-227-153-4.plesk.page\/de\/wp-json\/wp\/v2\/media?parent=735655"}],"wp:term":[{"taxonomy":"product_brand","embeddable":true,"href":"https:\/\/stoic-curie.212-227-153-4.plesk.page\/de\/wp-json\/wp\/v2\/product_brand?post=735655"},{"taxonomy":"product_cat","embeddable":true,"href":"https:\/\/stoic-curie.212-227-153-4.plesk.page\/de\/wp-json\/wp\/v2\/product_cat?post=735655"},{"taxonomy":"product_tag","embeddable":true,"href":"https:\/\/stoic-curie.212-227-153-4.plesk.page\/de\/wp-json\/wp\/v2\/product_tag?post=735655"}],"curies":[{"name":"wp","href":"https:\/\/api.w.org\/{rel}","templated":true}]}}