{"id":735658,"date":"2025-03-03T16:28:51","date_gmt":"2025-03-03T15:28:51","guid":{"rendered":"https:\/\/stoic-curie.212-227-153-4.plesk.page\/producto\/ankerwinde-quick-dylan-2000w-24v-ohne-trommel-12mm-kette\/"},"modified":"2026-02-24T23:35:02","modified_gmt":"2026-02-24T23:35:02","slug":"ankerwinde-quick-dylan-2000w-24v-ohne-trommel-12mm-kette","status":"publish","type":"product","link":"https:\/\/stoic-curie.212-227-153-4.plesk.page\/de\/product\/ankerwinde-quick-dylan-2000w-24v-ohne-trommel-12mm-kette\/","title":{"rendered":"Ankerwinde Quick Dylan 2000W 24v &#8211; ohne Trommel -12mm Kette"},"content":{"rendered":"<p>Ankerwinde Quick Dylan 2000W 24v &#8211; ohne Trommel -12mm Kette &#8211; <\/p>\n<p style=\"color: rgb(34, 34, 34); font-family: Arial, Helvetica, sans-serif; font-size: small;\"><strong>Vertikaler Ankerwinch &#8211; Dylan DR4 2024 &#8211; 24V 2000W 12mm &#8211; Niedrigprofil<\/strong><\/p>\n<p style=\"color: rgb(34, 34, 34); font-family: Arial, Helvetica, sans-serif; font-size: small;\">Wir pr\u00e4sentieren den Dylan DR4, einen hochmodernen vertikalen Ankerwinch, der f\u00fcr Effizienz und Zuverl\u00e4ssigkeit konzipiert wurde. Dieser Ankerwinch verf\u00fcgt \u00fcber eine robuste Konstruktion mit Traktionskomponenten aus Bronze und Edelstahl. Er ist mit einem Kettenz\u00e4hler-Sensor und einem manuellen Freifallkettensystem ausgestattet, die eine einfache Handhabung unter verschiedenen Bedingungen gew\u00e4hrleisten. Dar\u00fcber hinaus beinhaltet er ein Notfall-Handlift-System und einen Druckhebel f\u00fcr verbesserte Kontrolle. Das Ger\u00e4t umfasst eine Steuerbox und einen Griff, und sein Sockel sowie die Abdeckung sind aus Edelstahl und hart eloxiertem Aluminium gefertigt. Mit einer IP67-Bewertung ist der Motor wasserdicht und gew\u00e4hrleistet Langlebigkeit in marinen Umgebungen.<\/p>\n<p style=\"color: rgb(34, 34, 34); font-family: Arial, Helvetica, sans-serif; font-size: small;\"><strong>Schnelle nautische Ausr\u00fcstung &#8211; Dylan DR4 vertikaler Ankerwinch<\/strong><\/p>\n<p style=\"color: rgb(34, 34, 34); font-family: Arial, Helvetica, sans-serif; font-size: small;\">Hauptmerkmale:<\/p>\n<ul style=\"color: rgb(34, 34, 34); font-family: Arial, Helvetica, sans-serif; font-size: small;\">\n<li>Hart eloxierter Aluminium- und Edelstahlsockel mit integriertem Kettenrohr.<\/li>\n<li>Edelstahl-Trommel (AISI 316) f\u00fcr \u00fcberlegene Festigkeit und Korrosionsbest\u00e4ndigkeit.<\/li>\n<li>Seil\/Kette-Gypsy mit einem Kettenz\u00e4hler-Sensor f\u00fcr eine pr\u00e4zise \u00dcberwachung.<\/li>\n<li>Druckarm und Inspektionsdeckel f\u00fcr einfache Wartung.<\/li>\n<li>Manuelles Freifallsystem f\u00fcr eine schnelle Bereitstellung.<\/li>\n<li>Notfall-Handlift-System f\u00fcr zus\u00e4tzliche Sicherheit.<\/li>\n<li>Lieferung mit einem Relaiskasten und Gypsy (verf\u00fcgbar mit oder ohne Trommel).<\/li>\n<li>IP67 wasserdichter Motor f\u00fcr zuverl\u00e4ssige Leistung bei nassen Bedingungen.<\/li>\n<\/ul>\n<p style=\"color: rgb(34, 34, 34); font-family: Arial, Helvetica, sans-serif; font-size: small;\"><strong>Spezifikationen f\u00fcr Dylan DR4 2024 &#8211; Nur Gypsy<\/strong><\/p>\n<ul style=\"color: rgb(34, 34, 34); font-family: Arial, Helvetica, sans-serif; font-size: small;\">\n<li>Geeignet f\u00fcr Boote von 15 m bis 20 m (46-66 ft).<\/li>\n<li>Trommel: Nicht enthalten.<\/li>\n<li>Motorleistung: 2000 W.<\/li>\n<li>Netzspannung: 24 V.<\/li>\n<li>Maximale Zugkraft: 1600 kg.<\/li>\n<li>Maximale Arbeitslast: 750 kg.<\/li>\n<li>Arbeitslast: 250 kg.<\/li>\n<li>Kettengeschwindigkeit bei Arbeitslast: 22,3 m\/min.<\/li>\n<li>Stromaufnahme bei Arbeitslast: 105 A.<\/li>\n<li>Deckst\u00e4rke: 30-70 mm.<\/li>\n<li>Gewicht: 30,9 kg.<\/li>\n<li>Gypsy-Gr\u00f6\u00dfe: 12 mm.<\/li>\n<\/ul>\n<p style=\"color: rgb(34, 34, 34); font-family: Arial, Helvetica, sans-serif; font-size: small;\">Dieser umfassende \u00dcberblick \u00fcber den Dylan DR4 vertikalen Ankerwinch hebt seine fortschrittlichen Funktionen und Spezifikationen hervor, was ihn zu einer ausgezeichneten Wahl f\u00fcr Bootsbesitzer macht, die zuverl\u00e4ssige und hochwertige Ausr\u00fcstung suchen.<\/p>\n","protected":false},"excerpt":{"rendered":"<p>Ankerwinde Quick Dylan 2000W 24v &#8211; ohne Trommel -12mm Kette &#8211; Vertikaler Ankerwinch &#8211; Dylan DR4 2024 &#8211; 24V 2000W<\/p>\n","protected":false},"featured_media":5943691,"comment_status":"open","ping_status":"closed","template":"","meta":[],"product_brand":[3280],"product_cat":[1324],"product_tag":[],"class_list":{"0":"post-735658","1":"product","2":"type-product","3":"status-publish","4":"has-post-thumbnail","6":"product_brand-quick-de","7":"product_cat-ankerwinden-quick","9":"first","10":"outofstock","11":"shipping-taxable","12":"purchasable","13":"product-type-simple"},"_links":{"self":[{"href":"https:\/\/stoic-curie.212-227-153-4.plesk.page\/de\/wp-json\/wp\/v2\/product\/735658","targetHints":{"allow":["GET"]}}],"collection":[{"href":"https:\/\/stoic-curie.212-227-153-4.plesk.page\/de\/wp-json\/wp\/v2\/product"}],"about":[{"href":"https:\/\/stoic-curie.212-227-153-4.plesk.page\/de\/wp-json\/wp\/v2\/types\/product"}],"replies":[{"embeddable":true,"href":"https:\/\/stoic-curie.212-227-153-4.plesk.page\/de\/wp-json\/wp\/v2\/comments?post=735658"}],"version-history":[{"count":0,"href":"https:\/\/stoic-curie.212-227-153-4.plesk.page\/de\/wp-json\/wp\/v2\/product\/735658\/revisions"}],"wp:featuredmedia":[{"embeddable":true,"href":"https:\/\/stoic-curie.212-227-153-4.plesk.page\/de\/wp-json\/wp\/v2\/media\/5943691"}],"wp:attachment":[{"href":"https:\/\/stoic-curie.212-227-153-4.plesk.page\/de\/wp-json\/wp\/v2\/media?parent=735658"}],"wp:term":[{"taxonomy":"product_brand","embeddable":true,"href":"https:\/\/stoic-curie.212-227-153-4.plesk.page\/de\/wp-json\/wp\/v2\/product_brand?post=735658"},{"taxonomy":"product_cat","embeddable":true,"href":"https:\/\/stoic-curie.212-227-153-4.plesk.page\/de\/wp-json\/wp\/v2\/product_cat?post=735658"},{"taxonomy":"product_tag","embeddable":true,"href":"https:\/\/stoic-curie.212-227-153-4.plesk.page\/de\/wp-json\/wp\/v2\/product_tag?post=735658"}],"curies":[{"name":"wp","href":"https:\/\/api.w.org\/{rel}","templated":true}]}}