{"id":735659,"date":"2025-03-03T16:28:51","date_gmt":"2025-03-03T15:28:51","guid":{"rendered":"https:\/\/stoic-curie.212-227-153-4.plesk.page\/producto\/ankerwinde-quick-dylan-2000w-d-24v-mit-trommel-12mm-kette\/"},"modified":"2026-02-24T23:35:02","modified_gmt":"2026-02-24T23:35:02","slug":"ankerwinde-quick-dylan-2000w-d-24v-mit-trommel-12mm-kette","status":"publish","type":"product","link":"https:\/\/stoic-curie.212-227-153-4.plesk.page\/de\/product\/ankerwinde-quick-dylan-2000w-d-24v-mit-trommel-12mm-kette\/","title":{"rendered":"Ankerwinde Quick Dylan 2000W-D 24V &#8211; mit Trommel &#8211; 12mm Kette"},"content":{"rendered":"<p>Ankerwinde Quick Dylan 2000W-D 24V &#8211; mit Trommel &#8211; 12mm Kette &#8211; <\/p>\n<p style=\"color: rgb(34, 34, 34); font-family: Arial, Helvetica, sans-serif; font-size: small;\">Wir pr\u00e4sentieren die Quick Rope and Chain Anchor Windlass, die robuste Antriebskomponenten aus Bronze und Edelstahl enth\u00e4lt. Diese Windlass ist mit einem Kettenz\u00e4hler-Sensor und einem manuellen Free-Fall-Kettensystem ausgestattet, um einen effizienten Betrieb zu gew\u00e4hrleisten. Sie umfasst auch ein Notfall-Handhebesystem und einen Druckhebel f\u00fcr zus\u00e4tzliche Sicherheit. Die Einheit wird mit einer Steuerbox und einem Griff geliefert, und ihr Geh\u00e4use und ihre Basis bestehen aus Edelstahl und hart eloxiertem Aluminium. Der Motor ist mit IP67 f\u00fcr wasserdichte Sicherheit bewertet.<\/p>\n<p style=\"color: rgb(34, 34, 34); font-family: Arial, Helvetica, sans-serif; font-size: small;\">Die Quick Vertical Windlass Dylan DR4 ist f\u00fcr Fahrzeuge von 10 bis 20 Metern L\u00e4nge konzipiert. Sie bietet Leistungsm\u00f6glichkeiten von 1500W bis 2000W bei 12V oder 24V, sowie eine 3000W-Option f\u00fcr 380V oder hydraulische Motoren.<\/p>\n<p style=\"color: rgb(34, 34, 34); font-family: Arial, Helvetica, sans-serif; font-size: small;\"><strong>Quick Nautical Equipment Dylan DR4<\/strong><\/p>\n<p style=\"color: rgb(34, 34, 34); font-family: Arial, Helvetica, sans-serif; font-size: small;\"><strong>Funktionen der Vertikalen Windlass:<\/strong><\/p>\n<ul style=\"color: rgb(34, 34, 34); font-family: Arial, Helvetica, sans-serif; font-size: small;\">\n<li>Eloxierte Aluminium- und Edelstahlbasis mit integriertem Kettenrohr.<\/li>\n<li>Edelstahl-Trommel (AISI 316).<\/li>\n<li>Reb\/Kette Gypsy mit Kettenz\u00e4hler-Sensor.<\/li>\n<li>Druckarm und Inspektionsdeckel f\u00fcr einfachen Zugang.<\/li>\n<li>Manuelles Free-Fall-System f\u00fcr einen schnellen Einsatz.<\/li>\n<li>Notfall-Handhebesystem f\u00fcr zus\u00e4tzliche Sicherheit.<\/li>\n<li>Geliefert mit einem Relaiskasten und einer Gypsy (verf\u00fcgbar mit oder ohne Trommel).<\/li>\n<li>IP67 wasserdichter Motor f\u00fcr zuverl\u00e4ssige Leistung in maritimen Umgebungen.<\/li>\n<\/ul>\n<p style=\"color: rgb(34, 34, 34); font-family: Arial, Helvetica, sans-serif; font-size: small;\"><strong>Dylan DR4 2024D &#8211; Gypsy und Trommel<\/strong><\/p>\n<p style=\"color: rgb(34, 34, 34); font-family: Arial, Helvetica, sans-serif; font-size: small;\">Dieses Modell ist f\u00fcr Boote mit einer L\u00e4nge von 15 bis 20 Metern (46-66 Fu\u00df) geeignet.<\/p>\n","protected":false},"excerpt":{"rendered":"<p>Ankerwinde Quick Dylan 2000W-D 24V &#8211; mit Trommel &#8211; 12mm Kette &#8211; Wir pr\u00e4sentieren die Quick Rope and Chain Anchor<\/p>\n","protected":false},"featured_media":5943692,"comment_status":"open","ping_status":"closed","template":"","meta":[],"product_brand":[3280],"product_cat":[1324],"product_tag":[],"class_list":{"0":"post-735659","1":"product","2":"type-product","3":"status-publish","4":"has-post-thumbnail","6":"product_brand-quick-de","7":"product_cat-ankerwinden-quick","9":"first","10":"instock","11":"shipping-taxable","12":"purchasable","13":"product-type-simple"},"_links":{"self":[{"href":"https:\/\/stoic-curie.212-227-153-4.plesk.page\/de\/wp-json\/wp\/v2\/product\/735659","targetHints":{"allow":["GET"]}}],"collection":[{"href":"https:\/\/stoic-curie.212-227-153-4.plesk.page\/de\/wp-json\/wp\/v2\/product"}],"about":[{"href":"https:\/\/stoic-curie.212-227-153-4.plesk.page\/de\/wp-json\/wp\/v2\/types\/product"}],"replies":[{"embeddable":true,"href":"https:\/\/stoic-curie.212-227-153-4.plesk.page\/de\/wp-json\/wp\/v2\/comments?post=735659"}],"version-history":[{"count":0,"href":"https:\/\/stoic-curie.212-227-153-4.plesk.page\/de\/wp-json\/wp\/v2\/product\/735659\/revisions"}],"wp:featuredmedia":[{"embeddable":true,"href":"https:\/\/stoic-curie.212-227-153-4.plesk.page\/de\/wp-json\/wp\/v2\/media\/5943692"}],"wp:attachment":[{"href":"https:\/\/stoic-curie.212-227-153-4.plesk.page\/de\/wp-json\/wp\/v2\/media?parent=735659"}],"wp:term":[{"taxonomy":"product_brand","embeddable":true,"href":"https:\/\/stoic-curie.212-227-153-4.plesk.page\/de\/wp-json\/wp\/v2\/product_brand?post=735659"},{"taxonomy":"product_cat","embeddable":true,"href":"https:\/\/stoic-curie.212-227-153-4.plesk.page\/de\/wp-json\/wp\/v2\/product_cat?post=735659"},{"taxonomy":"product_tag","embeddable":true,"href":"https:\/\/stoic-curie.212-227-153-4.plesk.page\/de\/wp-json\/wp\/v2\/product_tag?post=735659"}],"curies":[{"name":"wp","href":"https:\/\/api.w.org\/{rel}","templated":true}]}}