{"id":735662,"date":"2025-03-03T16:28:52","date_gmt":"2025-03-03T15:28:52","guid":{"rendered":"https:\/\/stoic-curie.212-227-153-4.plesk.page\/producto\/wc-tecma-nano-kompakt-12v-mit-all-in-one-sft-panel\/"},"modified":"2026-02-24T23:35:02","modified_gmt":"2026-02-24T23:35:02","slug":"wc-tecma-nano-kompakt-12v-mit-all-in-one-sft-panel","status":"publish","type":"product","link":"https:\/\/stoic-curie.212-227-153-4.plesk.page\/de\/product\/wc-tecma-nano-kompakt-12v-mit-all-in-one-sft-panel\/","title":{"rendered":"Toilette Tecma Nano 12v (All-in-One SFT Panel)"},"content":{"rendered":"<p>Toilette Tecma Nano 12v (All-in-One SFT Panel) &#8211; <\/p>\n<p>Wir freuen uns, Ihnen die Tecma Nano kompakte Toilette pr\u00e4sentieren zu d\u00fcrfen, die mit einem thermoh\u00e4rtenden Sitz ausgestattet ist. Dieser vereint geschickt Komfort mit einem platzsparenden Design und bietet gleichzeitig eine au\u00dfergew\u00f6hnliche Leistung. Diese Toilette ist mit einer robusten Zerkleinerungspumpe ausgestattet, die minimalen Wasser- und Stromverbrauch bei niedrigen Ger\u00e4uschpegeln gew\u00e4hrleistet. Der Installations- und Verdrahtungsprozess ist einfach und schnell und erfordert keine laufende Wartung.<\/p>\n<p>Die Tecma Nano kann \u00fcber zwei verschiedene Bedienpanels gesteuert werden:<\/p>\n<ul>\n<li><strong>Eco Panel<\/strong>: Dieses Panel enth\u00e4lt einen Knopf zur Aktivierung der Lade- und Entladefunktionen.<\/li>\n<li><strong>All-in-One SFT Panel<\/strong>: Dieses Zweitastenpanel integriert die Smart Flush-Technologie, die sowohl den Wasserverbrauch als auch den Ger\u00e4uschpegel reduziert. Zus\u00e4tzlich verf\u00fcgt es \u00fcber eine Anzeige zur \u00dcberwachung des Schwarzwassertanks und eine Funktion, um \u00dcberl\u00e4ufe bei der Wasserbelastung zu vermeiden.<\/li>\n<\/ul>\n<p>Als das kompakteste Modell auf dem Markt vereint die Nano Komfort, Zuverl\u00e4ssigkeit und Leistung. Sie hat eine H\u00f6he von nur 295 mm und arbeitet ebenso ger\u00e4uscharm wie andere Tecma Elektrowc. Sie ist aus italienischem wei\u00dfen Keramik gefertigt, hat einen thermoh\u00e4rtenden Polyester-Sitz und wird mit einem Eco Rocker Switch-Bedienfeld geliefert. Sie ist f\u00fcr die Installation mit einer Meerwasser-Einlasspumpe konzipiert und enth\u00e4lt ein Magnetventil, um das Bordplumbing-System zu umgehen.<\/p>\n<p>Die Nano-Toilette nutzt modernste Turbinentechnologie, die eine kraftvolle Sp\u00fclung erm\u00f6glicht, die Verstopfungen widersteht. Dieses Modell verk\u00f6rpert die perfekte Kombination aus Effizienz und kompakt Design und bietet den gleichen Komfort wie gr\u00f6\u00dfere Toiletten. Sie wurde speziell auf die Anforderungen von Fahrzeugen unter 50 Fu\u00df (15 Metern) abgestimmt. Das Produktentwicklungsteam von Thetford Marine hat eine elegante L\u00f6sung entworfen, die aufgrund ihrer kompakten Abmessungen Flexibilit\u00e4t bei der Installation bietet.<\/p>\n<p>Bemerkenswerte Eigenschaften sind:<\/p>\n<ul>\n<li>Zwei R\u00fcckschlagventile in Kombination mit einem Wasserfang, um unangenehme Ger\u00fcche zu verhindern.<\/li>\n<li>Au\u00dfergew\u00f6hnlich leiser Betrieb.<\/li>\n<li>Kompatibel mit sowohl Rohwasser- als auch Drucksp\u00fclsystemen.<\/li>\n<li>Eine saubere, trockene Sch\u00fcssel nach jeder kraftvollen Sp\u00fclung.<\/li>\n<li>Ein benutzerfreundlicher Eco-Rocker-Schalter zur Minimierung von Energie- und Wasserverbrauch oder ein intelligenter Sp\u00fclcontroller mit fortschrittlichen Funktionen f\u00fcr Sp\u00fcl- und Tankmanagement.<\/li>\n<\/ul>\n<p>Die Leistung der Zerkleinerungspumpe erf\u00fcllt alle Qualit\u00e4tsstandards, und die Technologie in der Toilette wurde optimiert, um Ger\u00e4uschemissionen zu reduzieren, w\u00e4hrend der Wasser- und Stromverbrauch niedrig gehalten wird. Installation, Sanit\u00e4r- und Verdrahtungsarbeiten sind unkompliziert und schnell und erfordern nahezu keine Wartung.<\/p>\n<p>Tecma Nano Marine-Toiletten sind h\u00e4ufig auf Chaparral-Booten, Monterey- und Canados-Schiffen zu finden.<\/p>\n<p><strong>Technische Daten:<\/strong><\/p>\n<ul>\n<li>Gewicht: 17,6 kg (38,8 lb)<\/li>\n<li>Auspumpstation: MAC 4 12V<\/li>\n<li>Einlassger\u00e4t: Magnetventil (optionale Einlasspumpe)<\/li>\n<\/ul>\n","protected":false},"excerpt":{"rendered":"<p>Toilette Tecma Nano 12v (All-in-One SFT Panel) &#8211; Wir freuen uns, Ihnen die Tecma Nano kompakte Toilette pr\u00e4sentieren zu d\u00fcrfen,<\/p>\n","protected":false},"featured_media":5941647,"comment_status":"open","ping_status":"closed","template":"","meta":[],"product_brand":[3470],"product_cat":[1388],"product_tag":[],"class_list":{"0":"post-735662","1":"product","2":"type-product","3":"status-publish","4":"has-post-thumbnail","6":"product_brand-tecma-de","7":"product_cat-marine-wcs","9":"first","10":"instock","11":"shipping-taxable","12":"purchasable","13":"product-type-simple"},"_links":{"self":[{"href":"https:\/\/stoic-curie.212-227-153-4.plesk.page\/de\/wp-json\/wp\/v2\/product\/735662","targetHints":{"allow":["GET"]}}],"collection":[{"href":"https:\/\/stoic-curie.212-227-153-4.plesk.page\/de\/wp-json\/wp\/v2\/product"}],"about":[{"href":"https:\/\/stoic-curie.212-227-153-4.plesk.page\/de\/wp-json\/wp\/v2\/types\/product"}],"replies":[{"embeddable":true,"href":"https:\/\/stoic-curie.212-227-153-4.plesk.page\/de\/wp-json\/wp\/v2\/comments?post=735662"}],"version-history":[{"count":0,"href":"https:\/\/stoic-curie.212-227-153-4.plesk.page\/de\/wp-json\/wp\/v2\/product\/735662\/revisions"}],"wp:featuredmedia":[{"embeddable":true,"href":"https:\/\/stoic-curie.212-227-153-4.plesk.page\/de\/wp-json\/wp\/v2\/media\/5941647"}],"wp:attachment":[{"href":"https:\/\/stoic-curie.212-227-153-4.plesk.page\/de\/wp-json\/wp\/v2\/media?parent=735662"}],"wp:term":[{"taxonomy":"product_brand","embeddable":true,"href":"https:\/\/stoic-curie.212-227-153-4.plesk.page\/de\/wp-json\/wp\/v2\/product_brand?post=735662"},{"taxonomy":"product_cat","embeddable":true,"href":"https:\/\/stoic-curie.212-227-153-4.plesk.page\/de\/wp-json\/wp\/v2\/product_cat?post=735662"},{"taxonomy":"product_tag","embeddable":true,"href":"https:\/\/stoic-curie.212-227-153-4.plesk.page\/de\/wp-json\/wp\/v2\/product_tag?post=735662"}],"curies":[{"name":"wp","href":"https:\/\/api.w.org\/{rel}","templated":true}]}}