{"id":735667,"date":"2025-03-03T16:28:53","date_gmt":"2025-03-03T15:28:53","guid":{"rendered":"https:\/\/stoic-curie.212-227-153-4.plesk.page\/producto\/marine-xenon-suchscheinwerfer-800-m-24v\/"},"modified":"2026-02-24T23:35:02","modified_gmt":"2026-02-24T23:35:02","slug":"marine-xenon-suchscheinwerfer-800-m-24v","status":"publish","type":"product","link":"https:\/\/stoic-curie.212-227-153-4.plesk.page\/de\/product\/marine-xenon-suchscheinwerfer-800-m-24v\/","title":{"rendered":"Marine Xenon Suchscheinwerfer, 800 m, 24V"},"content":{"rendered":"<p>Marine Xenon Suchscheinwerfer, 800 m, 24V &#8211; <\/p>\n<p>Verstellbarer Scheinwerfer mit wasserdichtem kabelgebundenem Bedienfeld, das eine 360\u00b0 x 70\u00b0 Auf\/Ab-Drehung erm\u00f6glicht. XENON-Geschlossene Lampe, die 7 Mal heller ist als ein Standard-Suchscheinwerfer. Abmessungen: 350 mm L\u00e4nge &#8211; 260 mm Breite &#8211; 320 mm H\u00f6he. Optionale kabellose Steuerung mit Plug-and-Play-Empf\u00e4nger und -Sender bis zu 35 m. Wenn installiert, ersetzt sie das kabelgebundene Bedienfeld. Um beide Systeme zu erhalten, sollte das Dual-Station-Paneel erworben werden.<\/p>\n","protected":false},"excerpt":{"rendered":"<p>Marine Xenon Suchscheinwerfer, 800 m, 24V &#8211; Verstellbarer Scheinwerfer mit wasserdichtem kabelgebundenem Bedienfeld, das eine 360\u00b0 x 70\u00b0 Auf\/Ab-Drehung erm\u00f6glicht.<\/p>\n","protected":false},"featured_media":5941694,"comment_status":"open","ping_status":"closed","template":"","meta":[],"product_brand":[3140],"product_cat":[1447],"product_tag":[],"class_list":{"0":"post-735667","1":"product","2":"type-product","3":"status-publish","4":"has-post-thumbnail","6":"product_brand-matromarine-de","7":"product_cat-suchscheinwerfer-und-spotlights","9":"first","10":"instock","11":"shipping-taxable","12":"purchasable","13":"product-type-simple"},"_links":{"self":[{"href":"https:\/\/stoic-curie.212-227-153-4.plesk.page\/de\/wp-json\/wp\/v2\/product\/735667","targetHints":{"allow":["GET"]}}],"collection":[{"href":"https:\/\/stoic-curie.212-227-153-4.plesk.page\/de\/wp-json\/wp\/v2\/product"}],"about":[{"href":"https:\/\/stoic-curie.212-227-153-4.plesk.page\/de\/wp-json\/wp\/v2\/types\/product"}],"replies":[{"embeddable":true,"href":"https:\/\/stoic-curie.212-227-153-4.plesk.page\/de\/wp-json\/wp\/v2\/comments?post=735667"}],"version-history":[{"count":0,"href":"https:\/\/stoic-curie.212-227-153-4.plesk.page\/de\/wp-json\/wp\/v2\/product\/735667\/revisions"}],"wp:featuredmedia":[{"embeddable":true,"href":"https:\/\/stoic-curie.212-227-153-4.plesk.page\/de\/wp-json\/wp\/v2\/media\/5941694"}],"wp:attachment":[{"href":"https:\/\/stoic-curie.212-227-153-4.plesk.page\/de\/wp-json\/wp\/v2\/media?parent=735667"}],"wp:term":[{"taxonomy":"product_brand","embeddable":true,"href":"https:\/\/stoic-curie.212-227-153-4.plesk.page\/de\/wp-json\/wp\/v2\/product_brand?post=735667"},{"taxonomy":"product_cat","embeddable":true,"href":"https:\/\/stoic-curie.212-227-153-4.plesk.page\/de\/wp-json\/wp\/v2\/product_cat?post=735667"},{"taxonomy":"product_tag","embeddable":true,"href":"https:\/\/stoic-curie.212-227-153-4.plesk.page\/de\/wp-json\/wp\/v2\/product_tag?post=735667"}],"curies":[{"name":"wp","href":"https:\/\/api.w.org\/{rel}","templated":true}]}}