{"id":735672,"date":"2025-03-03T16:28:54","date_gmt":"2025-03-03T15:28:54","guid":{"rendered":"https:\/\/stoic-curie.212-227-153-4.plesk.page\/producto\/sb-teakoel-tropical-light-1000ml\/"},"modified":"2026-02-24T23:35:02","modified_gmt":"2026-02-24T23:35:02","slug":"sb-teakoel-tropical-light-1000ml","status":"publish","type":"product","link":"https:\/\/stoic-curie.212-227-153-4.plesk.page\/de\/product\/sb-teakoel-tropical-light-1000ml\/","title":{"rendered":"Star Brite Teak Sealer Tropical Natural 1lt"},"content":{"rendered":"<p>Star Brite Teak Sealer Tropical Natural 1lt &#8211; <\/p>\n<p>\u2022 Nat\u00fcrliche Farbtropical Teak\u00f6l<br \/>\u2022 Versiegelung, die l\u00e4nger h\u00e4lt als jedes andere Teak\u00f6l oder Versiegelungsmittel<br \/>\u2022 Tropffreie, spritzfreie Formel<br \/>\u2022 Sch\u00fctzt vor ultravioletten Strahlen<br \/>\u2022 Langanhaltend, dringt tief ein f\u00fcr umfassenden Schutz<br \/>\u2022 Nur ein Anstrich erforderlich<\/p>\n","protected":false},"excerpt":{"rendered":"<p>Star Brite Teak Sealer Tropical Natural 1lt &#8211; \u2022 Nat\u00fcrliche Farbtropical Teak\u00f6l\u2022 Versiegelung, die l\u00e4nger h\u00e4lt als jedes andere Teak\u00f6l<\/p>\n","protected":false},"featured_media":5941769,"comment_status":"open","ping_status":"closed","template":"","meta":[],"product_brand":[3435],"product_cat":[1338],"product_tag":[],"class_list":{"0":"post-735672","1":"product","2":"type-product","3":"status-publish","4":"has-post-thumbnail","6":"product_brand-starbrite-de","7":"product_cat-marine-schiffslacke-und-teakoel","9":"first","10":"instock","11":"shipping-taxable","12":"purchasable","13":"product-type-simple"},"_links":{"self":[{"href":"https:\/\/stoic-curie.212-227-153-4.plesk.page\/de\/wp-json\/wp\/v2\/product\/735672","targetHints":{"allow":["GET"]}}],"collection":[{"href":"https:\/\/stoic-curie.212-227-153-4.plesk.page\/de\/wp-json\/wp\/v2\/product"}],"about":[{"href":"https:\/\/stoic-curie.212-227-153-4.plesk.page\/de\/wp-json\/wp\/v2\/types\/product"}],"replies":[{"embeddable":true,"href":"https:\/\/stoic-curie.212-227-153-4.plesk.page\/de\/wp-json\/wp\/v2\/comments?post=735672"}],"version-history":[{"count":0,"href":"https:\/\/stoic-curie.212-227-153-4.plesk.page\/de\/wp-json\/wp\/v2\/product\/735672\/revisions"}],"wp:featuredmedia":[{"embeddable":true,"href":"https:\/\/stoic-curie.212-227-153-4.plesk.page\/de\/wp-json\/wp\/v2\/media\/5941769"}],"wp:attachment":[{"href":"https:\/\/stoic-curie.212-227-153-4.plesk.page\/de\/wp-json\/wp\/v2\/media?parent=735672"}],"wp:term":[{"taxonomy":"product_brand","embeddable":true,"href":"https:\/\/stoic-curie.212-227-153-4.plesk.page\/de\/wp-json\/wp\/v2\/product_brand?post=735672"},{"taxonomy":"product_cat","embeddable":true,"href":"https:\/\/stoic-curie.212-227-153-4.plesk.page\/de\/wp-json\/wp\/v2\/product_cat?post=735672"},{"taxonomy":"product_tag","embeddable":true,"href":"https:\/\/stoic-curie.212-227-153-4.plesk.page\/de\/wp-json\/wp\/v2\/product_tag?post=735672"}],"curies":[{"name":"wp","href":"https:\/\/api.w.org\/{rel}","templated":true}]}}