{"id":735673,"date":"2025-03-03T16:28:54","date_gmt":"2025-03-03T15:28:54","guid":{"rendered":"https:\/\/stoic-curie.212-227-153-4.plesk.page\/producto\/teakoel-star-brite-tropical-38-l\/"},"modified":"2026-02-24T23:35:02","modified_gmt":"2026-02-24T23:35:02","slug":"teakoel-star-brite-tropical-38-l","status":"publish","type":"product","link":"https:\/\/stoic-curie.212-227-153-4.plesk.page\/de\/product\/teakoel-star-brite-tropical-38-l\/","title":{"rendered":"Star Brite Teak Sealer Tropical Natural 3.8lt"},"content":{"rendered":"<p>Star Brite Teak Sealer Tropical Natural 3.8lt &#8211; <\/p>\n<p>\u2022 Nat\u00fcrliche Farbe Teak\u00f6l<br \/>\u2022 Versiegelung, die l\u00e4nger h\u00e4lt als jedes andere Teak\u00f6l oder jede andere Versiegelung<br \/>\u2022 Tropffreie, spritzfreie Formel<br \/>\u2022 Sch\u00fctzt vor UV-Strahlen<br \/>\u2022 Langanhaltend, dringt tief ein f\u00fcr einen vollst\u00e4ndigen Schutz<br \/>\u2022 Nur ein Anstrich erforderlich<\/p>\n","protected":false},"excerpt":{"rendered":"<p>Star Brite Teak Sealer Tropical Natural 3.8lt &#8211; \u2022 Nat\u00fcrliche Farbe Teak\u00f6l\u2022 Versiegelung, die l\u00e4nger h\u00e4lt als jedes andere Teak\u00f6l<\/p>\n","protected":false},"featured_media":5941769,"comment_status":"open","ping_status":"closed","template":"","meta":[],"product_brand":[3435],"product_cat":[1338],"product_tag":[],"class_list":{"0":"post-735673","1":"product","2":"type-product","3":"status-publish","4":"has-post-thumbnail","6":"product_brand-starbrite-de","7":"product_cat-marine-schiffslacke-und-teakoel","9":"first","10":"instock","11":"shipping-taxable","12":"purchasable","13":"product-type-simple"},"_links":{"self":[{"href":"https:\/\/stoic-curie.212-227-153-4.plesk.page\/de\/wp-json\/wp\/v2\/product\/735673","targetHints":{"allow":["GET"]}}],"collection":[{"href":"https:\/\/stoic-curie.212-227-153-4.plesk.page\/de\/wp-json\/wp\/v2\/product"}],"about":[{"href":"https:\/\/stoic-curie.212-227-153-4.plesk.page\/de\/wp-json\/wp\/v2\/types\/product"}],"replies":[{"embeddable":true,"href":"https:\/\/stoic-curie.212-227-153-4.plesk.page\/de\/wp-json\/wp\/v2\/comments?post=735673"}],"version-history":[{"count":0,"href":"https:\/\/stoic-curie.212-227-153-4.plesk.page\/de\/wp-json\/wp\/v2\/product\/735673\/revisions"}],"wp:featuredmedia":[{"embeddable":true,"href":"https:\/\/stoic-curie.212-227-153-4.plesk.page\/de\/wp-json\/wp\/v2\/media\/5941769"}],"wp:attachment":[{"href":"https:\/\/stoic-curie.212-227-153-4.plesk.page\/de\/wp-json\/wp\/v2\/media?parent=735673"}],"wp:term":[{"taxonomy":"product_brand","embeddable":true,"href":"https:\/\/stoic-curie.212-227-153-4.plesk.page\/de\/wp-json\/wp\/v2\/product_brand?post=735673"},{"taxonomy":"product_cat","embeddable":true,"href":"https:\/\/stoic-curie.212-227-153-4.plesk.page\/de\/wp-json\/wp\/v2\/product_cat?post=735673"},{"taxonomy":"product_tag","embeddable":true,"href":"https:\/\/stoic-curie.212-227-153-4.plesk.page\/de\/wp-json\/wp\/v2\/product_tag?post=735673"}],"curies":[{"name":"wp","href":"https:\/\/api.w.org\/{rel}","templated":true}]}}