{"id":735677,"date":"2025-03-03T16:28:55","date_gmt":"2025-03-03T15:28:55","guid":{"rendered":"https:\/\/stoic-curie.212-227-153-4.plesk.page\/producto\/baumkick-bamar-100-1600mm-segelboote-8-105m\/"},"modified":"2026-02-24T23:35:02","modified_gmt":"2026-02-24T23:35:02","slug":"baumkick-bamar-100-1600mm-segelboote-8-105m","status":"publish","type":"product","link":"https:\/\/stoic-curie.212-227-153-4.plesk.page\/de\/product\/baumkick-bamar-100-1600mm-segelboote-8-105m\/","title":{"rendered":"Baumkick Bamar 100"},"content":{"rendered":"<p>Baumkick Bamar 100 &#8211; <\/p>\n<p style=\"color: rgb(34, 34, 34); font-family: Arial, Helvetica, sans-serif; font-size: small;\">Der mechanische Kicker von Bamar verf\u00fcgt \u00fcber eine interne Edelstahlfeder, die den Baum anhebt.<\/p>\n<p style=\"color: rgb(34, 34, 34); font-family: Arial, Helvetica, sans-serif; font-size: small;\">Er besteht aus eloxiertem Aluminium und enth\u00e4lt spezielle Verbindungsterminals, die Rollen integrieren und ein kompaktes Leinen-System schaffen. Sie k\u00f6nnen die Leine vom Cockpit aus steuern oder sie mit dem zus\u00e4tzlichen Tacklesystem am Kicker sichern. Die Feder erm\u00f6glicht eine einfache Anpassung des Schubs, indem einfach das obere Rohr oder Terminal gedreht wird. Dieser Kicker ist in f\u00fcnf Modellen erh\u00e4ltlich, die f\u00fcr Boote von 30 bis 62 Fu\u00df konzipiert sind. Sie k\u00f6nnen die L\u00e4nge w\u00e4hrend der Installation auf Ihrem Boot anpassen.<\/p>\n<p style=\"color: rgb(34, 34, 34); font-family: Arial, Helvetica, sans-serif; font-size: small;\">Dieser Kicker ist wahlweise aus silbernem oder schwarzem eloxiertem Aluminium gefertigt. Er besteht aus zwei teleskopischen Rohren mit einzigartigen Verbindungsterminals, die integrierte Rollen f\u00fcr ein kompaktes Leinen-Tackle haben. Die Leine kann ins Cockpit geleitet oder mit einem zus\u00e4tzlichen Tacklesystem und einer Klampe am Kicker fixiert werden. Der Federmechanismus erm\u00f6glicht es Ihnen, den Vang-Schub durch Drehen des oberen Rohres oder Terminals anzupassen.<\/p>\n<p style=\"color: rgb(34, 34, 34); font-family: Arial, Helvetica, sans-serif; font-size: small;\">Technische Daten:<\/p>\n<ul style=\"color: rgb(34, 34, 34); font-family: Arial, Helvetica, sans-serif; font-size: small;\">\n<li>Seildurchmesser: 8 mm<\/li>\n<li>Empfohlene maximale Bootgr\u00f6\u00dfe: 34 ft<\/li>\n<li>Empfohlene minimale Bootgr\u00f6\u00dfe: 30 ft<\/li>\n<li>Maximale L\u00e4nge: 1600 mm<\/li>\n<li>Kaufverh\u00e4ltnis: 4:1<\/li>\n<li>Federkraft: 1080 N<\/li>\n<li>Stift-Durchmesser: 10 mm<\/li>\n<li>Hub: 200 mm<\/li>\n<li>L\u00e4nge A: 1600 mm<\/li>\n<li>Gewicht: 3000 g<\/li>\n<\/ul>\n","protected":false},"excerpt":{"rendered":"<p>Baumkick Bamar 100 &#8211; Der mechanische Kicker von Bamar verf\u00fcgt \u00fcber eine interne Edelstahlfeder, die den Baum anhebt. Er besteht<\/p>\n","protected":false},"featured_media":5943709,"comment_status":"open","ping_status":"closed","template":"","meta":[],"product_brand":[2810],"product_cat":[1476],"product_tag":[],"class_list":{"0":"post-735677","1":"product","2":"type-product","3":"status-publish","4":"has-post-thumbnail","6":"product_brand-bamar-de","7":"product_cat-boomstuetze","9":"first","10":"instock","11":"shipping-taxable","12":"purchasable","13":"product-type-simple"},"_links":{"self":[{"href":"https:\/\/stoic-curie.212-227-153-4.plesk.page\/de\/wp-json\/wp\/v2\/product\/735677","targetHints":{"allow":["GET"]}}],"collection":[{"href":"https:\/\/stoic-curie.212-227-153-4.plesk.page\/de\/wp-json\/wp\/v2\/product"}],"about":[{"href":"https:\/\/stoic-curie.212-227-153-4.plesk.page\/de\/wp-json\/wp\/v2\/types\/product"}],"replies":[{"embeddable":true,"href":"https:\/\/stoic-curie.212-227-153-4.plesk.page\/de\/wp-json\/wp\/v2\/comments?post=735677"}],"version-history":[{"count":0,"href":"https:\/\/stoic-curie.212-227-153-4.plesk.page\/de\/wp-json\/wp\/v2\/product\/735677\/revisions"}],"wp:featuredmedia":[{"embeddable":true,"href":"https:\/\/stoic-curie.212-227-153-4.plesk.page\/de\/wp-json\/wp\/v2\/media\/5943709"}],"wp:attachment":[{"href":"https:\/\/stoic-curie.212-227-153-4.plesk.page\/de\/wp-json\/wp\/v2\/media?parent=735677"}],"wp:term":[{"taxonomy":"product_brand","embeddable":true,"href":"https:\/\/stoic-curie.212-227-153-4.plesk.page\/de\/wp-json\/wp\/v2\/product_brand?post=735677"},{"taxonomy":"product_cat","embeddable":true,"href":"https:\/\/stoic-curie.212-227-153-4.plesk.page\/de\/wp-json\/wp\/v2\/product_cat?post=735677"},{"taxonomy":"product_tag","embeddable":true,"href":"https:\/\/stoic-curie.212-227-153-4.plesk.page\/de\/wp-json\/wp\/v2\/product_tag?post=735677"}],"curies":[{"name":"wp","href":"https:\/\/api.w.org\/{rel}","templated":true}]}}