{"id":735679,"date":"2025-03-03T16:28:56","date_gmt":"2025-03-03T15:28:56","guid":{"rendered":"https:\/\/stoic-curie.212-227-153-4.plesk.page\/producto\/baumkick-bamar-300s-1250-2000mm-segelboote-12-16m\/"},"modified":"2026-02-24T23:35:02","modified_gmt":"2026-02-24T23:35:02","slug":"baumkick-bamar-300s-1250-2000mm-segelboote-12-16m","status":"publish","type":"product","link":"https:\/\/stoic-curie.212-227-153-4.plesk.page\/de\/product\/baumkick-bamar-300s-1250-2000mm-segelboote-12-16m\/","title":{"rendered":"Baumkick Bamar 300s"},"content":{"rendered":"<p>Baumkick Bamar 300s &#8211; <\/p>\n<p style=\"color: rgb(34, 34, 34); font-family: Arial, Helvetica, sans-serif; font-size: small;\">Der Bamar Mechanical Kicker &#8211; Modell 300S verf\u00fcgt \u00fcber eine interne Stahlfeder, die den Boom anhebt. Diese Produktlinie umfasst f\u00fcnf Modelle, die f\u00fcr Boote von 30 bis 62 Fu\u00df geeignet sind. Die L\u00e4nge kann w\u00e4hrend der Installation an Ihrem Boot angepasst werden.<\/p>\n<p style=\"color: rgb(34, 34, 34); font-family: Arial, Helvetica, sans-serif; font-size: small;\">Dieser Kicker besteht aus eloxiertem Aluminiumlegierung entweder in Silber oder Schwarz. Er besteht aus zwei teleskopischen R\u00f6hren mit speziellen Verbindungsterminals, die integrierte Rollen haben, sodass ein kompaktes Seilzubeh\u00f6r m\u00f6glich ist. Sie k\u00f6nnen die Leine in die Kabine leiten oder sie am Kicker selbst mit einem zus\u00e4tzlichen Zubeh\u00f6r und einer Klampe sichern. Der Federmechanismus erm\u00f6glicht es Ihnen, den Kicker-Vortrieb durch Drehen des oberen Rohres oder Terminus anzupassen.<\/p>\n<p style=\"color: rgb(34, 34, 34); font-family: Arial, Helvetica, sans-serif; font-size: small;\"><strong>Funktionen:<\/strong><\/p>\n<p style=\"color: rgb(34, 34, 34); font-family: Arial, Helvetica, sans-serif; font-size: small;\">Das Kit enth\u00e4lt die folgenden Teile:<\/p>\n<p style=\"color: rgb(34, 34, 34); font-family: Arial, Helvetica, sans-serif; font-size: small;\">(A) &#8211; Bedienungs- und Wartungshandbuch<br \/>(B) &#8211; Halb zusammengebauter Mechanical Kicker &#8211; Modell 300S<br \/>(C) &#8211; Kicker-Terminal (Boom-Seite)<br \/>(D) &#8211; Tasche mit Kleinteilen (Nieten, Unterlegscheiben)<br \/>(E) &#8211; Seil<br \/>(F) &#8211; Zus\u00e4tzliches Zubeh\u00f6r:<\/p>\n<ul style=\"color: rgb(34, 34, 34); font-family: Arial, Helvetica, sans-serif; font-size: small;\">\n<li>Fiddleblock<\/li>\n<li>Fiddleblock mit Klemme und Becket<\/li>\n<li>Stift zur Verbindung von Bl\u00f6cken<\/li>\n<li>Leine<\/li>\n<\/ul>\n<p style=\"color: rgb(34, 34, 34); font-family: Arial, Helvetica, sans-serif; font-size: small;\"><strong>Spezifikationen:<\/strong><\/p>\n<ul style=\"color: rgb(34, 34, 34); font-family: Arial, Helvetica, sans-serif; font-size: small;\">\n<li>Modell: Bamar Mechanical Kicker 300S<\/li>\n<li>Farboptionen: Silber oder Schwarz<\/li>\n<li>L\u00e4nge (L): 2000 mm<\/li>\n<li>A: 20 mm<\/li>\n<li>B: 40 mm<\/li>\n<li>C: 18 mm<\/li>\n<li>Stiftdurchmesser: 14 mm<\/li>\n<li>Gewicht: 9,5 kg<\/li>\n<li>Vorgeschlagene Bootsgr\u00f6\u00dfe: 42-52 Fu\u00df<\/li>\n<li>Technische Zeichnung in Bildern verf\u00fcgbar<\/li>\n<li>Hersteller-Code: 105003000000 (Silber)<\/li>\n<\/ul>\n<p style=\"color: rgb(34, 34, 34); font-family: Arial, Helvetica, sans-serif; font-size: small;\">Dieser detaillierte \u00dcberblick liefert Ihnen alle notwendigen Informationen, um den Bamar Mechanical Kicker &#8211; Modell 300S und seine Funktionen zu verstehen.<\/p>\n","protected":false},"excerpt":{"rendered":"<p>Baumkick Bamar 300s &#8211; Der Bamar Mechanical Kicker &#8211; Modell 300S verf\u00fcgt \u00fcber eine interne Stahlfeder, die den Boom anhebt.<\/p>\n","protected":false},"featured_media":5943709,"comment_status":"open","ping_status":"closed","template":"","meta":[],"product_brand":[2810],"product_cat":[1476],"product_tag":[],"class_list":{"0":"post-735679","1":"product","2":"type-product","3":"status-publish","4":"has-post-thumbnail","6":"product_brand-bamar-de","7":"product_cat-boomstuetze","9":"first","10":"outofstock","11":"shipping-taxable","12":"purchasable","13":"product-type-simple"},"_links":{"self":[{"href":"https:\/\/stoic-curie.212-227-153-4.plesk.page\/de\/wp-json\/wp\/v2\/product\/735679","targetHints":{"allow":["GET"]}}],"collection":[{"href":"https:\/\/stoic-curie.212-227-153-4.plesk.page\/de\/wp-json\/wp\/v2\/product"}],"about":[{"href":"https:\/\/stoic-curie.212-227-153-4.plesk.page\/de\/wp-json\/wp\/v2\/types\/product"}],"replies":[{"embeddable":true,"href":"https:\/\/stoic-curie.212-227-153-4.plesk.page\/de\/wp-json\/wp\/v2\/comments?post=735679"}],"version-history":[{"count":0,"href":"https:\/\/stoic-curie.212-227-153-4.plesk.page\/de\/wp-json\/wp\/v2\/product\/735679\/revisions"}],"wp:featuredmedia":[{"embeddable":true,"href":"https:\/\/stoic-curie.212-227-153-4.plesk.page\/de\/wp-json\/wp\/v2\/media\/5943709"}],"wp:attachment":[{"href":"https:\/\/stoic-curie.212-227-153-4.plesk.page\/de\/wp-json\/wp\/v2\/media?parent=735679"}],"wp:term":[{"taxonomy":"product_brand","embeddable":true,"href":"https:\/\/stoic-curie.212-227-153-4.plesk.page\/de\/wp-json\/wp\/v2\/product_brand?post=735679"},{"taxonomy":"product_cat","embeddable":true,"href":"https:\/\/stoic-curie.212-227-153-4.plesk.page\/de\/wp-json\/wp\/v2\/product_cat?post=735679"},{"taxonomy":"product_tag","embeddable":true,"href":"https:\/\/stoic-curie.212-227-153-4.plesk.page\/de\/wp-json\/wp\/v2\/product_tag?post=735679"}],"curies":[{"name":"wp","href":"https:\/\/api.w.org\/{rel}","templated":true}]}}