{"id":735690,"date":"2025-03-03T16:28:58","date_gmt":"2025-03-03T15:28:58","guid":{"rendered":"https:\/\/stoic-curie.212-227-153-4.plesk.page\/producto\/lenkkabel-ultraflex-mach-90-40-fuss\/"},"modified":"2026-02-24T23:35:02","modified_gmt":"2026-02-24T23:35:02","slug":"lenkkabel-ultraflex-mach-90-40-fuss","status":"publish","type":"product","link":"https:\/\/stoic-curie.212-227-153-4.plesk.page\/de\/product\/lenkkabel-ultraflex-mach-90-40-fuss\/","title":{"rendered":"Lenkkabel Ultraflex Mach 90 40 Fu\u00df"},"content":{"rendered":"<p>Lenkkabel Ultraflex Mach 90 40 Fu\u00df &#8211; <\/p>\n<p>Einfache Bewegung, hohe Flexibilit\u00e4t: Ultraflex M90 Mach Steuerkabel f\u00fcr Steuerhebel: Ultraflex T85 \u2013 T71FC \u2013 T72FC \u2013 T73NRFC \u2013 T74NRFC \u2013 T81FC \u2013 T83NFRC \u2013 T91 \u2013 T93ZT \u2013 T101 \u2013 T103ZT Teleflex Safe TQC \u2013 NFB sicher TII \u2013 NFB4.2 Morse D290<\/p>\n","protected":false},"excerpt":{"rendered":"<p>Lenkkabel Ultraflex Mach 90 40 Fu\u00df &#8211; Einfache Bewegung, hohe Flexibilit\u00e4t: Ultraflex M90 Mach Steuerkabel f\u00fcr Steuerhebel: Ultraflex T85 \u2013<\/p>\n","protected":false},"featured_media":5943714,"comment_status":"open","ping_status":"closed","template":"","meta":[],"product_brand":[3500],"product_cat":[1541],"product_tag":[],"class_list":{"0":"post-735690","1":"product","2":"type-product","3":"status-publish","4":"has-post-thumbnail","6":"product_brand-ultraflex-uflex-de","7":"product_cat-kabelsteuerung","9":"first","10":"instock","11":"shipping-taxable","12":"purchasable","13":"product-type-simple"},"_links":{"self":[{"href":"https:\/\/stoic-curie.212-227-153-4.plesk.page\/de\/wp-json\/wp\/v2\/product\/735690","targetHints":{"allow":["GET"]}}],"collection":[{"href":"https:\/\/stoic-curie.212-227-153-4.plesk.page\/de\/wp-json\/wp\/v2\/product"}],"about":[{"href":"https:\/\/stoic-curie.212-227-153-4.plesk.page\/de\/wp-json\/wp\/v2\/types\/product"}],"replies":[{"embeddable":true,"href":"https:\/\/stoic-curie.212-227-153-4.plesk.page\/de\/wp-json\/wp\/v2\/comments?post=735690"}],"version-history":[{"count":0,"href":"https:\/\/stoic-curie.212-227-153-4.plesk.page\/de\/wp-json\/wp\/v2\/product\/735690\/revisions"}],"wp:featuredmedia":[{"embeddable":true,"href":"https:\/\/stoic-curie.212-227-153-4.plesk.page\/de\/wp-json\/wp\/v2\/media\/5943714"}],"wp:attachment":[{"href":"https:\/\/stoic-curie.212-227-153-4.plesk.page\/de\/wp-json\/wp\/v2\/media?parent=735690"}],"wp:term":[{"taxonomy":"product_brand","embeddable":true,"href":"https:\/\/stoic-curie.212-227-153-4.plesk.page\/de\/wp-json\/wp\/v2\/product_brand?post=735690"},{"taxonomy":"product_cat","embeddable":true,"href":"https:\/\/stoic-curie.212-227-153-4.plesk.page\/de\/wp-json\/wp\/v2\/product_cat?post=735690"},{"taxonomy":"product_tag","embeddable":true,"href":"https:\/\/stoic-curie.212-227-153-4.plesk.page\/de\/wp-json\/wp\/v2\/product_tag?post=735690"}],"curies":[{"name":"wp","href":"https:\/\/api.w.org\/{rel}","templated":true}]}}