{"id":735697,"date":"2025-03-03T16:28:59","date_gmt":"2025-03-03T15:28:59","guid":{"rendered":"https:\/\/stoic-curie.212-227-153-4.plesk.page\/producto\/kit-trimmklappen-bennet-1512-300-x-300-mm\/"},"modified":"2026-02-24T23:35:02","modified_gmt":"2026-02-24T23:35:02","slug":"kit-trimmklappen-bennet-1512-300-x-300-mm","status":"publish","type":"product","link":"https:\/\/stoic-curie.212-227-153-4.plesk.page\/de\/product\/kit-trimmklappen-bennet-1512-300-x-300-mm\/","title":{"rendered":"Bennett Bolt 1212 300 x 300 mm"},"content":{"rendered":"<p>Bennett Bolt 1212 300 x 300 mm &#8211; <\/p>\n<p style=\"color: rgb(34, 34, 34); font-family: Arial, Helvetica, sans-serif; font-size: small;\"><strong>BOLT1212 \u2013 12&#8243; x 12&#8243; Elektrisches Trim Tab Kit<\/strong><\/p>\n<p style=\"color: rgb(34, 34, 34); font-family: Arial, Helvetica, sans-serif; font-size: small;\">Dieses vollst\u00e4ndige Bennett Trim Tab Kit arbeitet mit 12V und enth\u00e4lt zwei Aktuatoren sowie zwei Edelstahl-Tabs. Es ist f\u00fcr Boote mit einer L\u00e4nge von 5,8 bis 7,3 Metern konzipiert. Bitte beachten Sie, dass das Bedienfeld separat bestellt werden muss.<\/p>\n<p style=\"color: rgb(34, 34, 34); font-family: Arial, Helvetica, sans-serif; font-size: small;\"><strong>Hauptmerkmale:<\/strong><\/p>\n<ul style=\"color: rgb(34, 34, 34); font-family: Arial, Helvetica, sans-serif; font-size: small;\">\n<li>Au\u00dferordentlich haltbare und zuverl\u00e4ssige elektrische Trim Tab Systeme<\/li>\n<li>Lebenslange Garantie auf elektrische Aktuatoren<\/li>\n<li>Wasserfeste Konstruktion sorgt f\u00fcr jahrelangen st\u00f6rungsfreien Betrieb<\/li>\n<li>Robuste Bauweise f\u00fcr langfristige Nutzung<\/li>\n<li>Schnelle und einfache Installation<\/li>\n<li>Verschiedene Steuer- und Montagem\u00f6glichkeiten sowie Tab-Gr\u00f6\u00dfen verf\u00fcgbar<\/li>\n<\/ul>\n<p style=\"color: rgb(34, 34, 34); font-family: Arial, Helvetica, sans-serif; font-size: small;\"><strong>Produktspezifikationen:<\/strong><\/p>\n<ul style=\"color: rgb(34, 34, 34); font-family: Arial, Helvetica, sans-serif; font-size: small;\">\n<li>\n<p><strong>Vertikaler Transomplatz erforderlich:<\/strong><\/p>\n<ul>\n<li>Fester oberer Scharnier (BEA2000): 13&#8243;<\/li>\n<li>Verstellbarer oberer Scharnier (BEA3000): 6,39&#8243;<\/li>\n<\/ul>\n<\/li>\n<li>\n<p><strong>Hub:<\/strong> 2,5&#8243;<\/p>\n<\/li>\n<li>\n<p><strong>L\u00e4nge:<\/strong> 13,25&#8243;<\/p>\n<\/li>\n<li>\n<p><strong>Spannung:<\/strong> 12V<\/p>\n<\/li>\n<li>\n<p><strong>Stecker:<\/strong> Deutsch, DT-Serie, 13A<\/p>\n<\/li>\n<\/ul>\n<p style=\"color: rgb(34, 34, 34); font-family: Arial, Helvetica, sans-serif; font-size: small;\"><strong>Arbeitskr\u00e4fte:<\/strong><\/p>\n<ul style=\"color: rgb(34, 34, 34); font-family: Arial, Helvetica, sans-serif; font-size: small;\">\n<li><strong>Bet\u00e4tigungskraft:<\/strong> 750 lb.<\/li>\n<li><strong>R\u00fcckkehrkraft:<\/strong> 750 lb.<\/li>\n<\/ul>\n<p style=\"color: rgb(34, 34, 34); font-family: Arial, Helvetica, sans-serif; font-size: small;\"><strong>Stromaufnahme:<\/strong><\/p>\n<ul style=\"color: rgb(34, 34, 34); font-family: Arial, Helvetica, sans-serif; font-size: small;\">\n<li><strong>Aktuatoren:<\/strong> maximale Stromaufnahme 20 Ampere<\/li>\n<li><strong>Steuerung:<\/strong> maximale Stromaufnahme 20 Ampere<\/li>\n<li><strong>Steuereinheit \/ Relaismodul:<\/strong> maximale Stromaufnahme 20 Ampere<\/li>\n<\/ul>\n<p style=\"color: rgb(34, 34, 34); font-family: Arial, Helvetica, sans-serif; font-size: small;\"><strong>Inklusive Komponenten:<\/strong><\/p>\n<ul style=\"color: rgb(34, 34, 34); font-family: Arial, Helvetica, sans-serif; font-size: small;\">\n<li>(2) Edelstahl Trim Plates (Tabs) und Montageschalen<\/li>\n<li>(2) 20 ft. Kabelb\u00e4ume mit wasserdichten Steckverbindern (BAW2020)<\/li>\n<li>(2) 12-Volt-Aktuatoren mit 6 ft. Kabelb\u00e4umen und wasserdichten Steckverbindern (BEA2000 oder BEA3000)<\/li>\n<\/ul>\n<p style=\"color: rgb(34, 34, 34); font-family: Arial, Helvetica, sans-serif; font-size: small;\">Dieses Trim Tab Kit ist eine hervorragende Wahl zur Verbesserung der Leistung Ihres Bootes und sorgt f\u00fcr eine sanfte Fahrt.<\/p>\n","protected":false},"excerpt":{"rendered":"<p>Bennett Bolt 1212 300 x 300 mm &#8211; BOLT1212 \u2013 12&#8243; x 12&#8243; Elektrisches Trim Tab Kit Dieses vollst\u00e4ndige Bennett<\/p>\n","protected":false},"featured_media":5941929,"comment_status":"open","ping_status":"closed","template":"","meta":[],"product_brand":[2820],"product_cat":[1519],"product_tag":[],"class_list":{"0":"post-735697","1":"product","2":"type-product","3":"status-publish","4":"has-post-thumbnail","6":"product_brand-bennett-marine-de","7":"product_cat-trimklappen","9":"first","10":"instock","11":"shipping-taxable","12":"purchasable","13":"product-type-simple"},"_links":{"self":[{"href":"https:\/\/stoic-curie.212-227-153-4.plesk.page\/de\/wp-json\/wp\/v2\/product\/735697","targetHints":{"allow":["GET"]}}],"collection":[{"href":"https:\/\/stoic-curie.212-227-153-4.plesk.page\/de\/wp-json\/wp\/v2\/product"}],"about":[{"href":"https:\/\/stoic-curie.212-227-153-4.plesk.page\/de\/wp-json\/wp\/v2\/types\/product"}],"replies":[{"embeddable":true,"href":"https:\/\/stoic-curie.212-227-153-4.plesk.page\/de\/wp-json\/wp\/v2\/comments?post=735697"}],"version-history":[{"count":0,"href":"https:\/\/stoic-curie.212-227-153-4.plesk.page\/de\/wp-json\/wp\/v2\/product\/735697\/revisions"}],"wp:featuredmedia":[{"embeddable":true,"href":"https:\/\/stoic-curie.212-227-153-4.plesk.page\/de\/wp-json\/wp\/v2\/media\/5941929"}],"wp:attachment":[{"href":"https:\/\/stoic-curie.212-227-153-4.plesk.page\/de\/wp-json\/wp\/v2\/media?parent=735697"}],"wp:term":[{"taxonomy":"product_brand","embeddable":true,"href":"https:\/\/stoic-curie.212-227-153-4.plesk.page\/de\/wp-json\/wp\/v2\/product_brand?post=735697"},{"taxonomy":"product_cat","embeddable":true,"href":"https:\/\/stoic-curie.212-227-153-4.plesk.page\/de\/wp-json\/wp\/v2\/product_cat?post=735697"},{"taxonomy":"product_tag","embeddable":true,"href":"https:\/\/stoic-curie.212-227-153-4.plesk.page\/de\/wp-json\/wp\/v2\/product_tag?post=735697"}],"curies":[{"name":"wp","href":"https:\/\/api.w.org\/{rel}","templated":true}]}}