{"id":735698,"date":"2025-03-03T16:28:59","date_gmt":"2025-03-03T15:28:59","guid":{"rendered":"https:\/\/stoic-curie.212-227-153-4.plesk.page\/producto\/drehbarer-griff-tuerschloss-157x30mm\/"},"modified":"2026-02-24T23:35:02","modified_gmt":"2026-02-24T23:35:02","slug":"drehbarer-griff-tuerschloss-157x30mm","status":"publish","type":"product","link":"https:\/\/stoic-curie.212-227-153-4.plesk.page\/de\/product\/drehbarer-griff-tuerschloss-157x30mm\/","title":{"rendered":"Drehbarer Griff T\u00fcrschloss, 157x30mm"},"content":{"rendered":"<p>Drehbarer Griff T\u00fcrschloss, 157x30mm &#8211; <\/p>\n<p>Verchromtes Messing-Drehgriff-T\u00fcrschloss, das als K\u00fchlschrankgriff, an T\u00fcren, Rolll\u00e4den und Toren installiert werden kann. Standard- oder schr\u00e4ger Riegel f\u00fcr T\u00fcrst\u00e4rken von bis zu 30 mm.<\/p>\n","protected":false},"excerpt":{"rendered":"<p>Drehbarer Griff T\u00fcrschloss, 157x30mm &#8211; Verchromtes Messing-Drehgriff-T\u00fcrschloss, das als K\u00fchlschrankgriff, an T\u00fcren, Rolll\u00e4den und Toren installiert werden kann. Standard- oder<\/p>\n","protected":false},"featured_media":5943726,"comment_status":"open","ping_status":"closed","template":"","meta":[],"product_brand":[2945],"product_cat":[1421],"product_tag":[],"class_list":{"0":"post-735698","1":"product","2":"type-product","3":"status-publish","4":"has-post-thumbnail","6":"product_brand-foresti-suardi-de","7":"product_cat-tuerschloesser","9":"first","10":"instock","11":"shipping-taxable","12":"purchasable","13":"product-type-simple"},"_links":{"self":[{"href":"https:\/\/stoic-curie.212-227-153-4.plesk.page\/de\/wp-json\/wp\/v2\/product\/735698","targetHints":{"allow":["GET"]}}],"collection":[{"href":"https:\/\/stoic-curie.212-227-153-4.plesk.page\/de\/wp-json\/wp\/v2\/product"}],"about":[{"href":"https:\/\/stoic-curie.212-227-153-4.plesk.page\/de\/wp-json\/wp\/v2\/types\/product"}],"replies":[{"embeddable":true,"href":"https:\/\/stoic-curie.212-227-153-4.plesk.page\/de\/wp-json\/wp\/v2\/comments?post=735698"}],"version-history":[{"count":0,"href":"https:\/\/stoic-curie.212-227-153-4.plesk.page\/de\/wp-json\/wp\/v2\/product\/735698\/revisions"}],"wp:featuredmedia":[{"embeddable":true,"href":"https:\/\/stoic-curie.212-227-153-4.plesk.page\/de\/wp-json\/wp\/v2\/media\/5943726"}],"wp:attachment":[{"href":"https:\/\/stoic-curie.212-227-153-4.plesk.page\/de\/wp-json\/wp\/v2\/media?parent=735698"}],"wp:term":[{"taxonomy":"product_brand","embeddable":true,"href":"https:\/\/stoic-curie.212-227-153-4.plesk.page\/de\/wp-json\/wp\/v2\/product_brand?post=735698"},{"taxonomy":"product_cat","embeddable":true,"href":"https:\/\/stoic-curie.212-227-153-4.plesk.page\/de\/wp-json\/wp\/v2\/product_cat?post=735698"},{"taxonomy":"product_tag","embeddable":true,"href":"https:\/\/stoic-curie.212-227-153-4.plesk.page\/de\/wp-json\/wp\/v2\/product_tag?post=735698"}],"curies":[{"name":"wp","href":"https:\/\/api.w.org\/{rel}","templated":true}]}}