{"id":735703,"date":"2025-03-03T16:29:00","date_gmt":"2025-03-03T15:29:00","guid":{"rendered":"https:\/\/stoic-curie.212-227-153-4.plesk.page\/producto\/bugstrahlruder-quick-btq-125-30-12v\/"},"modified":"2026-02-24T23:35:02","modified_gmt":"2026-02-24T23:35:02","slug":"bugstrahlruder-quick-btq-125-30-12v","status":"publish","type":"product","link":"https:\/\/stoic-curie.212-227-153-4.plesk.page\/de\/product\/bugstrahlruder-quick-btq-125-30-12v\/","title":{"rendered":"Bugstrahlruder Quick BTQ 125-30 12V"},"content":{"rendered":"<p>Bugstrahlruder Quick BTQ 125-30 12V &#8211; <\/p>\n<p style=\"color: rgb(34, 34, 34); font-family: Arial, Helvetica, sans-serif; font-size: small;\"><strong>Quick BTQ125 Bugstrahler<\/strong><\/p>\n<ul style=\"color: rgb(34, 34, 34); font-family: Arial, Helvetica, sans-serif; font-size: small;\">\n<li>Einzelpropeller aus strapazierf\u00e4higem Verbundmaterial<\/li>\n<li>Bronzegetriebe<\/li>\n<li>Schutzabdeckung f\u00fcr die Solenoide aus robustem Verbundmaterial<\/li>\n<li>Zinkanode, die unabh\u00e4ngig vom Getriebe ist und leicht austauschbar<\/li>\n<li>Ausgestattet mit einer elastischen Kupplung<\/li>\n<li>Empfohlen f\u00fcr Boote mit einer L\u00e4nge von 6 bis 8 Metern (20 bis 26 Fu\u00df)<\/li>\n<\/ul>\n<p style=\"color: rgb(34, 34, 34); font-family: Arial, Helvetica, sans-serif; font-size: small;\">Der Quick Bugstrahler arbeitet mit 12V und bietet 30 kgf Schubkraft bei einem Tunnel Durchmesser von 125 mm. Er verf\u00fcgt \u00fcber 4-Blatt-Propeller, die eine hervorragende Schubleistung bieten und gleichzeitig den Stromverbrauch reduzieren. Hergestellt aus starken Verbundmaterialien, ist dieser Bugstrahler daf\u00fcr ausgelegt, verschiedenen marinen Bedingungen standzuhalten. Das gegenl\u00e4ufige System verbessert den Schub, mit Propellern, die f\u00fcr die linke und rechte Seite ausgelegt sind und eine zuverl\u00e4ssige Leistung in beide Richtungen gew\u00e4hrleisten.<\/p>\n<p style=\"color: rgb(34, 34, 34); font-family: Arial, Helvetica, sans-serif; font-size: small;\"><strong>Spezifikationen:<\/strong><\/p>\n<ul style=\"color: rgb(34, 34, 34); font-family: Arial, Helvetica, sans-serif; font-size: small;\">\n<li>Spannung: 12V<\/li>\n<li>Schub: 30 kgf<\/li>\n<li>Tunnel Durchmesser: 125 mm<\/li>\n<li>Einzelpropellerantrieb<\/li>\n<li>Leistung: 1.3 kW<\/li>\n<li>Geeignet f\u00fcr Boote: 6 bis 8.5 Meter<\/li>\n<li>Sicherung: 200A<\/li>\n<\/ul>\n<p style=\"color: rgb(34, 34, 34); font-family: Arial, Helvetica, sans-serif; font-size: small;\"><strong>Modellinformation:<\/strong><br \/>Quick Bugstrahler BTQ 125-30 30KGF &#8211; 12V &#8211; D125 &#8211; 1.5kW &#8211; FGBT12530120T00<\/p>\n<p style=\"color: rgb(34, 34, 34); font-family: Arial, Helvetica, sans-serif; font-size: small;\"><strong>Verbesserte Leistung, reduzierter Stromverbrauch<\/strong><\/p>\n<p style=\"color: rgb(34, 34, 34); font-family: Arial, Helvetica, sans-serif; font-size: small;\">Die 4-Blatt-Propeller sorgen f\u00fcr maximalen Schub bei minimaler Stromaufnahme. Hergestellt aus Verbundmaterialien, sind sie resistent gegen verschiedene Bedingungen. Das gegenl\u00e4ufige System verbessert die Schubleistung, wobei jeder Propeller f\u00fcr die linke und rechte Seite ausgelegt ist, um eine konsistente Leistung in beide Richtungen aufrechtzuerhalten.<\/p>\n<p style=\"color: rgb(34, 34, 34); font-family: Arial, Helvetica, sans-serif; font-size: small;\"><strong>Hauptmerkmale:<\/strong><\/p>\n<ul style=\"color: rgb(34, 34, 34); font-family: Arial, Helvetica, sans-serif; font-size: small;\">\n<li>Das Getriebe ist so konzipiert, dass die Leistung des Propellers unabh\u00e4ngig von der Richtung nicht beeintr\u00e4chtigt wird.<\/li>\n<li>Das Bronze-Propellergetriebe verf\u00fcgt \u00fcber ein hydrodynamisches Profil, das Turbulenzen reduziert.<\/li>\n<li>Die Wartung ist minimal, da die speziell entwickelten Komponenten eine lebenslange Schmierung gew\u00e4hrleisten.<\/li>\n<li>Der anodisierte Aluminiumschutz ist leicht austauschbar. Wenn die Anode vollst\u00e4ndig korrodiert ist, bleibt der Propeller sicher befestigt, da er direkt am Pod angebracht ist, unabh\u00e4ngig von der Anode.<\/li>\n<li>Die elastische Verbindung optimiert die Ausrichtung zwischen Motor und Getriebe, die exklusiv von Quick entwickelt wurde. Diese Verbindung fungiert als Spannvorrichtung und sch\u00fctzt das Betriebssystem vor St\u00f6\u00dfen des Bugstrahlers, was zu \u00fcberlegener Leistung f\u00fchrt.<\/li>\n<\/ul>\n<p style=\"color: rgb(34, 34, 34); font-family: Arial, Helvetica, sans-serif; font-size: small;\"><strong>Die Motoren<\/strong><\/p>\n<p style=\"color: rgb(34, 34, 34); font-family: Arial, Helvetica, sans-serif; font-size: small;\">Wir verwenden Materialien der neuen Generation, um konsistente Leistung und maximale Effizienz, selbst unter anspruchsvollen Bedingungen, sicherzustellen.<\/p>\n<p style=\"color: rgb(34, 34, 34); font-family: Arial, Helvetica, sans-serif; font-size: small;\"><strong>Sicherheitsmerkmale<\/strong><\/p>\n<p style=\"color: rgb(34, 34, 34); font-family: Arial, Helvetica, sans-serif; font-size: small;\">Im Falle eines Relaisausfalls kann das TMS-Fernschalter-System die Stromversorgung des Motors von jedem Ort abschalten, an dem TDC-Panels oder TSC-Notlichthauptschalter installiert sind. Der Motor-Temperatursensor in BTQ-Motoren ben\u00f6tigt keinen thermischen Sensor, um maximale Leistung bei Bedarf zu liefern. Der \u00dcberhitzungsschutz wird von der Software innerhalb des Touchpanels oder Joystick-Panels verwaltet.<\/p>\n<p style=\"color: rgb(34, 34, 34); font-family: Arial, Helvetica, sans-serif; font-size: small;\"><strong>Produktinformationen:<\/strong><\/p>\n<ul style=\"color: rgb(34, 34, 34); font-family: Arial, Helvetica, sans-serif; font-size: small;\">\n<li>Produkt: QUICK BUGSTRAHLER BTQ 125-30 30KGF 12V D125 1.5KW<\/li>\n<li>Hersteller: Quick<\/li>\n<li>Hersteller Teil-Nr.: FGBT12530120T00<\/li>\n<\/ul>\n","protected":false},"excerpt":{"rendered":"<p>Bugstrahlruder Quick BTQ 125-30 12V &#8211; Quick BTQ125 Bugstrahler Einzelpropeller aus strapazierf\u00e4higem Verbundmaterial Bronzegetriebe Schutzabdeckung f\u00fcr die Solenoide aus robustem<\/p>\n","protected":false},"featured_media":5943747,"comment_status":"open","ping_status":"closed","template":"","meta":[],"product_brand":[3280],"product_cat":[1323],"product_tag":[],"class_list":{"0":"post-735703","1":"product","2":"type-product","3":"status-publish","4":"has-post-thumbnail","6":"product_brand-quick-de","7":"product_cat-bugstrahlruder-quick","9":"first","10":"outofstock","11":"shipping-taxable","12":"purchasable","13":"product-type-simple"},"_links":{"self":[{"href":"https:\/\/stoic-curie.212-227-153-4.plesk.page\/de\/wp-json\/wp\/v2\/product\/735703","targetHints":{"allow":["GET"]}}],"collection":[{"href":"https:\/\/stoic-curie.212-227-153-4.plesk.page\/de\/wp-json\/wp\/v2\/product"}],"about":[{"href":"https:\/\/stoic-curie.212-227-153-4.plesk.page\/de\/wp-json\/wp\/v2\/types\/product"}],"replies":[{"embeddable":true,"href":"https:\/\/stoic-curie.212-227-153-4.plesk.page\/de\/wp-json\/wp\/v2\/comments?post=735703"}],"version-history":[{"count":0,"href":"https:\/\/stoic-curie.212-227-153-4.plesk.page\/de\/wp-json\/wp\/v2\/product\/735703\/revisions"}],"wp:featuredmedia":[{"embeddable":true,"href":"https:\/\/stoic-curie.212-227-153-4.plesk.page\/de\/wp-json\/wp\/v2\/media\/5943747"}],"wp:attachment":[{"href":"https:\/\/stoic-curie.212-227-153-4.plesk.page\/de\/wp-json\/wp\/v2\/media?parent=735703"}],"wp:term":[{"taxonomy":"product_brand","embeddable":true,"href":"https:\/\/stoic-curie.212-227-153-4.plesk.page\/de\/wp-json\/wp\/v2\/product_brand?post=735703"},{"taxonomy":"product_cat","embeddable":true,"href":"https:\/\/stoic-curie.212-227-153-4.plesk.page\/de\/wp-json\/wp\/v2\/product_cat?post=735703"},{"taxonomy":"product_tag","embeddable":true,"href":"https:\/\/stoic-curie.212-227-153-4.plesk.page\/de\/wp-json\/wp\/v2\/product_tag?post=735703"}],"curies":[{"name":"wp","href":"https:\/\/api.w.org\/{rel}","templated":true}]}}