{"id":735705,"date":"2025-03-03T16:29:00","date_gmt":"2025-03-03T15:29:00","guid":{"rendered":"https:\/\/stoic-curie.212-227-153-4.plesk.page\/producto\/bugstrahlruder-quick-doppelschraube-btq-185-85-24v\/"},"modified":"2026-02-24T23:35:02","modified_gmt":"2026-02-24T23:35:02","slug":"bugstrahlruder-quick-doppelschraube-btq-185-85-24v","status":"publish","type":"product","link":"https:\/\/stoic-curie.212-227-153-4.plesk.page\/de\/product\/bugstrahlruder-quick-doppelschraube-btq-185-85-24v\/","title":{"rendered":"Bugstrahlruder Quick Doppelschraube BTQ 185-85 24V"},"content":{"rendered":"<p>Bugstrahlruder Quick Doppelschraube BTQ 185-85 24V &#8211; <\/p>\n<p>Wir pr\u00e4sentieren den Quick BTQ185 24V Bugstrahlruder, der mit zwei gegenl\u00e4ufigen Propellern ausgestattet ist, um au\u00dfergew\u00f6hnliche Leistungen zu bieten. Dieses Modell zeichnet sich durch eine robuste Konstruktion aus Verbundmaterialien aus, die sowohl Haltbarkeit als auch Zuverl\u00e4ssigkeit gew\u00e4hrleisten. Es verf\u00fcgt \u00fcber ein Bronze-Getriebe und eine sch\u00fctzende Magnetventilkappe, die beide aus widerstandsf\u00e4higem Verbundmaterial gefertigt sind. Die Zinkanode arbeitet unabh\u00e4ngig vom Getriebe, was einen einfachen Austausch bei Bedarf erm\u00f6glicht. Dar\u00fcber hinaus umfasst der Ruder ein elastisches Kupplungselement zur Verbesserung der Funktionalit\u00e4t.<\/p>\n<p>Der Quick BTQ185-85 arbeitet mit einem 24V DC-System und ist f\u00fcr Schiffe mit einer L\u00e4nge von 8 bis 15 Metern (26 bis 49 Fu\u00df) geeignet.<\/p>\n<p><strong>Technische Daten:<\/strong><\/p>\n<ul>\n<li><strong>Modell:<\/strong> BTQ 185-85 (24V)<\/li>\n<li><strong>Propellertyp:<\/strong> Zwei gegenl\u00e4ufige<\/li>\n<li><strong>Tunnel-Durchmesser:<\/strong> 185 mm (7&#8243; 18\/64)<\/li>\n<li><strong>Motorleistung:<\/strong> 4,3 kW<\/li>\n<li><strong>Spannung:<\/strong> 24V<\/li>\n<li><strong>Sicherung:<\/strong> 400A CNL DIN<\/li>\n<li><strong>Schub:<\/strong> 85 kgf (187,4 lb)<\/li>\n<li><strong>Gewicht:<\/strong> 17,9 kg (39,4 lb)<\/li>\n<\/ul>\n<p><strong>Produktinhalt:<\/strong><\/p>\n<ul>\n<li>Bugstrahlruder<\/li>\n<li>Bohrausriss<\/li>\n<li>Dichtungsring<\/li>\n<li>O-Ring (f\u00fcr Montage)<\/li>\n<li>Installations- und Benutzerhandbuch<\/li>\n<li>Garantiebedingungen<\/li>\n<\/ul>\n<p>Dieses umfassende Paket sorgt daf\u00fcr, dass Sie alles f\u00fcr die Installation und den Betrieb ben\u00f6tigen, und macht den Quick BTQ185 Bugstrahlruder zu einer ausgezeichneten Wahl zur Verbesserung Ihrer Bootsfahrten.<\/p>\n","protected":false},"excerpt":{"rendered":"<p>Bugstrahlruder Quick Doppelschraube BTQ 185-85 24V &#8211; Wir pr\u00e4sentieren den Quick BTQ185 24V Bugstrahlruder, der mit zwei gegenl\u00e4ufigen Propellern ausgestattet<\/p>\n","protected":false},"featured_media":5941968,"comment_status":"open","ping_status":"closed","template":"","meta":[],"product_brand":[3280],"product_cat":[1323],"product_tag":[],"class_list":{"0":"post-735705","1":"product","2":"type-product","3":"status-publish","4":"has-post-thumbnail","6":"product_brand-quick-de","7":"product_cat-bugstrahlruder-quick","9":"first","10":"instock","11":"shipping-taxable","12":"purchasable","13":"product-type-simple"},"_links":{"self":[{"href":"https:\/\/stoic-curie.212-227-153-4.plesk.page\/de\/wp-json\/wp\/v2\/product\/735705","targetHints":{"allow":["GET"]}}],"collection":[{"href":"https:\/\/stoic-curie.212-227-153-4.plesk.page\/de\/wp-json\/wp\/v2\/product"}],"about":[{"href":"https:\/\/stoic-curie.212-227-153-4.plesk.page\/de\/wp-json\/wp\/v2\/types\/product"}],"replies":[{"embeddable":true,"href":"https:\/\/stoic-curie.212-227-153-4.plesk.page\/de\/wp-json\/wp\/v2\/comments?post=735705"}],"version-history":[{"count":0,"href":"https:\/\/stoic-curie.212-227-153-4.plesk.page\/de\/wp-json\/wp\/v2\/product\/735705\/revisions"}],"wp:featuredmedia":[{"embeddable":true,"href":"https:\/\/stoic-curie.212-227-153-4.plesk.page\/de\/wp-json\/wp\/v2\/media\/5941968"}],"wp:attachment":[{"href":"https:\/\/stoic-curie.212-227-153-4.plesk.page\/de\/wp-json\/wp\/v2\/media?parent=735705"}],"wp:term":[{"taxonomy":"product_brand","embeddable":true,"href":"https:\/\/stoic-curie.212-227-153-4.plesk.page\/de\/wp-json\/wp\/v2\/product_brand?post=735705"},{"taxonomy":"product_cat","embeddable":true,"href":"https:\/\/stoic-curie.212-227-153-4.plesk.page\/de\/wp-json\/wp\/v2\/product_cat?post=735705"},{"taxonomy":"product_tag","embeddable":true,"href":"https:\/\/stoic-curie.212-227-153-4.plesk.page\/de\/wp-json\/wp\/v2\/product_tag?post=735705"}],"curies":[{"name":"wp","href":"https:\/\/api.w.org\/{rel}","templated":true}]}}