{"id":735706,"date":"2025-03-03T16:29:00","date_gmt":"2025-03-03T15:29:00","guid":{"rendered":"https:\/\/stoic-curie.212-227-153-4.plesk.page\/producto\/kit-bugstrahlruder-quick-btq-185-55-12v\/"},"modified":"2026-02-24T23:35:02","modified_gmt":"2026-02-24T23:35:02","slug":"kit-bugstrahlruder-quick-btq-185-55-12v","status":"publish","type":"product","link":"https:\/\/stoic-curie.212-227-153-4.plesk.page\/de\/product\/kit-bugstrahlruder-quick-btq-185-55-12v\/","title":{"rendered":"Kit Bugstrahlruder Quick BTQ 185-55 12V"},"content":{"rendered":"<p>Kit Bugstrahlruder Quick BTQ 185-55 12V &#8211; <\/p>\n<p style=\"color: rgb(34, 34, 34); font-family: Arial, Helvetica, sans-serif; font-size: small;\">Wir pr\u00e4sentieren das komplette Quick Bow Thruster Installationskit, das f\u00fcr eine unkomplizierte Installation und verbesserte Leistung entwickelt wurde. Dieses Kit besteht aus einem robusten Verbundmaterial f\u00fcr die Carter-Schutz, einem langlebigen Bronze-Getriebe und einem elastischen Kupplungsst\u00fcck. Die enthaltenen Komponenten sind wie folgt:<\/p>\n<ul style=\"color: rgb(34, 34, 34); font-family: Arial, Helvetica, sans-serif; font-size: small;\">\n<li>Tunnell\u00e4ngen: 75 cm (BTQ 125\/140) und 100 cm (BTQ 185)<\/li>\n<li>Panele: Touchpanel TCD1022 (BTQ 125\/140) und Joystick TCD1042 (BTQ 185)<\/li>\n<li>Elektrische Kabel: 6 m (BTQ 125\/140) und 12 m (BTQ 185)<\/li>\n<li>Sicherung und Sicherungshalter<\/li>\n<\/ul>\n<p style=\"color: rgb(34, 34, 34); font-family: Arial, Helvetica, sans-serif; font-size: small;\">Entwickelt von einem der f\u00fchrenden Hersteller in der Branche der Bugstrahlruder, wird dieses Bugstrahlrudersatz von vielen Bootseignern vertraut, die Zuverl\u00e4ssigkeit und Sicherheit priorisieren. Quick unterh\u00e4lt strenge Qualit\u00e4tskontrollen und ein Engagement f\u00fcr die Produktentwicklung, was zu Bugstrahlrudern f\u00fchrt, die folgendes bieten:<\/p>\n<ul style=\"color: rgb(34, 34, 34); font-family: Arial, Helvetica, sans-serif; font-size: small;\">\n<li>Fortschrittliche Antriebstechnik<\/li>\n<li>Leichte Verbundpropeller<\/li>\n<li>Leistungsstarke Elektromotoren<\/li>\n<li>Str\u00f6mungsg\u00fcnstige Getriebeverkleidung<\/li>\n<li>In-house Produktion, Montage und Qualit\u00e4tskontrolle<\/li>\n<li>Verwendung von hochwertigen Materialien<\/li>\n<\/ul>\n<p style=\"color: rgb(34, 34, 34); font-family: Arial, Helvetica, sans-serif; font-size: small;\">Hauptmerkmale:<\/p>\n<ol style=\"color: rgb(34, 34, 34); font-family: Arial, Helvetica, sans-serif; font-size: small;\">\n<li>\n<p>Die Elektromotoren sind speziell f\u00fcr Anwendungen von Bugstrahlrudern konstruiert und gew\u00e4hrleisten eine minimale Betriebsdauer von drei Minuten auf dem angegebenen Leistungsniveau. Sie beinhalten eingebaute \u00dcberlast- und W\u00e4rmeschutz.<\/p>\n<\/li>\n<li>\n<p>Die Relais sind direkt am Motor montiert und durch eine robuste Abdeckung gesch\u00fctzt. Jedes Bugstrahlruder ist mit einer Zeitverz\u00f6gerungsfunktion ausgestattet, um schnelle Richtungswechsel der Drehung zu verhindern.<\/p>\n<\/li>\n<li>\n<p>Die Unterwasserkomponenten und das Getriebe sind aus marinem Bronze gefertigt und optimal geformt, um Turbulenzen zu minimieren.<\/p>\n<\/li>\n<li>\n<p>Die Propeller sind aus hochwertigem Verbundkunststoff gefertigt und liefern in beiden Richtungen einen gleichm\u00e4\u00dfigen Schub.<\/p>\n<\/li>\n<\/ol>\n<p style=\"color: rgb(34, 34, 34); font-family: Arial, Helvetica, sans-serif; font-size: small;\">Der Quick BTQ 185-55 12V DC Bugstrahlruder wird f\u00fcr Boote empfohlen, die zwischen 8 und 15 Metern (26 bis 49 Fu\u00df) lang sind. Dieses Modell verf\u00fcgt \u00fcber einen einzelnen Propeller aus robustem Verbundmaterial, ein Bronze-Getriebe und eine sch\u00fctzende Carter aus langlebigem Verbundmaterial. Es enth\u00e4lt ein elastisches Kupplungsst\u00fcck und eine Zinkanode, die unabh\u00e4ngig vom Getriebe ist, was einen einfachen Austausch erm\u00f6glicht.<\/p>\n<p style=\"color: rgb(34, 34, 34); font-family: Arial, Helvetica, sans-serif; font-size: small;\">Spezifikationen:<\/p>\n<ul style=\"color: rgb(34, 34, 34); font-family: Arial, Helvetica, sans-serif; font-size: small;\">\n<li>Modell: BTQ 185-55 (12V)<\/li>\n<li>Propellertyp: Einzel<\/li>\n<li>Tunneldurchmesser: 185 mm (7&#8243; 18\/64)<\/li>\n<li>Motorleistung: 3,0 kW<\/li>\n<li>Spannung: 12V<\/li>\n<li>Sicherungskapazit\u00e4t: 250A CNL DIN<\/li>\n<li>Schub: 55 kgf (121,2 lb)<\/li>\n<li>Gewicht: 16,7 kg (36,8 lb)<\/li>\n<\/ul>\n<p style=\"color: rgb(34, 34, 34); font-family: Arial, Helvetica, sans-serif; font-size: small;\">Dieses Bugstrahlruder-Kit vereint Qualit\u00e4t, Zuverl\u00e4ssigkeit und Leistung und ist somit eine hervorragende Wahl f\u00fcr Bootseigner, die zuverl\u00e4ssige Ausr\u00fcstung suchen.<\/p>\n","protected":false},"excerpt":{"rendered":"<p>Kit Bugstrahlruder Quick BTQ 185-55 12V &#8211; Wir pr\u00e4sentieren das komplette Quick Bow Thruster Installationskit, das f\u00fcr eine unkomplizierte Installation<\/p>\n","protected":false},"featured_media":5941982,"comment_status":"open","ping_status":"closed","template":"","meta":[],"product_brand":[3280],"product_cat":[1323],"product_tag":[],"class_list":{"0":"post-735706","1":"product","2":"type-product","3":"status-publish","4":"has-post-thumbnail","6":"product_brand-quick-de","7":"product_cat-bugstrahlruder-quick","9":"first","10":"instock","11":"shipping-taxable","12":"purchasable","13":"product-type-simple"},"_links":{"self":[{"href":"https:\/\/stoic-curie.212-227-153-4.plesk.page\/de\/wp-json\/wp\/v2\/product\/735706","targetHints":{"allow":["GET"]}}],"collection":[{"href":"https:\/\/stoic-curie.212-227-153-4.plesk.page\/de\/wp-json\/wp\/v2\/product"}],"about":[{"href":"https:\/\/stoic-curie.212-227-153-4.plesk.page\/de\/wp-json\/wp\/v2\/types\/product"}],"replies":[{"embeddable":true,"href":"https:\/\/stoic-curie.212-227-153-4.plesk.page\/de\/wp-json\/wp\/v2\/comments?post=735706"}],"version-history":[{"count":0,"href":"https:\/\/stoic-curie.212-227-153-4.plesk.page\/de\/wp-json\/wp\/v2\/product\/735706\/revisions"}],"wp:featuredmedia":[{"embeddable":true,"href":"https:\/\/stoic-curie.212-227-153-4.plesk.page\/de\/wp-json\/wp\/v2\/media\/5941982"}],"wp:attachment":[{"href":"https:\/\/stoic-curie.212-227-153-4.plesk.page\/de\/wp-json\/wp\/v2\/media?parent=735706"}],"wp:term":[{"taxonomy":"product_brand","embeddable":true,"href":"https:\/\/stoic-curie.212-227-153-4.plesk.page\/de\/wp-json\/wp\/v2\/product_brand?post=735706"},{"taxonomy":"product_cat","embeddable":true,"href":"https:\/\/stoic-curie.212-227-153-4.plesk.page\/de\/wp-json\/wp\/v2\/product_cat?post=735706"},{"taxonomy":"product_tag","embeddable":true,"href":"https:\/\/stoic-curie.212-227-153-4.plesk.page\/de\/wp-json\/wp\/v2\/product_tag?post=735706"}],"curies":[{"name":"wp","href":"https:\/\/api.w.org\/{rel}","templated":true}]}}