{"id":735711,"date":"2025-03-03T16:29:02","date_gmt":"2025-03-03T15:29:02","guid":{"rendered":"https:\/\/stoic-curie.212-227-153-4.plesk.page\/producto\/fiberglas-tunnel-vetus-250mm-x-1m\/"},"modified":"2026-02-24T23:35:02","modified_gmt":"2026-02-24T23:35:02","slug":"fiberglas-tunnel-vetus-250mm-x-1m","status":"publish","type":"product","link":"https:\/\/stoic-curie.212-227-153-4.plesk.page\/de\/product\/fiberglas-tunnel-vetus-250mm-x-1m\/","title":{"rendered":"Fiberglas Tunnel 250 mm x 100 cm"},"content":{"rendered":"<p>Fiberglas Tunnel 250 mm x 100 cm &#8211; <\/p>\n<p>Wir freuen uns, Ihnen unseren hochwertigen 1-Meter-GRP-Tunnel vorzustellen, der einen Durchmesser von 250 mm hat. Dieser Tunnel ist speziell darauf ausgelegt, nahtlos mit den Vorschiffantriebssystemen Quick und Vetus BOW125 &amp; 160 zu arbeiten.<\/p>\n<p>Praktische Bewertungen zeigen, dass die Verwendung von ARM-Schallmaterial die von Vorschiffantrieben erzeugte Ger\u00e4usche erheblich reduzieren kann. Durch die Anwendung einer Schicht aus ARM-Material oder das Hinzuf\u00fcgen eines Plattenmaterials um den Tunnel herum kann der Ger\u00e4uschpegel um etwa 3 dB(A) gesenkt werden. Bei zwei Schichten kann die Ger\u00e4uschreduzierung sogar auf bis zu 7 dB(A) steigen.<\/p>\n<p><strong>Technische Daten<\/strong><\/p>\n<ul>\n<li><strong>Ma\u00dfe<\/strong>\n<ul>\n<li>Feder-Tunnel: 1000 mm<\/li>\n<li>Innendurchmesser Tunnel: 250 mm<\/li>\n<li>Au\u00dfendurchmesser Tunnel: 265 mm<\/li>\n<\/ul>\n<\/li>\n<\/ul>\n<p><strong>Hauptmerkmale<\/strong><\/p>\n<ul>\n<li><strong>Marke:<\/strong> Quick<\/li>\n<li><strong>Material:<\/strong> Glasfaserverst\u00e4rkter Vinylester (FRV)<\/li>\n<li><strong>Ideal f\u00fcr:<\/strong> Polyesterboote<\/li>\n<li><strong>Kompatibel mit folgenden Vorschiffantrieb-Marken:<\/strong>\n<ul>\n<li>Vetus<\/li>\n<li>Side-Power<\/li>\n<li>Craftsman Marine<\/li>\n<li>Quick<\/li>\n<\/ul>\n<\/li>\n<\/ul>\n<p>Dieser Tunnel ist eine hervorragende Wahl zur Verbesserung der Leistung und des Komforts Ihres Bootes.<\/p>\n","protected":false},"excerpt":{"rendered":"<p>Fiberglas Tunnel 250 mm x 100 cm &#8211; Wir freuen uns, Ihnen unseren hochwertigen 1-Meter-GRP-Tunnel vorzustellen, der einen Durchmesser von<\/p>\n","protected":false},"featured_media":5942044,"comment_status":"open","ping_status":"closed","template":"","meta":[],"product_brand":[3280],"product_cat":[1323,1322],"product_tag":[],"class_list":{"0":"post-735711","1":"product","2":"type-product","3":"status-publish","4":"has-post-thumbnail","6":"product_brand-quick-de","7":"product_cat-bugstrahlruder-quick","8":"product_cat-bugstrahlruder-vetus","10":"first","11":"instock","12":"shipping-taxable","13":"purchasable","14":"product-type-simple"},"_links":{"self":[{"href":"https:\/\/stoic-curie.212-227-153-4.plesk.page\/de\/wp-json\/wp\/v2\/product\/735711","targetHints":{"allow":["GET"]}}],"collection":[{"href":"https:\/\/stoic-curie.212-227-153-4.plesk.page\/de\/wp-json\/wp\/v2\/product"}],"about":[{"href":"https:\/\/stoic-curie.212-227-153-4.plesk.page\/de\/wp-json\/wp\/v2\/types\/product"}],"replies":[{"embeddable":true,"href":"https:\/\/stoic-curie.212-227-153-4.plesk.page\/de\/wp-json\/wp\/v2\/comments?post=735711"}],"version-history":[{"count":0,"href":"https:\/\/stoic-curie.212-227-153-4.plesk.page\/de\/wp-json\/wp\/v2\/product\/735711\/revisions"}],"wp:featuredmedia":[{"embeddable":true,"href":"https:\/\/stoic-curie.212-227-153-4.plesk.page\/de\/wp-json\/wp\/v2\/media\/5942044"}],"wp:attachment":[{"href":"https:\/\/stoic-curie.212-227-153-4.plesk.page\/de\/wp-json\/wp\/v2\/media?parent=735711"}],"wp:term":[{"taxonomy":"product_brand","embeddable":true,"href":"https:\/\/stoic-curie.212-227-153-4.plesk.page\/de\/wp-json\/wp\/v2\/product_brand?post=735711"},{"taxonomy":"product_cat","embeddable":true,"href":"https:\/\/stoic-curie.212-227-153-4.plesk.page\/de\/wp-json\/wp\/v2\/product_cat?post=735711"},{"taxonomy":"product_tag","embeddable":true,"href":"https:\/\/stoic-curie.212-227-153-4.plesk.page\/de\/wp-json\/wp\/v2\/product_tag?post=735711"}],"curies":[{"name":"wp","href":"https:\/\/api.w.org\/{rel}","templated":true}]}}