{"id":735714,"date":"2025-03-03T16:29:03","date_gmt":"2025-03-03T15:29:03","guid":{"rendered":"https:\/\/stoic-curie.212-227-153-4.plesk.page\/producto\/edelstahl-ankerschwenk-sidermarine-g70-12-14-mm-12500-kg\/"},"modified":"2026-02-24T23:35:03","modified_gmt":"2026-02-24T23:35:03","slug":"edelstahl-ankerschwenk-sidermarine-g70-12-14-mm-12500-kg","status":"publish","type":"product","link":"https:\/\/stoic-curie.212-227-153-4.plesk.page\/de\/product\/edelstahl-ankerschwenk-sidermarine-g70-12-14-mm-12500-kg\/","title":{"rendered":"Edelstahl-Ankerschwenk SiderMarine G70 12\/14 mm 12500 kg"},"content":{"rendered":"<p>Edelstahl-Ankerschwenk SiderMarine G70 12\/14 mm 12500 kg &#8211; <\/p>\n<p>SiderMarine-Anschlussst\u00fcck f\u00fcr vollst\u00e4ndige Sicherheit f\u00fcr das Boot und die Crew. Ideal f\u00fcr das Verwenden von Ankern und Ketten mit hohen Bruchlasten. Die seitliche Biegebelastung ist grunds\u00e4tzlich gleich der vertikalen. <br \/>&#8211; Hochbelastbarer geschmiedeter Edelstahlk\u00f6rper mit selbstsperrenden Bolzen<br \/>&#8211; 174-PH Edelstahlbolzen mit einer dreimal h\u00f6heren Tragf\u00e4higkeit als 316 Edelstahl<br \/>&#8211; Kettenbolzen mit reibungsarmen Bronze-Buchsen<br \/>&#8211; Drehung auf spezieller hochbelastbarer Bronze-Lauffl\u00e4che<br \/>&#8211; Vollst\u00e4ndig pr\u00fcfbar f\u00fcr Kontrollen und Reinigung<\/p>\n","protected":false},"excerpt":{"rendered":"<p>Edelstahl-Ankerschwenk SiderMarine G70 12\/14 mm 12500 kg &#8211; SiderMarine-Anschlussst\u00fcck f\u00fcr vollst\u00e4ndige Sicherheit f\u00fcr das Boot und die Crew. Ideal f\u00fcr<\/p>\n","protected":false},"featured_media":5943751,"comment_status":"open","ping_status":"closed","template":"","meta":[],"product_brand":[3385],"product_cat":[1578],"product_tag":[],"class_list":{"0":"post-735714","1":"product","2":"type-product","3":"status-publish","4":"has-post-thumbnail","6":"product_brand-sidermarine-de","7":"product_cat-ankerdrehgelenke","9":"first","10":"instock","11":"shipping-taxable","12":"purchasable","13":"product-type-simple"},"_links":{"self":[{"href":"https:\/\/stoic-curie.212-227-153-4.plesk.page\/de\/wp-json\/wp\/v2\/product\/735714","targetHints":{"allow":["GET"]}}],"collection":[{"href":"https:\/\/stoic-curie.212-227-153-4.plesk.page\/de\/wp-json\/wp\/v2\/product"}],"about":[{"href":"https:\/\/stoic-curie.212-227-153-4.plesk.page\/de\/wp-json\/wp\/v2\/types\/product"}],"replies":[{"embeddable":true,"href":"https:\/\/stoic-curie.212-227-153-4.plesk.page\/de\/wp-json\/wp\/v2\/comments?post=735714"}],"version-history":[{"count":0,"href":"https:\/\/stoic-curie.212-227-153-4.plesk.page\/de\/wp-json\/wp\/v2\/product\/735714\/revisions"}],"wp:featuredmedia":[{"embeddable":true,"href":"https:\/\/stoic-curie.212-227-153-4.plesk.page\/de\/wp-json\/wp\/v2\/media\/5943751"}],"wp:attachment":[{"href":"https:\/\/stoic-curie.212-227-153-4.plesk.page\/de\/wp-json\/wp\/v2\/media?parent=735714"}],"wp:term":[{"taxonomy":"product_brand","embeddable":true,"href":"https:\/\/stoic-curie.212-227-153-4.plesk.page\/de\/wp-json\/wp\/v2\/product_brand?post=735714"},{"taxonomy":"product_cat","embeddable":true,"href":"https:\/\/stoic-curie.212-227-153-4.plesk.page\/de\/wp-json\/wp\/v2\/product_cat?post=735714"},{"taxonomy":"product_tag","embeddable":true,"href":"https:\/\/stoic-curie.212-227-153-4.plesk.page\/de\/wp-json\/wp\/v2\/product_tag?post=735714"}],"curies":[{"name":"wp","href":"https:\/\/api.w.org\/{rel}","templated":true}]}}