{"id":735723,"date":"2025-03-03T16:29:05","date_gmt":"2025-03-03T15:29:05","guid":{"rendered":"https:\/\/stoic-curie.212-227-153-4.plesk.page\/producto\/verzinkter-stahl-pool-hhp-anker-150-kg\/"},"modified":"2026-02-24T23:35:03","modified_gmt":"2026-02-24T23:35:03","slug":"verzinkter-stahl-pool-hhp-anker-150-kg","status":"publish","type":"product","link":"https:\/\/stoic-curie.212-227-153-4.plesk.page\/de\/product\/verzinkter-stahl-pool-hhp-anker-150-kg\/","title":{"rendered":"Anker Pool HHP 150kg"},"content":{"rendered":"<p>Anker Pool HHP 150kg &#8211; <\/p>\n<p style=\"color: rgb(34, 34, 34); font-family: Arial, Helvetica, sans-serif; font-size: small;\">Verzinkter Stahl &#8220;Pool HHP&#8221; (High Holding Power) Anker: Ideal f\u00fcr den Einsatz in Sand und Schlamm. Der TW-Anker ist ein stockloses High Holding Power Anker, das entwickelt wurde, um \u00fcberlegene Ankerf\u00e4higkeiten zu bieten. Er bietet mehr als doppelt so viel Haltekraft im Vergleich zu herk\u00f6mmlichen Ankern desselben Gewichts. Dieses Anker verf\u00fcgt \u00fcber gro\u00dfe, flache Schaufeln aus hochfestem Stahlblech mit Dicken von 15 mm bis 140 mm, je nach Ankergr\u00f6\u00dfe.<\/p>\n<p style=\"color: rgb(34, 34, 34); font-family: Arial, Helvetica, sans-serif; font-size: small;\"><strong>Produktdetails:<\/strong><\/p>\n<ul style=\"color: rgb(34, 34, 34); font-family: Arial, Helvetica, sans-serif; font-size: small;\">\n<li><strong>Typ:<\/strong>\u00a0High Holding Power Anker<\/li>\n<li><strong>Material:<\/strong>\u00a0Stahl ZG230-45CH<\/li>\n<li><strong>Gewichtsspanne:<\/strong>\u00a050 kg bis 150 kg<\/li>\n<li><strong>Oberfl\u00e4chenbehandlung:<\/strong>\u00a0feuerverzinkt<\/li>\n<li><strong>Zertifizierungen:<\/strong>\u00a0BV, ABS, DNV, GL, LRS, RINA, RS, IRS, CCS, KR, NK<\/li>\n<\/ul>\n<p style=\"color: rgb(34, 34, 34); font-family: Arial, Helvetica, sans-serif; font-size: small;\">Dieses Anker ist eine ausgezeichnete Wahl f\u00fcr Bootseigent\u00fcmer, die zuverl\u00e4ssige und robuste Ankerl\u00f6sungen in schwierigen Umgebungen suchen.<\/p>\n","protected":false},"excerpt":{"rendered":"<p>Anker Pool HHP 150kg &#8211; Verzinkter Stahl &#8220;Pool HHP&#8221; (High Holding Power) Anker: Ideal f\u00fcr den Einsatz in Sand und<\/p>\n","protected":false},"featured_media":5942158,"comment_status":"open","ping_status":"closed","template":"","meta":[],"product_brand":[3085],"product_cat":[1584],"product_tag":[],"class_list":{"0":"post-735723","1":"product","2":"type-product","3":"status-publish","4":"has-post-thumbnail","6":"product_brand-maggigroup-de","7":"product_cat-anker-danforth","9":"first","10":"instock","11":"shipping-taxable","12":"purchasable","13":"product-type-simple"},"_links":{"self":[{"href":"https:\/\/stoic-curie.212-227-153-4.plesk.page\/de\/wp-json\/wp\/v2\/product\/735723","targetHints":{"allow":["GET"]}}],"collection":[{"href":"https:\/\/stoic-curie.212-227-153-4.plesk.page\/de\/wp-json\/wp\/v2\/product"}],"about":[{"href":"https:\/\/stoic-curie.212-227-153-4.plesk.page\/de\/wp-json\/wp\/v2\/types\/product"}],"replies":[{"embeddable":true,"href":"https:\/\/stoic-curie.212-227-153-4.plesk.page\/de\/wp-json\/wp\/v2\/comments?post=735723"}],"version-history":[{"count":0,"href":"https:\/\/stoic-curie.212-227-153-4.plesk.page\/de\/wp-json\/wp\/v2\/product\/735723\/revisions"}],"wp:featuredmedia":[{"embeddable":true,"href":"https:\/\/stoic-curie.212-227-153-4.plesk.page\/de\/wp-json\/wp\/v2\/media\/5942158"}],"wp:attachment":[{"href":"https:\/\/stoic-curie.212-227-153-4.plesk.page\/de\/wp-json\/wp\/v2\/media?parent=735723"}],"wp:term":[{"taxonomy":"product_brand","embeddable":true,"href":"https:\/\/stoic-curie.212-227-153-4.plesk.page\/de\/wp-json\/wp\/v2\/product_brand?post=735723"},{"taxonomy":"product_cat","embeddable":true,"href":"https:\/\/stoic-curie.212-227-153-4.plesk.page\/de\/wp-json\/wp\/v2\/product_cat?post=735723"},{"taxonomy":"product_tag","embeddable":true,"href":"https:\/\/stoic-curie.212-227-153-4.plesk.page\/de\/wp-json\/wp\/v2\/product_tag?post=735723"}],"curies":[{"name":"wp","href":"https:\/\/api.w.org\/{rel}","templated":true}]}}