{"id":735731,"date":"2025-03-03T16:29:06","date_gmt":"2025-03-03T15:29:06","guid":{"rendered":"https:\/\/stoic-curie.212-227-153-4.plesk.page\/producto\/edelstahl-led-lampe-mit-schalter-quick-tim-90-mm-3000-k\/"},"modified":"2026-02-24T23:35:03","modified_gmt":"2026-02-24T23:35:03","slug":"edelstahl-led-lampe-mit-schalter-quick-tim-90-mm-3000-k","status":"publish","type":"product","link":"https:\/\/stoic-curie.212-227-153-4.plesk.page\/de\/product\/edelstahl-led-lampe-mit-schalter-quick-tim-90-mm-3000-k\/","title":{"rendered":"Edelstahl-LED-Lampe mit Schalter Quick Tim 90 mm 3000 K"},"content":{"rendered":"<p>Edelstahl-LED-Lampe mit Schalter Quick Tim 90 mm 3000 K &#8211; <\/p>\n<p>2W IP40 LED-Domleuchte f\u00fcr Innenr\u00e4ume mit einem Geh\u00e4use aus 316 Edelstahl und Schalter. Aufputzmontage mit Schrauben. Universelle Spannung von 9-32V mit dimmbarer LED, die vor \u00dcberspannungen und Umkehrspannungen gesch\u00fctzt ist.<\/p>\n","protected":false},"excerpt":{"rendered":"<p>Edelstahl-LED-Lampe mit Schalter Quick Tim 90 mm 3000 K &#8211; 2W IP40 LED-Domleuchte f\u00fcr Innenr\u00e4ume mit einem Geh\u00e4use aus 316<\/p>\n","protected":false},"featured_media":5940834,"comment_status":"open","ping_status":"closed","template":"","meta":[],"product_brand":[3280],"product_cat":[1452],"product_tag":[],"class_list":{"0":"post-735731","1":"product","2":"type-product","3":"status-publish","4":"has-post-thumbnail","6":"product_brand-quick-de","7":"product_cat-bootsbeleuchtung","9":"first","10":"instock","11":"shipping-taxable","12":"purchasable","13":"product-type-simple"},"_links":{"self":[{"href":"https:\/\/stoic-curie.212-227-153-4.plesk.page\/de\/wp-json\/wp\/v2\/product\/735731","targetHints":{"allow":["GET"]}}],"collection":[{"href":"https:\/\/stoic-curie.212-227-153-4.plesk.page\/de\/wp-json\/wp\/v2\/product"}],"about":[{"href":"https:\/\/stoic-curie.212-227-153-4.plesk.page\/de\/wp-json\/wp\/v2\/types\/product"}],"replies":[{"embeddable":true,"href":"https:\/\/stoic-curie.212-227-153-4.plesk.page\/de\/wp-json\/wp\/v2\/comments?post=735731"}],"version-history":[{"count":0,"href":"https:\/\/stoic-curie.212-227-153-4.plesk.page\/de\/wp-json\/wp\/v2\/product\/735731\/revisions"}],"wp:featuredmedia":[{"embeddable":true,"href":"https:\/\/stoic-curie.212-227-153-4.plesk.page\/de\/wp-json\/wp\/v2\/media\/5940834"}],"wp:attachment":[{"href":"https:\/\/stoic-curie.212-227-153-4.plesk.page\/de\/wp-json\/wp\/v2\/media?parent=735731"}],"wp:term":[{"taxonomy":"product_brand","embeddable":true,"href":"https:\/\/stoic-curie.212-227-153-4.plesk.page\/de\/wp-json\/wp\/v2\/product_brand?post=735731"},{"taxonomy":"product_cat","embeddable":true,"href":"https:\/\/stoic-curie.212-227-153-4.plesk.page\/de\/wp-json\/wp\/v2\/product_cat?post=735731"},{"taxonomy":"product_tag","embeddable":true,"href":"https:\/\/stoic-curie.212-227-153-4.plesk.page\/de\/wp-json\/wp\/v2\/product_tag?post=735731"}],"curies":[{"name":"wp","href":"https:\/\/api.w.org\/{rel}","templated":true}]}}