{"id":735733,"date":"2025-03-03T16:29:07","date_gmt":"2025-03-03T15:29:07","guid":{"rendered":"https:\/\/stoic-curie.212-227-153-4.plesk.page\/producto\/dieselumfuellpumpe-ocean-12v-12-liter-pro-minute\/"},"modified":"2026-02-24T23:35:03","modified_gmt":"2026-02-24T23:35:03","slug":"dieselumfuellpumpe-ocean-12v-12-liter-pro-minute","status":"publish","type":"product","link":"https:\/\/stoic-curie.212-227-153-4.plesk.page\/de\/product\/dieselumfuellpumpe-ocean-12v-12-liter-pro-minute\/","title":{"rendered":"Dieselumf\u00fcllpumpe Ocean 12V 12 Liter pro Minute"},"content":{"rendered":"<p>Dieselumf\u00fcllpumpe Ocean 12V 12 Liter pro Minute &#8211; <\/p>\n<p>Kompakte selbstansaugende Pumpe mit PTFE-Zahnr\u00e4dern, geeignet f\u00fcr den Dauerbetrieb. Umkehrbare Flussrichtung, ben\u00f6tigt keinen Filter, kann auch im Trockenlauf betrieben werden. F\u00fcr den Transport von \u00d6l, Diesel, Wasser oder anderen viskosen Fl\u00fcssigkeiten.<\/p>\n","protected":false},"excerpt":{"rendered":"<p>Dieselumf\u00fcllpumpe Ocean 12V 12 Liter pro Minute &#8211; Kompakte selbstansaugende Pumpe mit PTFE-Zahnr\u00e4dern, geeignet f\u00fcr den Dauerbetrieb. Umkehrbare Flussrichtung, ben\u00f6tigt<\/p>\n","protected":false},"featured_media":5943768,"comment_status":"open","ping_status":"closed","template":"","meta":[],"product_brand":[3140],"product_cat":[1500],"product_tag":[],"class_list":{"0":"post-735733","1":"product","2":"type-product","3":"status-publish","4":"has-post-thumbnail","6":"product_brand-matromarine-de","7":"product_cat-pumpen-fuer-oel-und-kraftstoff","9":"first","10":"instock","11":"shipping-taxable","12":"purchasable","13":"product-type-simple"},"_links":{"self":[{"href":"https:\/\/stoic-curie.212-227-153-4.plesk.page\/de\/wp-json\/wp\/v2\/product\/735733","targetHints":{"allow":["GET"]}}],"collection":[{"href":"https:\/\/stoic-curie.212-227-153-4.plesk.page\/de\/wp-json\/wp\/v2\/product"}],"about":[{"href":"https:\/\/stoic-curie.212-227-153-4.plesk.page\/de\/wp-json\/wp\/v2\/types\/product"}],"replies":[{"embeddable":true,"href":"https:\/\/stoic-curie.212-227-153-4.plesk.page\/de\/wp-json\/wp\/v2\/comments?post=735733"}],"version-history":[{"count":0,"href":"https:\/\/stoic-curie.212-227-153-4.plesk.page\/de\/wp-json\/wp\/v2\/product\/735733\/revisions"}],"wp:featuredmedia":[{"embeddable":true,"href":"https:\/\/stoic-curie.212-227-153-4.plesk.page\/de\/wp-json\/wp\/v2\/media\/5943768"}],"wp:attachment":[{"href":"https:\/\/stoic-curie.212-227-153-4.plesk.page\/de\/wp-json\/wp\/v2\/media?parent=735733"}],"wp:term":[{"taxonomy":"product_brand","embeddable":true,"href":"https:\/\/stoic-curie.212-227-153-4.plesk.page\/de\/wp-json\/wp\/v2\/product_brand?post=735733"},{"taxonomy":"product_cat","embeddable":true,"href":"https:\/\/stoic-curie.212-227-153-4.plesk.page\/de\/wp-json\/wp\/v2\/product_cat?post=735733"},{"taxonomy":"product_tag","embeddable":true,"href":"https:\/\/stoic-curie.212-227-153-4.plesk.page\/de\/wp-json\/wp\/v2\/product_tag?post=735733"}],"curies":[{"name":"wp","href":"https:\/\/api.w.org\/{rel}","templated":true}]}}