{"id":735737,"date":"2025-03-03T16:29:08","date_gmt":"2025-03-03T15:29:08","guid":{"rendered":"https:\/\/stoic-curie.212-227-153-4.plesk.page\/producto\/antenne-ais-glomex-ra300ais-120-m\/"},"modified":"2026-02-24T23:35:03","modified_gmt":"2026-02-24T23:35:03","slug":"antenne-ais-glomex-ra300ais-120-m","status":"publish","type":"product","link":"https:\/\/stoic-curie.212-227-153-4.plesk.page\/de\/product\/antenne-ais-glomex-ra300ais-120-m\/","title":{"rendered":"Antenne AIS Glomex RA300AIS 1,20 m"},"content":{"rendered":"<p>Antenne AIS Glomex RA300AIS 1,20 m &#8211; <\/p>\n<p>UV-best\u00e4ndige flexible Fiberglas AIS (Automatisches Identifikationssystem) RA300AIS Antenne f\u00fcr jede Art von Boot. Erm\u00f6glicht den Empfang von AIS-Signalen und relevanten Informationen \u00fcber den Verkehr in der Umgebung. Der FME-Stecker erm\u00f6glicht eine schnelle und einfache Installation dank der angeschlossenen Kabel und Adapter. 5\/8&#8243; x 24 Gewindebasis. 100W \/ 6db \/ 161.975-162.025 MHz \/ 50 Ohm. H\u00f6he: 1,2 m. Mit der Verl\u00e4ngerung oder dem Adapter kann die Antenne auf 1&#8243; x 14 Gewindebasen montiert werden. Der Stecker erm\u00f6glicht den Anschluss des FME-Gewindes an den PL258 Koaxialanschluss.<\/p>\n","protected":false},"excerpt":{"rendered":"<p>Antenne AIS Glomex RA300AIS 1,20 m &#8211; UV-best\u00e4ndige flexible Fiberglas AIS (Automatisches Identifikationssystem) RA300AIS Antenne f\u00fcr jede Art von Boot.<\/p>\n","protected":false},"featured_media":3002426,"comment_status":"open","ping_status":"closed","template":"","meta":[],"product_brand":[2980,2279],"product_cat":[1457],"product_tag":[],"class_list":{"0":"post-735737","1":"product","2":"type-product","3":"status-publish","4":"has-post-thumbnail","6":"product_brand-glomex-de","7":"product_brand-glomex","8":"product_cat-bootelektronik","10":"first","11":"instock","12":"shipping-taxable","13":"purchasable","14":"product-type-simple"},"_links":{"self":[{"href":"https:\/\/stoic-curie.212-227-153-4.plesk.page\/de\/wp-json\/wp\/v2\/product\/735737","targetHints":{"allow":["GET"]}}],"collection":[{"href":"https:\/\/stoic-curie.212-227-153-4.plesk.page\/de\/wp-json\/wp\/v2\/product"}],"about":[{"href":"https:\/\/stoic-curie.212-227-153-4.plesk.page\/de\/wp-json\/wp\/v2\/types\/product"}],"replies":[{"embeddable":true,"href":"https:\/\/stoic-curie.212-227-153-4.plesk.page\/de\/wp-json\/wp\/v2\/comments?post=735737"}],"version-history":[{"count":0,"href":"https:\/\/stoic-curie.212-227-153-4.plesk.page\/de\/wp-json\/wp\/v2\/product\/735737\/revisions"}],"wp:featuredmedia":[{"embeddable":true,"href":"https:\/\/stoic-curie.212-227-153-4.plesk.page\/de\/wp-json\/"}],"wp:attachment":[{"href":"https:\/\/stoic-curie.212-227-153-4.plesk.page\/de\/wp-json\/wp\/v2\/media?parent=735737"}],"wp:term":[{"taxonomy":"product_brand","embeddable":true,"href":"https:\/\/stoic-curie.212-227-153-4.plesk.page\/de\/wp-json\/wp\/v2\/product_brand?post=735737"},{"taxonomy":"product_cat","embeddable":true,"href":"https:\/\/stoic-curie.212-227-153-4.plesk.page\/de\/wp-json\/wp\/v2\/product_cat?post=735737"},{"taxonomy":"product_tag","embeddable":true,"href":"https:\/\/stoic-curie.212-227-153-4.plesk.page\/de\/wp-json\/wp\/v2\/product_tag?post=735737"}],"curies":[{"name":"wp","href":"https:\/\/api.w.org\/{rel}","templated":true}]}}