{"id":735738,"date":"2025-03-03T16:29:08","date_gmt":"2025-03-03T15:29:08","guid":{"rendered":"https:\/\/stoic-curie.212-227-153-4.plesk.page\/producto\/fiberglas-hecktunnel-fuer-quick-btq140\/"},"modified":"2026-02-24T23:35:03","modified_gmt":"2026-02-24T23:35:03","slug":"fiberglas-hecktunnel-fuer-quick-btq140","status":"publish","type":"product","link":"https:\/\/stoic-curie.212-227-153-4.plesk.page\/de\/product\/fiberglas-hecktunnel-fuer-quick-btq140\/","title":{"rendered":"Fiberglas-Hecktunnel f\u00fcr Quick BTQ140"},"content":{"rendered":"<p>Fiberglas-Hecktunnel f\u00fcr Quick BTQ140 &#8211; <\/p>\n<p>Wir freuen uns, Fiberglas-Tunnel-Kits anzubieten, die speziell f\u00fcr alle Quick BTQ-Propeller entwickelt wurden. Diese Kits sind f\u00fcr die externe Installation am Heck Ihres Bootes konzipiert, um eine nahtlose Passform und optimale Leistung zu gew\u00e4hrleisten. Jedes Kit ist vollst\u00e4ndig mit einem geflanschten Polyester- und Fiberglas-Tunnel ausgestattet, der mit sowohl elektrischen als auch hydraulischen Quick-Propellern kompatibel ist. Diese Vielseitigkeit erm\u00f6glicht es Ihnen, den Propeller auszuw\u00e4hlen, der am besten zu Ihren Bootserfordernissen passt, und gew\u00e4hrleistet gleichzeitig zuverl\u00e4ssige Funktionalit\u00e4t und Langlebigkeit.<\/p>\n","protected":false},"excerpt":{"rendered":"<p>Fiberglas-Hecktunnel f\u00fcr Quick BTQ140 &#8211; Wir freuen uns, Fiberglas-Tunnel-Kits anzubieten, die speziell f\u00fcr alle Quick BTQ-Propeller entwickelt wurden. Diese Kits<\/p>\n","protected":false},"featured_media":5940387,"comment_status":"open","ping_status":"closed","template":"","meta":[],"product_brand":[3280],"product_cat":[1323],"product_tag":[],"class_list":{"0":"post-735738","1":"product","2":"type-product","3":"status-publish","4":"has-post-thumbnail","6":"product_brand-quick-de","7":"product_cat-bugstrahlruder-quick","9":"first","10":"instock","11":"shipping-taxable","12":"purchasable","13":"product-type-simple"},"_links":{"self":[{"href":"https:\/\/stoic-curie.212-227-153-4.plesk.page\/de\/wp-json\/wp\/v2\/product\/735738","targetHints":{"allow":["GET"]}}],"collection":[{"href":"https:\/\/stoic-curie.212-227-153-4.plesk.page\/de\/wp-json\/wp\/v2\/product"}],"about":[{"href":"https:\/\/stoic-curie.212-227-153-4.plesk.page\/de\/wp-json\/wp\/v2\/types\/product"}],"replies":[{"embeddable":true,"href":"https:\/\/stoic-curie.212-227-153-4.plesk.page\/de\/wp-json\/wp\/v2\/comments?post=735738"}],"version-history":[{"count":0,"href":"https:\/\/stoic-curie.212-227-153-4.plesk.page\/de\/wp-json\/wp\/v2\/product\/735738\/revisions"}],"wp:featuredmedia":[{"embeddable":true,"href":"https:\/\/stoic-curie.212-227-153-4.plesk.page\/de\/wp-json\/wp\/v2\/media\/5940387"}],"wp:attachment":[{"href":"https:\/\/stoic-curie.212-227-153-4.plesk.page\/de\/wp-json\/wp\/v2\/media?parent=735738"}],"wp:term":[{"taxonomy":"product_brand","embeddable":true,"href":"https:\/\/stoic-curie.212-227-153-4.plesk.page\/de\/wp-json\/wp\/v2\/product_brand?post=735738"},{"taxonomy":"product_cat","embeddable":true,"href":"https:\/\/stoic-curie.212-227-153-4.plesk.page\/de\/wp-json\/wp\/v2\/product_cat?post=735738"},{"taxonomy":"product_tag","embeddable":true,"href":"https:\/\/stoic-curie.212-227-153-4.plesk.page\/de\/wp-json\/wp\/v2\/product_tag?post=735738"}],"curies":[{"name":"wp","href":"https:\/\/api.w.org\/{rel}","templated":true}]}}