{"id":735751,"date":"2025-03-03T16:29:11","date_gmt":"2025-03-03T15:29:11","guid":{"rendered":"https:\/\/stoic-curie.212-227-153-4.plesk.page\/producto\/schwarzes-elektrisches-panel-mit-4-schaltern-batterietester-und-usb-steckdose-114-x-h191mm\/"},"modified":"2026-02-24T23:35:03","modified_gmt":"2026-02-24T23:35:03","slug":"schwarzes-elektrisches-panel-mit-4-schaltern-batterietester-und-usb-steckdose-114-x-h191mm","status":"publish","type":"product","link":"https:\/\/stoic-curie.212-227-153-4.plesk.page\/de\/product\/schwarzes-elektrisches-panel-mit-4-schaltern-batterietester-und-usb-steckdose-114-x-h191mm\/","title":{"rendered":"Schwarzes elektrisches Panel mit 4 Schaltern Batterietester und USB-Steckdose 114 x H191mm"},"content":{"rendered":"<p>Schwarzes elektrisches Panel mit 4 Schaltern Batterietester und USB-Steckdose 114 x H191mm &#8211; <\/p>\n<p>Aluminium IP66 wasserdichte 12\/24V hochwertige kompakte Panels. Verkabelt mit wasserdichten Schaltern, die mit roten LED-Pilotlichtern und Sicherungen mit Gummim\u00e4nteln ausgestattet sind. Der erste Schalter ist (ON)-OFF f\u00fcr die Hupe. Komplett mit 30 vorgedruckten Etiketten, die auf LED-hinterleuchteten Modulen angebracht werden k\u00f6nnen. Vertikale oder horizontale Montage.<\/p>\n","protected":false},"excerpt":{"rendered":"<p>Schwarzes elektrisches Panel mit 4 Schaltern Batterietester und USB-Steckdose 114 x H191mm &#8211; Aluminium IP66 wasserdichte 12\/24V hochwertige kompakte Panels.<\/p>\n","protected":false},"featured_media":5942477,"comment_status":"open","ping_status":"closed","template":"","meta":[],"product_brand":[2830],"product_cat":[1459],"product_tag":[],"class_list":{"0":"post-735751","1":"product","2":"type-product","3":"status-publish","4":"has-post-thumbnail","6":"product_brand-blue-sea-systems-de","7":"product_cat-elektrische-schaltpaneele","9":"first","10":"instock","11":"shipping-taxable","12":"purchasable","13":"product-type-simple"},"_links":{"self":[{"href":"https:\/\/stoic-curie.212-227-153-4.plesk.page\/de\/wp-json\/wp\/v2\/product\/735751","targetHints":{"allow":["GET"]}}],"collection":[{"href":"https:\/\/stoic-curie.212-227-153-4.plesk.page\/de\/wp-json\/wp\/v2\/product"}],"about":[{"href":"https:\/\/stoic-curie.212-227-153-4.plesk.page\/de\/wp-json\/wp\/v2\/types\/product"}],"replies":[{"embeddable":true,"href":"https:\/\/stoic-curie.212-227-153-4.plesk.page\/de\/wp-json\/wp\/v2\/comments?post=735751"}],"version-history":[{"count":0,"href":"https:\/\/stoic-curie.212-227-153-4.plesk.page\/de\/wp-json\/wp\/v2\/product\/735751\/revisions"}],"wp:featuredmedia":[{"embeddable":true,"href":"https:\/\/stoic-curie.212-227-153-4.plesk.page\/de\/wp-json\/wp\/v2\/media\/5942477"}],"wp:attachment":[{"href":"https:\/\/stoic-curie.212-227-153-4.plesk.page\/de\/wp-json\/wp\/v2\/media?parent=735751"}],"wp:term":[{"taxonomy":"product_brand","embeddable":true,"href":"https:\/\/stoic-curie.212-227-153-4.plesk.page\/de\/wp-json\/wp\/v2\/product_brand?post=735751"},{"taxonomy":"product_cat","embeddable":true,"href":"https:\/\/stoic-curie.212-227-153-4.plesk.page\/de\/wp-json\/wp\/v2\/product_cat?post=735751"},{"taxonomy":"product_tag","embeddable":true,"href":"https:\/\/stoic-curie.212-227-153-4.plesk.page\/de\/wp-json\/wp\/v2\/product_tag?post=735751"}],"curies":[{"name":"wp","href":"https:\/\/api.w.org\/{rel}","templated":true}]}}