{"id":735756,"date":"2025-03-03T16:29:12","date_gmt":"2025-03-03T15:29:12","guid":{"rendered":"https:\/\/stoic-curie.212-227-153-4.plesk.page\/producto\/bowman-eh200-3401-3\/"},"modified":"2026-02-24T23:35:03","modified_gmt":"2026-02-24T23:35:03","slug":"bowman-eh200-3401-3","status":"publish","type":"product","link":"https:\/\/stoic-curie.212-227-153-4.plesk.page\/de\/product\/bowman-eh200-3401-3\/","title":{"rendered":"Bowman eh200-3401-3"},"content":{"rendered":"<p>Bowman eh200-3401-3 &#8211; <\/p>\n<p>Der Bowman EH200-3401-3 W\u00e4rmetauscher wurde speziell f\u00fcr Motoren mit einer Leistung von 52 kW oder 70 PS entwickelt. Er ist mit einem Rohwasser-Eingangs- und einem Rohwasser-Ausgangsanschluss ausgestattet, die jeweils einen Durchmesser von 3\/4&#8243; BSP haben.<\/p>\n<p>Zus\u00e4tzlich zum W\u00e4rmetauscher erhalten Sie Gegenflansche, Gewindestangen und Dichtungen, die f\u00fcr den Frischwasserkreislauf erforderlich sind. Es ist wichtig, geeignete Anschl\u00fcsse f\u00fcr sowohl den K\u00fchlerfrischwassereinlass als auch den -auslass herzustellen.<\/p>\n<p>Bitte beachten Sie, dass dieser W\u00e4rmetauscher entweder mit Verbund- oder Messing-Endkappen geliefert werden kann, je nachdem, was zum Zeitpunkt des Kaufs verf\u00fcgbar ist.<\/p>\n<p>Bowman empfiehlt die Verwendung von Zinkanoden nicht. Die Rohre des W\u00e4rmetauschers bestehen aus einer Kupfer-Nickel-Legierung, die keine Zinkanode ben\u00f6tigt. Die Installation einer Zinkanode k\u00f6nnte die sch\u00fctzende Kupfer-Oxidschicht auf den Rohren sch\u00e4digen, was zu Korrosion f\u00fchren kann.<\/p>\n<p><strong>Spezifikationen:<\/strong><\/p>\n<ul>\n<li><strong>Rohwasservolumen:<\/strong> 0,60 Liter<\/li>\n<li><strong>Motorwasservolumen:<\/strong> 2,20 Liter<\/li>\n<li><strong>Kapazit\u00e4t des Deckelbeh\u00e4lters:<\/strong> 1,32 Liter<\/li>\n<li><strong>H\u00f6he:<\/strong> 200 mm (inklusive Druckkappe)<\/li>\n<li><strong>L\u00e4nge:<\/strong> 346 mm<\/li>\n<li><strong>Material:<\/strong> Aluminium LM6M-Geh\u00e4use, Kupfer-Nickel-Rohre und Gussmetall-Endkappen<\/li>\n<li><strong>Maximale Betriebstemperatur:<\/strong> 100\u00b0C<\/li>\n<li><strong>Breite:<\/strong> 110 mm<\/li>\n<li><strong>Marke:<\/strong> Bowman<\/li>\n<li><strong>Herkunftsland:<\/strong> Vereinigtes K\u00f6nigreich<\/li>\n<li><strong>Montagelochabmessungen:<\/strong> 120 mm x 52 mm<\/li>\n<li><strong>Maximaler Motorwasserdruck:<\/strong> 1 bar (abh\u00e4ngig von der Bewertung des F\u00fcllverschlusss)<\/li>\n<li><strong>Befestigungslochgr\u00f6\u00dfe:<\/strong> M8 x 12<\/li>\n<li><strong>Maximale Pferdest\u00e4rke:<\/strong> 70 PS (52 kW)<\/li>\n<li><strong>Einlass-\/Auslassanschlussgr\u00f6\u00dfe:<\/strong> Rohwasser-Eingang: 3\/4&#8243; BSP, Rohwasser-Ausgang: 3\/4&#8243; BSP, Motorwasseranschluss: 30 mm<\/li>\n<li><strong>Modell:<\/strong> EH200-3401-3<\/li>\n<li><strong>Druckbewertung:<\/strong> F\u00fcllkappe: 10,8 PSI (0,75 Bar \/ 75 kPa)<\/li>\n<li><strong>Maximaler Rohwasserfluss:<\/strong> 54 Liter pro Minute<\/li>\n<li><strong>Maximaler Rohwasserdruck:<\/strong> 15 bar<\/li>\n<\/ul>\n<p>Diese Informationen sollten Ihnen helfen, die Eigenschaften und Anforderungen des Bowman EH200-3401-3 W\u00e4rmetauschers zu verstehen.<\/p>\n","protected":false},"excerpt":{"rendered":"<p>Bowman eh200-3401-3 &#8211; Der Bowman EH200-3401-3 W\u00e4rmetauscher wurde speziell f\u00fcr Motoren mit einer Leistung von 52 kW oder 70 PS<\/p>\n","protected":false},"featured_media":5943784,"comment_status":"open","ping_status":"closed","template":"","meta":[],"product_brand":[2845],"product_cat":[1503],"product_tag":[],"class_list":{"0":"post-735756","1":"product","2":"type-product","3":"status-publish","4":"has-post-thumbnail","6":"product_brand-bowman-de","7":"product_cat-waermetauscher-und-oelkuehler","9":"first","10":"instock","11":"shipping-taxable","12":"purchasable","13":"product-type-simple"},"_links":{"self":[{"href":"https:\/\/stoic-curie.212-227-153-4.plesk.page\/de\/wp-json\/wp\/v2\/product\/735756","targetHints":{"allow":["GET"]}}],"collection":[{"href":"https:\/\/stoic-curie.212-227-153-4.plesk.page\/de\/wp-json\/wp\/v2\/product"}],"about":[{"href":"https:\/\/stoic-curie.212-227-153-4.plesk.page\/de\/wp-json\/wp\/v2\/types\/product"}],"replies":[{"embeddable":true,"href":"https:\/\/stoic-curie.212-227-153-4.plesk.page\/de\/wp-json\/wp\/v2\/comments?post=735756"}],"version-history":[{"count":0,"href":"https:\/\/stoic-curie.212-227-153-4.plesk.page\/de\/wp-json\/wp\/v2\/product\/735756\/revisions"}],"wp:featuredmedia":[{"embeddable":true,"href":"https:\/\/stoic-curie.212-227-153-4.plesk.page\/de\/wp-json\/wp\/v2\/media\/5943784"}],"wp:attachment":[{"href":"https:\/\/stoic-curie.212-227-153-4.plesk.page\/de\/wp-json\/wp\/v2\/media?parent=735756"}],"wp:term":[{"taxonomy":"product_brand","embeddable":true,"href":"https:\/\/stoic-curie.212-227-153-4.plesk.page\/de\/wp-json\/wp\/v2\/product_brand?post=735756"},{"taxonomy":"product_cat","embeddable":true,"href":"https:\/\/stoic-curie.212-227-153-4.plesk.page\/de\/wp-json\/wp\/v2\/product_cat?post=735756"},{"taxonomy":"product_tag","embeddable":true,"href":"https:\/\/stoic-curie.212-227-153-4.plesk.page\/de\/wp-json\/wp\/v2\/product_tag?post=735756"}],"curies":[{"name":"wp","href":"https:\/\/api.w.org\/{rel}","templated":true}]}}