{"id":735757,"date":"2025-03-03T16:29:12","date_gmt":"2025-03-03T15:29:12","guid":{"rendered":"https:\/\/stoic-curie.212-227-153-4.plesk.page\/producto\/inline-b-13-kraftstofffilter-motor-3500-ccm-schlauch-6-8-innendurchmesser-mm\/"},"modified":"2026-02-24T23:35:03","modified_gmt":"2026-02-24T23:35:03","slug":"inline-b-13-kraftstofffilter-motor-3500-ccm-schlauch-6-8-innendurchmesser-mm","status":"publish","type":"product","link":"https:\/\/stoic-curie.212-227-153-4.plesk.page\/de\/product\/inline-b-13-kraftstofffilter-motor-3500-ccm-schlauch-6-8-innendurchmesser-mm\/","title":{"rendered":"Inline B-13 Kraftstofffilter Motor < 3500 ccm Schlauch 6\/8 Innendurchmesser mm"},"content":{"rendered":"<p>Inline B-13 Kraftstofffilter Motor < 3500 ccm Schlauch 6\/8 Innendurchmesser mm - \n\n<p>Hochleistungs-Synthese-Misch\u00f6l SAE 25W-50 f\u00fcr 4-Takt-Innenbord- und Sterndrive-Rennmotoren sowie f\u00fcr Au\u00dfenbord-Verado-Motoren.<\/p>\n","protected":false},"excerpt":{"rendered":"<p>Inline B-13 Kraftstofffilter Motor < 3500 ccm Schlauch 6\/8 Innendurchmesser mm - Hochleistungs-Synthese-Misch\u00f6l SAE 25W-50 f\u00fcr 4-Takt-Innenbord- und Sterndrive-Rennmotoren sowie\n<\/p>\n","protected":false},"featured_media":5943785,"comment_status":"open","ping_status":"closed","template":"","meta":[],"product_brand":[3285],"product_cat":[1515],"product_tag":[],"class_list":{"0":"post-735757","1":"product","2":"type-product","3":"status-publish","4":"has-post-thumbnail","6":"product_brand-quicksilver-de","7":"product_cat-marine-motoroel","9":"first","10":"instock","11":"shipping-taxable","12":"purchasable","13":"product-type-simple"},"_links":{"self":[{"href":"https:\/\/stoic-curie.212-227-153-4.plesk.page\/de\/wp-json\/wp\/v2\/product\/735757","targetHints":{"allow":["GET"]}}],"collection":[{"href":"https:\/\/stoic-curie.212-227-153-4.plesk.page\/de\/wp-json\/wp\/v2\/product"}],"about":[{"href":"https:\/\/stoic-curie.212-227-153-4.plesk.page\/de\/wp-json\/wp\/v2\/types\/product"}],"replies":[{"embeddable":true,"href":"https:\/\/stoic-curie.212-227-153-4.plesk.page\/de\/wp-json\/wp\/v2\/comments?post=735757"}],"version-history":[{"count":0,"href":"https:\/\/stoic-curie.212-227-153-4.plesk.page\/de\/wp-json\/wp\/v2\/product\/735757\/revisions"}],"wp:featuredmedia":[{"embeddable":true,"href":"https:\/\/stoic-curie.212-227-153-4.plesk.page\/de\/wp-json\/wp\/v2\/media\/5943785"}],"wp:attachment":[{"href":"https:\/\/stoic-curie.212-227-153-4.plesk.page\/de\/wp-json\/wp\/v2\/media?parent=735757"}],"wp:term":[{"taxonomy":"product_brand","embeddable":true,"href":"https:\/\/stoic-curie.212-227-153-4.plesk.page\/de\/wp-json\/wp\/v2\/product_brand?post=735757"},{"taxonomy":"product_cat","embeddable":true,"href":"https:\/\/stoic-curie.212-227-153-4.plesk.page\/de\/wp-json\/wp\/v2\/product_cat?post=735757"},{"taxonomy":"product_tag","embeddable":true,"href":"https:\/\/stoic-curie.212-227-153-4.plesk.page\/de\/wp-json\/wp\/v2\/product_tag?post=735757"}],"curies":[{"name":"wp","href":"https:\/\/api.w.org\/{rel}","templated":true}]}}