{"id":735758,"date":"2025-03-03T16:29:12","date_gmt":"2025-03-03T15:29:12","guid":{"rendered":"https:\/\/stoic-curie.212-227-153-4.plesk.page\/producto\/edelstahlrahmen-fuer-vitrifrigo-c39\/"},"modified":"2026-02-24T23:35:03","modified_gmt":"2026-02-24T23:35:03","slug":"edelstahlrahmen-fuer-vitrifrigo-c39","status":"publish","type":"product","link":"https:\/\/stoic-curie.212-227-153-4.plesk.page\/de\/product\/edelstahlrahmen-fuer-vitrifrigo-c39\/","title":{"rendered":"Edelstahlrahmen f\u00fcr Vitrifrigo C39"},"content":{"rendered":"<p>Edelstahlrahmen f\u00fcr Vitrifrigo C39 &#8211; <\/p>\n<p>Vitrifrigo-K\u00fchlschr\u00e4nke der alten Bauart ohne Schiebepprofile. Erm\u00f6glicht den b\u00fcndigen Einbau des K\u00fchlschranks mit einer fl\u00e4chenb\u00fcndigen T\u00fcr.<\/p>\n","protected":false},"excerpt":{"rendered":"<p>Edelstahlrahmen f\u00fcr Vitrifrigo C39 &#8211; Vitrifrigo-K\u00fchlschr\u00e4nke der alten Bauart ohne Schiebepprofile. Erm\u00f6glicht den b\u00fcndigen Einbau des K\u00fchlschranks mit einer fl\u00e4chenb\u00fcndigen<\/p>\n","protected":false},"featured_media":5942533,"comment_status":"open","ping_status":"closed","template":"","meta":[],"product_brand":[3525],"product_cat":[1464],"product_tag":[],"class_list":{"0":"post-735758","1":"product","2":"type-product","3":"status-publish","4":"has-post-thumbnail","6":"product_brand-vitrifrigo-de","7":"product_cat-kuehlschraenke-und-gefriertruhen","9":"first","10":"instock","11":"shipping-taxable","12":"purchasable","13":"product-type-simple"},"_links":{"self":[{"href":"https:\/\/stoic-curie.212-227-153-4.plesk.page\/de\/wp-json\/wp\/v2\/product\/735758","targetHints":{"allow":["GET"]}}],"collection":[{"href":"https:\/\/stoic-curie.212-227-153-4.plesk.page\/de\/wp-json\/wp\/v2\/product"}],"about":[{"href":"https:\/\/stoic-curie.212-227-153-4.plesk.page\/de\/wp-json\/wp\/v2\/types\/product"}],"replies":[{"embeddable":true,"href":"https:\/\/stoic-curie.212-227-153-4.plesk.page\/de\/wp-json\/wp\/v2\/comments?post=735758"}],"version-history":[{"count":0,"href":"https:\/\/stoic-curie.212-227-153-4.plesk.page\/de\/wp-json\/wp\/v2\/product\/735758\/revisions"}],"wp:featuredmedia":[{"embeddable":true,"href":"https:\/\/stoic-curie.212-227-153-4.plesk.page\/de\/wp-json\/wp\/v2\/media\/5942533"}],"wp:attachment":[{"href":"https:\/\/stoic-curie.212-227-153-4.plesk.page\/de\/wp-json\/wp\/v2\/media?parent=735758"}],"wp:term":[{"taxonomy":"product_brand","embeddable":true,"href":"https:\/\/stoic-curie.212-227-153-4.plesk.page\/de\/wp-json\/wp\/v2\/product_brand?post=735758"},{"taxonomy":"product_cat","embeddable":true,"href":"https:\/\/stoic-curie.212-227-153-4.plesk.page\/de\/wp-json\/wp\/v2\/product_cat?post=735758"},{"taxonomy":"product_tag","embeddable":true,"href":"https:\/\/stoic-curie.212-227-153-4.plesk.page\/de\/wp-json\/wp\/v2\/product_tag?post=735758"}],"curies":[{"name":"wp","href":"https:\/\/api.w.org\/{rel}","templated":true}]}}