{"id":735763,"date":"2025-03-03T16:29:13","date_gmt":"2025-03-03T15:29:13","guid":{"rendered":"https:\/\/stoic-curie.212-227-153-4.plesk.page\/producto\/teakholz-klapptisch-mb-80-x-60-cm-h75-cm\/"},"modified":"2026-02-24T23:35:03","modified_gmt":"2026-02-24T23:35:03","slug":"teakholz-klapptisch-mb-80-x-60-cm-h75-cm","status":"publish","type":"product","link":"https:\/\/stoic-curie.212-227-153-4.plesk.page\/de\/product\/teakholz-klapptisch-mb-80-x-60-cm-h75-cm\/","title":{"rendered":"Teakholz-Klapptisch MB 80 x 60 cm H75 cm"},"content":{"rendered":"<p>Teakholz-Klapptisch MB 80 x 60 cm H75 cm &#8211; <\/p>\n<p>Hochwertiger Teak-Tisch in Marinequalit\u00e4t und UV-best\u00e4ndig. Au\u00dfergew\u00f6hnliche Qualit\u00e4t und erstklassige Verarbeitung. Hardware aus 316 Edelstahl.<\/p>\n","protected":false},"excerpt":{"rendered":"<p>Teakholz-Klapptisch MB 80 x 60 cm H75 cm &#8211; Hochwertiger Teak-Tisch in Marinequalit\u00e4t und UV-best\u00e4ndig. Au\u00dfergew\u00f6hnliche Qualit\u00e4t und erstklassige Verarbeitung.<\/p>\n","protected":false},"featured_media":5943790,"comment_status":"open","ping_status":"closed","template":"","meta":[],"product_brand":[3110],"product_cat":[1355],"product_tag":[],"class_list":{"0":"post-735763","1":"product","2":"type-product","3":"status-publish","4":"has-post-thumbnail","6":"product_brand-marine-business-mb-de","7":"product_cat-stuehle-und-tische","9":"first","10":"instock","11":"shipping-taxable","12":"purchasable","13":"product-type-simple"},"_links":{"self":[{"href":"https:\/\/stoic-curie.212-227-153-4.plesk.page\/de\/wp-json\/wp\/v2\/product\/735763","targetHints":{"allow":["GET"]}}],"collection":[{"href":"https:\/\/stoic-curie.212-227-153-4.plesk.page\/de\/wp-json\/wp\/v2\/product"}],"about":[{"href":"https:\/\/stoic-curie.212-227-153-4.plesk.page\/de\/wp-json\/wp\/v2\/types\/product"}],"replies":[{"embeddable":true,"href":"https:\/\/stoic-curie.212-227-153-4.plesk.page\/de\/wp-json\/wp\/v2\/comments?post=735763"}],"version-history":[{"count":0,"href":"https:\/\/stoic-curie.212-227-153-4.plesk.page\/de\/wp-json\/wp\/v2\/product\/735763\/revisions"}],"wp:featuredmedia":[{"embeddable":true,"href":"https:\/\/stoic-curie.212-227-153-4.plesk.page\/de\/wp-json\/wp\/v2\/media\/5943790"}],"wp:attachment":[{"href":"https:\/\/stoic-curie.212-227-153-4.plesk.page\/de\/wp-json\/wp\/v2\/media?parent=735763"}],"wp:term":[{"taxonomy":"product_brand","embeddable":true,"href":"https:\/\/stoic-curie.212-227-153-4.plesk.page\/de\/wp-json\/wp\/v2\/product_brand?post=735763"},{"taxonomy":"product_cat","embeddable":true,"href":"https:\/\/stoic-curie.212-227-153-4.plesk.page\/de\/wp-json\/wp\/v2\/product_cat?post=735763"},{"taxonomy":"product_tag","embeddable":true,"href":"https:\/\/stoic-curie.212-227-153-4.plesk.page\/de\/wp-json\/wp\/v2\/product_tag?post=735763"}],"curies":[{"name":"wp","href":"https:\/\/api.w.org\/{rel}","templated":true}]}}