{"id":735771,"date":"2025-03-03T16:29:15","date_gmt":"2025-03-03T15:29:15","guid":{"rendered":"https:\/\/stoic-curie.212-227-153-4.plesk.page\/producto\/kit-bugstrahlruder-quick-btq-185-85-doppelt-12v\/"},"modified":"2026-02-24T23:35:03","modified_gmt":"2026-02-24T23:35:03","slug":"kit-bugstrahlruder-quick-btq-185-85-doppelt-12v","status":"publish","type":"product","link":"https:\/\/stoic-curie.212-227-153-4.plesk.page\/de\/product\/kit-bugstrahlruder-quick-btq-185-85-doppelt-12v\/","title":{"rendered":"Kit Bugstrahlruder Quick BTQ 185-85 Doppelt 12V"},"content":{"rendered":"<p>Kit Bugstrahlruder Quick BTQ 185-85 Doppelt 12V &#8211; <\/p>\n<p style=\"color: rgb(34, 34, 34); font-family: Arial, Helvetica, sans-serif; font-size: small;\">Wir stellen das Komplettset zur schnellen Installation von Bugstrahlrudern vor, das f\u00fcr eine einfache Installation und optimale Leistung entwickelt wurde. Dieses Set besteht aus einem robusten Verbundmaterial f\u00fcr das sch\u00fctzende Geh\u00e4use, einem langlebigen Bronze-Getriebe und einer elastischen Verbindung f\u00fcr verbesserte Funktionalit\u00e4t.<\/p>\n<p style=\"color: rgb(34, 34, 34); font-family: Arial, Helvetica, sans-serif; font-size: small;\">Im Set enthalten sind:<\/p>\n<ul style=\"color: rgb(34, 34, 34); font-family: Arial, Helvetica, sans-serif; font-size: small;\">\n<li>Tunnel: Erh\u00e4ltlich in L\u00e4ngen von 75 cm (f\u00fcr BTQ 125\/140) und 100 cm (f\u00fcr BTQ 185)<\/li>\n<li>Steuerungen: Touchpanel TCD1022 (f\u00fcr BTQ 125\/140) und Joystick TCD1042 (f\u00fcr BTQ 185)<\/li>\n<li>Elektrische Kabel: 6 m (f\u00fcr BTQ 125\/140) und 12 m (f\u00fcr BTQ 185)<\/li>\n<li>Sicherung und Sicherungsdose<\/li>\n<\/ul>\n<p style=\"color: rgb(34, 34, 34); font-family: Arial, Helvetica, sans-serif; font-size: small;\">Der Quick BTQ 185-85 12V DC Bugstrahlruder wird f\u00fcr Boote mit einer L\u00e4nge von 8 bis 15 Metern (26 bis 49 Fu\u00df) empfohlen. Dieses Modell verf\u00fcgt \u00fcber zwei gegenl\u00e4ufige Propeller aus einem robusten Verbundmaterial, ein Bronze-Getriebe und ein sch\u00fctzendes Geh\u00e4use, das aus einem langlebigen Verbundmaterial gefertigt ist. Es ist mit einer elastischen Verbindung ausgestattet und enth\u00e4lt eine Zinkanode, die unabh\u00e4ngig vom Getriebe gestaltet ist, was den Austausch erleichtert.<\/p>\n<p style=\"color: rgb(34, 34, 34); font-family: Arial, Helvetica, sans-serif; font-size: small;\">Spezifikationen:<\/p>\n<ul style=\"color: rgb(34, 34, 34); font-family: Arial, Helvetica, sans-serif; font-size: small;\">\n<li>Modell: BTQ 185-85 (12V)<\/li>\n<li>Propellertyp: Zwei gegenl\u00e4ufige<\/li>\n<li>Tunneldurchmesser: 185 mm (7&#8243; 18\/64)<\/li>\n<li>Motorleistung: 4.3 kW<\/li>\n<li>Spannung: 12V<\/li>\n<li>Sicherung: 400A CNL DIN<\/li>\n<li>Schub: 85 kgf (187.4 lb)<\/li>\n<li>Gewicht: 17.9 kg (39.4 lb)<\/li>\n<\/ul>\n<p style=\"color: rgb(34, 34, 34); font-family: Arial, Helvetica, sans-serif; font-size: small;\">Dieses umfassende Set stellt sicher, dass Sie alles haben, was Sie f\u00fcr eine zuverl\u00e4ssige und effiziente Installation eines Bugstrahlruders ben\u00f6tigen und verbessert Ihr Bootserlebnis.<\/p>\n","protected":false},"excerpt":{"rendered":"<p>Kit Bugstrahlruder Quick BTQ 185-85 Doppelt 12V &#8211; Wir stellen das Komplettset zur schnellen Installation von Bugstrahlrudern vor, das f\u00fcr<\/p>\n","protected":false},"featured_media":5941977,"comment_status":"open","ping_status":"closed","template":"","meta":[],"product_brand":[3280],"product_cat":[1323],"product_tag":[],"class_list":{"0":"post-735771","1":"product","2":"type-product","3":"status-publish","4":"has-post-thumbnail","6":"product_brand-quick-de","7":"product_cat-bugstrahlruder-quick","9":"first","10":"instock","11":"shipping-taxable","12":"purchasable","13":"product-type-simple"},"_links":{"self":[{"href":"https:\/\/stoic-curie.212-227-153-4.plesk.page\/de\/wp-json\/wp\/v2\/product\/735771","targetHints":{"allow":["GET"]}}],"collection":[{"href":"https:\/\/stoic-curie.212-227-153-4.plesk.page\/de\/wp-json\/wp\/v2\/product"}],"about":[{"href":"https:\/\/stoic-curie.212-227-153-4.plesk.page\/de\/wp-json\/wp\/v2\/types\/product"}],"replies":[{"embeddable":true,"href":"https:\/\/stoic-curie.212-227-153-4.plesk.page\/de\/wp-json\/wp\/v2\/comments?post=735771"}],"version-history":[{"count":0,"href":"https:\/\/stoic-curie.212-227-153-4.plesk.page\/de\/wp-json\/wp\/v2\/product\/735771\/revisions"}],"wp:featuredmedia":[{"embeddable":true,"href":"https:\/\/stoic-curie.212-227-153-4.plesk.page\/de\/wp-json\/wp\/v2\/media\/5941977"}],"wp:attachment":[{"href":"https:\/\/stoic-curie.212-227-153-4.plesk.page\/de\/wp-json\/wp\/v2\/media?parent=735771"}],"wp:term":[{"taxonomy":"product_brand","embeddable":true,"href":"https:\/\/stoic-curie.212-227-153-4.plesk.page\/de\/wp-json\/wp\/v2\/product_brand?post=735771"},{"taxonomy":"product_cat","embeddable":true,"href":"https:\/\/stoic-curie.212-227-153-4.plesk.page\/de\/wp-json\/wp\/v2\/product_cat?post=735771"},{"taxonomy":"product_tag","embeddable":true,"href":"https:\/\/stoic-curie.212-227-153-4.plesk.page\/de\/wp-json\/wp\/v2\/product_tag?post=735771"}],"curies":[{"name":"wp","href":"https:\/\/api.w.org\/{rel}","templated":true}]}}