{"id":735776,"date":"2025-03-03T16:29:16","date_gmt":"2025-03-03T15:29:16","guid":{"rendered":"https:\/\/stoic-curie.212-227-153-4.plesk.page\/producto\/glomex-fm-antenne-ra300fm-12-m\/"},"modified":"2026-02-24T23:35:03","modified_gmt":"2026-02-24T23:35:03","slug":"glomex-fm-antenne-ra300fm-12-m","status":"publish","type":"product","link":"https:\/\/stoic-curie.212-227-153-4.plesk.page\/de\/product\/glomex-fm-antenne-ra300fm-12-m\/","title":{"rendered":"Glomex FM Antenne RA300FM 1,2 m"},"content":{"rendered":"<p>Glomex FM Antenne RA300FM 1,2 m &#8211; <\/p>\n<p>UV-best\u00e4ndige flexible Fiberglasantenne FM RA300FM f\u00fcr alle Arten von Booten. Der FME-Anschluss erm\u00f6glicht eine schnelle und einfache Installation dank der eingesteckten Kabel und Adapter. Gewindegr\u00f6\u00dfe 5\/8&#8243; x 24. 100W \/ FM 88\/108 MHz \/ 93 Ohm. H\u00f6he: 1,2 m. Mit der Verl\u00e4ngerung oder dem Adapter kann die Antenne auf 1&#8243; x 14 Gewindebasen montiert werden. Der Anschluss erm\u00f6glicht die Verbindung des FME-Gewindes mit dem PL258-Koaxialanschluss.<\/p>\n","protected":false},"excerpt":{"rendered":"<p>Glomex FM Antenne RA300FM 1,2 m &#8211; UV-best\u00e4ndige flexible Fiberglasantenne FM RA300FM f\u00fcr alle Arten von Booten. Der FME-Anschluss erm\u00f6glicht<\/p>\n","protected":false},"featured_media":5943797,"comment_status":"open","ping_status":"closed","template":"","meta":[],"product_brand":[2980],"product_cat":[1446],"product_tag":[],"class_list":{"0":"post-735776","1":"product","2":"type-product","3":"status-publish","4":"has-post-thumbnail","6":"product_brand-glomex-de","7":"product_cat-stereoanlage-und-lautsprecher","9":"first","10":"instock","11":"shipping-taxable","12":"purchasable","13":"product-type-simple"},"_links":{"self":[{"href":"https:\/\/stoic-curie.212-227-153-4.plesk.page\/de\/wp-json\/wp\/v2\/product\/735776","targetHints":{"allow":["GET"]}}],"collection":[{"href":"https:\/\/stoic-curie.212-227-153-4.plesk.page\/de\/wp-json\/wp\/v2\/product"}],"about":[{"href":"https:\/\/stoic-curie.212-227-153-4.plesk.page\/de\/wp-json\/wp\/v2\/types\/product"}],"replies":[{"embeddable":true,"href":"https:\/\/stoic-curie.212-227-153-4.plesk.page\/de\/wp-json\/wp\/v2\/comments?post=735776"}],"version-history":[{"count":0,"href":"https:\/\/stoic-curie.212-227-153-4.plesk.page\/de\/wp-json\/wp\/v2\/product\/735776\/revisions"}],"wp:featuredmedia":[{"embeddable":true,"href":"https:\/\/stoic-curie.212-227-153-4.plesk.page\/de\/wp-json\/wp\/v2\/media\/5943797"}],"wp:attachment":[{"href":"https:\/\/stoic-curie.212-227-153-4.plesk.page\/de\/wp-json\/wp\/v2\/media?parent=735776"}],"wp:term":[{"taxonomy":"product_brand","embeddable":true,"href":"https:\/\/stoic-curie.212-227-153-4.plesk.page\/de\/wp-json\/wp\/v2\/product_brand?post=735776"},{"taxonomy":"product_cat","embeddable":true,"href":"https:\/\/stoic-curie.212-227-153-4.plesk.page\/de\/wp-json\/wp\/v2\/product_cat?post=735776"},{"taxonomy":"product_tag","embeddable":true,"href":"https:\/\/stoic-curie.212-227-153-4.plesk.page\/de\/wp-json\/wp\/v2\/product_tag?post=735776"}],"curies":[{"name":"wp","href":"https:\/\/api.w.org\/{rel}","templated":true}]}}