{"id":735779,"date":"2025-03-03T16:29:16","date_gmt":"2025-03-03T15:29:16","guid":{"rendered":"https:\/\/stoic-curie.212-227-153-4.plesk.page\/producto\/rechteckiger-kunststoff-kraftstofftank-can-sb-140-l\/"},"modified":"2026-02-24T23:35:03","modified_gmt":"2026-02-24T23:35:03","slug":"rechteckiger-kunststoff-kraftstofftank-can-sb-140-l","status":"publish","type":"product","link":"https:\/\/stoic-curie.212-227-153-4.plesk.page\/de\/product\/rechteckiger-kunststoff-kraftstofftank-can-sb-140-l\/","title":{"rendered":"Kunststoffkraftstofftank CAN-SB Bravo 1 140l"},"content":{"rendered":"<p>Kunststoffkraftstofftank CAN-SB Bravo 1 140l &#8211; <\/p>\n<p>Wir freuen uns, den CAN-SB Bravo 1 Kunststofftank pr\u00e4sentieren zu d\u00fcrfen, einen rechteckigen Tank aus hochdichtem Polyethylen. Dieser Tank hat ein Volumen von 140 Litern und Ma\u00dfe von 890 x 820 x 260 mm. Er wurde speziell f\u00fcr die sichere Lagerung von S\u00e4uren und Kraftstoffen entwickelt.<\/p>\n<p>Der Tank verf\u00fcgt \u00fcber eine Inspektions\u00f6ffnung mit einem Deckel, einem 17\/19 mm Entl\u00fcftungsrohr, einem 12 mm Kraftstofftauchrohr und einem Eingang mit den Ma\u00dfen 38\/50\/60 mm. Er ist mit dem CE-ISO21487-Zertifikat ausgestattet, das best\u00e4tigt, dass er den Sicherheitsvorschriften entspricht. Die Anschl\u00fcsse der Inspektions\u00f6ffnung sind 85 mm hoch und erleichtern den Zugang und die Wartung.<\/p>\n<p>Dar\u00fcber hinaus kommt der Tank mit einem Kraftstoffabholer und ist sofort einsatzbereit. Die Inspektions\u00f6ffnung ist mit mechanischen und elektrischen Kraftstoffanzeigen kompatibel und verf\u00fcgt \u00fcber einen 1\/4\u201d-Bogenanschluss f\u00fcr einen Gummischlauch. Dieser Anschluss kann entweder als zus\u00e4tzlicher Kraftstoffabholer oder f\u00fcr eine Dieselr\u00fcckf\u00fchrung in Dauermontagen verwendet werden.<\/p>\n","protected":false},"excerpt":{"rendered":"<p>Kunststoffkraftstofftank CAN-SB Bravo 1 140l &#8211; Wir freuen uns, den CAN-SB Bravo 1 Kunststofftank pr\u00e4sentieren zu d\u00fcrfen, einen rechteckigen Tank<\/p>\n","protected":false},"featured_media":5943804,"comment_status":"open","ping_status":"closed","template":"","meta":[],"product_brand":[2855],"product_cat":[1513],"product_tag":[],"class_list":{"0":"post-735779","1":"product","2":"type-product","3":"status-publish","4":"has-post-thumbnail","6":"product_brand-can-marine-de","7":"product_cat-kraftstofftanks","9":"first","10":"instock","11":"shipping-taxable","12":"purchasable","13":"product-type-simple"},"_links":{"self":[{"href":"https:\/\/stoic-curie.212-227-153-4.plesk.page\/de\/wp-json\/wp\/v2\/product\/735779","targetHints":{"allow":["GET"]}}],"collection":[{"href":"https:\/\/stoic-curie.212-227-153-4.plesk.page\/de\/wp-json\/wp\/v2\/product"}],"about":[{"href":"https:\/\/stoic-curie.212-227-153-4.plesk.page\/de\/wp-json\/wp\/v2\/types\/product"}],"replies":[{"embeddable":true,"href":"https:\/\/stoic-curie.212-227-153-4.plesk.page\/de\/wp-json\/wp\/v2\/comments?post=735779"}],"version-history":[{"count":0,"href":"https:\/\/stoic-curie.212-227-153-4.plesk.page\/de\/wp-json\/wp\/v2\/product\/735779\/revisions"}],"wp:featuredmedia":[{"embeddable":true,"href":"https:\/\/stoic-curie.212-227-153-4.plesk.page\/de\/wp-json\/wp\/v2\/media\/5943804"}],"wp:attachment":[{"href":"https:\/\/stoic-curie.212-227-153-4.plesk.page\/de\/wp-json\/wp\/v2\/media?parent=735779"}],"wp:term":[{"taxonomy":"product_brand","embeddable":true,"href":"https:\/\/stoic-curie.212-227-153-4.plesk.page\/de\/wp-json\/wp\/v2\/product_brand?post=735779"},{"taxonomy":"product_cat","embeddable":true,"href":"https:\/\/stoic-curie.212-227-153-4.plesk.page\/de\/wp-json\/wp\/v2\/product_cat?post=735779"},{"taxonomy":"product_tag","embeddable":true,"href":"https:\/\/stoic-curie.212-227-153-4.plesk.page\/de\/wp-json\/wp\/v2\/product_tag?post=735779"}],"curies":[{"name":"wp","href":"https:\/\/api.w.org\/{rel}","templated":true}]}}