{"id":735780,"date":"2025-03-03T16:29:16","date_gmt":"2025-03-03T15:29:16","guid":{"rendered":"https:\/\/stoic-curie.212-227-153-4.plesk.page\/producto\/umweltfreundlicher-benzinfilter-10-mikron-fuer-mercury-yamaha\/"},"modified":"2026-02-24T23:35:03","modified_gmt":"2026-02-24T23:35:03","slug":"umweltfreundlicher-benzinfilter-10-mikron-fuer-mercury-yamaha","status":"publish","type":"product","link":"https:\/\/stoic-curie.212-227-153-4.plesk.page\/de\/product\/umweltfreundlicher-benzinfilter-10-mikron-fuer-mercury-yamaha\/","title":{"rendered":"Umweltfreundlicher Benzinfilter 10 Mikron f\u00fcr Mercury &#038; Yamaha"},"content":{"rendered":"<p>Umweltfreundlicher Benzinfilter 10 Mikron f\u00fcr Mercury &#038; Yamaha &#8211; <\/p>\n<p>Benzinfilter mit transparentem Beh\u00e4lter und Entl\u00fcftungsschraube. Hervorragende Wasser\/Benzin-Filtrations- und Trennkapazit\u00e4t. Kommt mit einem 10 Mikron wiederverwendbaren Papierfilter. Ideal f\u00fcr Au\u00dfenbordmotoren.<\/p>\n","protected":false},"excerpt":{"rendered":"<p>Umweltfreundlicher Benzinfilter 10 Mikron f\u00fcr Mercury &#038; Yamaha &#8211; Benzinfilter mit transparentem Beh\u00e4lter und Entl\u00fcftungsschraube. Hervorragende Wasser\/Benzin-Filtrations- und Trennkapazit\u00e4t. Kommt<\/p>\n","protected":false},"featured_media":5943807,"comment_status":"open","ping_status":"closed","template":"","meta":[],"product_brand":[3390],"product_cat":[1528,1544,1540],"product_tag":[],"class_list":{"0":"post-735780","1":"product","2":"type-product","3":"status-publish","4":"has-post-thumbnail","6":"product_brand-sierra-marine-de","7":"product_cat-marine-ersatzteile-fuer-mercury-und-mariner","8":"product_cat-marine-ersatzteile-fuer-yamaha","9":"product_cat-zubehoer-fuer-aussenborder","11":"first","12":"instock","13":"shipping-taxable","14":"purchasable","15":"product-type-simple"},"_links":{"self":[{"href":"https:\/\/stoic-curie.212-227-153-4.plesk.page\/de\/wp-json\/wp\/v2\/product\/735780","targetHints":{"allow":["GET"]}}],"collection":[{"href":"https:\/\/stoic-curie.212-227-153-4.plesk.page\/de\/wp-json\/wp\/v2\/product"}],"about":[{"href":"https:\/\/stoic-curie.212-227-153-4.plesk.page\/de\/wp-json\/wp\/v2\/types\/product"}],"replies":[{"embeddable":true,"href":"https:\/\/stoic-curie.212-227-153-4.plesk.page\/de\/wp-json\/wp\/v2\/comments?post=735780"}],"version-history":[{"count":0,"href":"https:\/\/stoic-curie.212-227-153-4.plesk.page\/de\/wp-json\/wp\/v2\/product\/735780\/revisions"}],"wp:featuredmedia":[{"embeddable":true,"href":"https:\/\/stoic-curie.212-227-153-4.plesk.page\/de\/wp-json\/wp\/v2\/media\/5943807"}],"wp:attachment":[{"href":"https:\/\/stoic-curie.212-227-153-4.plesk.page\/de\/wp-json\/wp\/v2\/media?parent=735780"}],"wp:term":[{"taxonomy":"product_brand","embeddable":true,"href":"https:\/\/stoic-curie.212-227-153-4.plesk.page\/de\/wp-json\/wp\/v2\/product_brand?post=735780"},{"taxonomy":"product_cat","embeddable":true,"href":"https:\/\/stoic-curie.212-227-153-4.plesk.page\/de\/wp-json\/wp\/v2\/product_cat?post=735780"},{"taxonomy":"product_tag","embeddable":true,"href":"https:\/\/stoic-curie.212-227-153-4.plesk.page\/de\/wp-json\/wp\/v2\/product_tag?post=735780"}],"curies":[{"name":"wp","href":"https:\/\/api.w.org\/{rel}","templated":true}]}}