{"id":735783,"date":"2025-03-03T16:29:17","date_gmt":"2025-03-03T15:29:17","guid":{"rendered":"https:\/\/stoic-curie.212-227-153-4.plesk.page\/producto\/jacke-helly-hansen-pier-3-0-blau-groesse-xl\/"},"modified":"2026-02-24T23:35:03","modified_gmt":"2026-02-24T23:35:03","slug":"jacke-helly-hansen-pier-3-0-blau-groesse-xl","status":"publish","type":"product","link":"https:\/\/stoic-curie.212-227-153-4.plesk.page\/de\/product\/jacke-helly-hansen-pier-3-0-blau-groesse-xl\/","title":{"rendered":"Jacke Helly Hansen Pier 3.0 Blau &#8211; Gr\u00f6\u00dfe XL"},"content":{"rendered":"<p>Jacke Helly Hansen Pier 3.0 Blau &#8211; Gr\u00f6\u00dfe XL &#8211; <\/p>\n<p>Die Helly Hansen Pier 3.0 Jacke ist ideal f\u00fcr alle Aktivit\u00e4ten an der K\u00fcste oder beim Bootfahren. Sie besteht aus der HellyTech Performance 2-Lagen-Entwicklung und ist mit einer langlebigen Wasserabweisung (DWR) behandelt, sodass sie wasserdicht, winddicht und atmungsaktiv ist. Die Jacke verf\u00fcgt \u00fcber vollst\u00e4ndig versiegelte N\u00e4hte, ein schnell trocknendes Mesh-Futter, einen Sturmklappen, doppelt verstellbare \u00c4rmelb\u00fcndchen, einen verstellbaren Saum und eine Taille, Handw\u00e4rmertaschen, vorgeformte \u00c4rmel, einen sch\u00fctzenden hohen Fleecenkragen, eine EN471-hochsichtbare, verstellbare Kapuze und reflektierende Elemente, die den Solas-Vorgaben entsprechen.<\/p>\n","protected":false},"excerpt":{"rendered":"<p>Jacke Helly Hansen Pier 3.0 Blau &#8211; Gr\u00f6\u00dfe XL &#8211; Die Helly Hansen Pier 3.0 Jacke ist ideal f\u00fcr alle<\/p>\n","protected":false},"featured_media":5943810,"comment_status":"open","ping_status":"closed","template":"","meta":[],"product_brand":[3000],"product_cat":[1570],"product_tag":[],"class_list":{"0":"post-735783","1":"product","2":"type-product","3":"status-publish","4":"has-post-thumbnail","6":"product_brand-helly-hansen-de","7":"product_cat-nautische-bekleidung-helly-hansen","9":"first","10":"instock","11":"shipping-taxable","12":"purchasable","13":"product-type-simple"},"_links":{"self":[{"href":"https:\/\/stoic-curie.212-227-153-4.plesk.page\/de\/wp-json\/wp\/v2\/product\/735783","targetHints":{"allow":["GET"]}}],"collection":[{"href":"https:\/\/stoic-curie.212-227-153-4.plesk.page\/de\/wp-json\/wp\/v2\/product"}],"about":[{"href":"https:\/\/stoic-curie.212-227-153-4.plesk.page\/de\/wp-json\/wp\/v2\/types\/product"}],"replies":[{"embeddable":true,"href":"https:\/\/stoic-curie.212-227-153-4.plesk.page\/de\/wp-json\/wp\/v2\/comments?post=735783"}],"version-history":[{"count":0,"href":"https:\/\/stoic-curie.212-227-153-4.plesk.page\/de\/wp-json\/wp\/v2\/product\/735783\/revisions"}],"wp:featuredmedia":[{"embeddable":true,"href":"https:\/\/stoic-curie.212-227-153-4.plesk.page\/de\/wp-json\/wp\/v2\/media\/5943810"}],"wp:attachment":[{"href":"https:\/\/stoic-curie.212-227-153-4.plesk.page\/de\/wp-json\/wp\/v2\/media?parent=735783"}],"wp:term":[{"taxonomy":"product_brand","embeddable":true,"href":"https:\/\/stoic-curie.212-227-153-4.plesk.page\/de\/wp-json\/wp\/v2\/product_brand?post=735783"},{"taxonomy":"product_cat","embeddable":true,"href":"https:\/\/stoic-curie.212-227-153-4.plesk.page\/de\/wp-json\/wp\/v2\/product_cat?post=735783"},{"taxonomy":"product_tag","embeddable":true,"href":"https:\/\/stoic-curie.212-227-153-4.plesk.page\/de\/wp-json\/wp\/v2\/product_tag?post=735783"}],"curies":[{"name":"wp","href":"https:\/\/api.w.org\/{rel}","templated":true}]}}