{"id":735788,"date":"2025-03-03T16:29:18","date_gmt":"2025-03-03T15:29:18","guid":{"rendered":"https:\/\/stoic-curie.212-227-153-4.plesk.page\/producto\/latzhose-helly-hansen-pier-2-blau-frau-groesse-l\/"},"modified":"2026-02-24T23:35:03","modified_gmt":"2026-02-24T23:35:03","slug":"latzhose-helly-hansen-pier-2-blau-frau-groesse-l","status":"publish","type":"product","link":"https:\/\/stoic-curie.212-227-153-4.plesk.page\/de\/product\/latzhose-helly-hansen-pier-2-blau-frau-groesse-l\/","title":{"rendered":"Latzhose Helly Hansen Pier 2 Blau Frau &#8211; Gr\u00f6\u00dfe L"},"content":{"rendered":"<p>Latzhose Helly Hansen Pier 2 Blau Frau &#8211; Gr\u00f6\u00dfe L &#8211; <\/p>\n<p>Die Helly Hansen Pier 3.0 Hose ist ideal f\u00fcr jede K\u00fcsten- oder Bootsaktivit\u00e4t. Sie besteht aus HellyTech Performance 2-lagigem Material, das mit einer langlebigen Wasserabweisung (DWR) behandelt ist und wasserfest, winddicht und atmungsaktiv ist. Die Hose hat vollst\u00e4ndig versiegelte N\u00e4hte, ein schnell trocknendes Mesh-Futter, Verst\u00e4rkungen an Ges\u00e4\u00df und Knien, einen hohen R\u00fccken mit verstellbaren Tr\u00e4gern, eine verstellbare Taille, einen zwei-Wege-Frontrei\u00dfverschluss, eine Cargo-Tasche, verstellbare Bein\u00f6ffnungen sowie ergonomische Verst\u00e4rkungen am Ges\u00e4\u00df und an den Knien.<\/p>\n","protected":false},"excerpt":{"rendered":"<p>Latzhose Helly Hansen Pier 2 Blau Frau &#8211; Gr\u00f6\u00dfe L &#8211; Die Helly Hansen Pier 3.0 Hose ist ideal f\u00fcr<\/p>\n","protected":false},"featured_media":5942763,"comment_status":"open","ping_status":"closed","template":"","meta":[],"product_brand":[3000],"product_cat":[1570],"product_tag":[],"class_list":{"0":"post-735788","1":"product","2":"type-product","3":"status-publish","4":"has-post-thumbnail","6":"product_brand-helly-hansen-de","7":"product_cat-nautische-bekleidung-helly-hansen","9":"first","10":"instock","11":"shipping-taxable","12":"purchasable","13":"product-type-simple"},"_links":{"self":[{"href":"https:\/\/stoic-curie.212-227-153-4.plesk.page\/de\/wp-json\/wp\/v2\/product\/735788","targetHints":{"allow":["GET"]}}],"collection":[{"href":"https:\/\/stoic-curie.212-227-153-4.plesk.page\/de\/wp-json\/wp\/v2\/product"}],"about":[{"href":"https:\/\/stoic-curie.212-227-153-4.plesk.page\/de\/wp-json\/wp\/v2\/types\/product"}],"replies":[{"embeddable":true,"href":"https:\/\/stoic-curie.212-227-153-4.plesk.page\/de\/wp-json\/wp\/v2\/comments?post=735788"}],"version-history":[{"count":0,"href":"https:\/\/stoic-curie.212-227-153-4.plesk.page\/de\/wp-json\/wp\/v2\/product\/735788\/revisions"}],"wp:featuredmedia":[{"embeddable":true,"href":"https:\/\/stoic-curie.212-227-153-4.plesk.page\/de\/wp-json\/wp\/v2\/media\/5942763"}],"wp:attachment":[{"href":"https:\/\/stoic-curie.212-227-153-4.plesk.page\/de\/wp-json\/wp\/v2\/media?parent=735788"}],"wp:term":[{"taxonomy":"product_brand","embeddable":true,"href":"https:\/\/stoic-curie.212-227-153-4.plesk.page\/de\/wp-json\/wp\/v2\/product_brand?post=735788"},{"taxonomy":"product_cat","embeddable":true,"href":"https:\/\/stoic-curie.212-227-153-4.plesk.page\/de\/wp-json\/wp\/v2\/product_cat?post=735788"},{"taxonomy":"product_tag","embeddable":true,"href":"https:\/\/stoic-curie.212-227-153-4.plesk.page\/de\/wp-json\/wp\/v2\/product_tag?post=735788"}],"curies":[{"name":"wp","href":"https:\/\/api.w.org\/{rel}","templated":true}]}}