{"id":735811,"date":"2025-03-03T16:29:23","date_gmt":"2025-03-03T15:29:23","guid":{"rendered":"https:\/\/stoic-curie.212-227-153-4.plesk.page\/producto\/toilette-tecma-elegance-2g-12v-mit-all-in-one-sft-panel\/"},"modified":"2026-02-24T23:35:03","modified_gmt":"2026-02-24T23:35:03","slug":"toilette-tecma-elegance-2g-12v-mit-all-in-one-sft-panel","status":"publish","type":"product","link":"https:\/\/stoic-curie.212-227-153-4.plesk.page\/de\/product\/toilette-tecma-elegance-2g-12v-mit-all-in-one-sft-panel\/","title":{"rendered":"Toilette Tecma Elegance 2G 12V (All-in-One SFT)"},"content":{"rendered":"<p>Toilette Tecma Elegance 2G 12V (All-in-One SFT) &#8211; <\/p>\n<p style=\"color: rgb(34, 34, 34); font-family: Arial, Helvetica, sans-serif; font-size: small;\"><strong>Tecma Elegance 2G 12V Toilette (All-in-One SFT)<\/strong><\/p>\n<p style=\"color: rgb(34, 34, 34); font-family: Arial, Helvetica, sans-serif; font-size: small;\">Die Tecma Elegance 2G Toilette vereint elegantes Design mit au\u00dfergew\u00f6hnlichem Komfort und ist somit die ideale Wahl f\u00fcr kompakte R\u00e4ume. Sie wurde sorgf\u00e4ltig konstruiert, um Wasserverbrauch, Stromverbrauch und Ger\u00e4uschpegel zu minimieren. Der Installations- und Verdrahtungsprozess ist unkompliziert, und das Ger\u00e4t ben\u00f6tigt keine Wartung.<\/p>\n<p style=\"color: rgb(34, 34, 34); font-family: Arial, Helvetica, sans-serif; font-size: small;\">Diese Toilette kann mit zwei verschiedenen Bedienfeldern betrieben werden:<\/p>\n<ol style=\"color: rgb(34, 34, 34); font-family: Arial, Helvetica, sans-serif; font-size: small;\">\n<li>\n<p><strong>All-in-One SFT Panel<\/strong>: Dieses Zweitastenfeld erm\u00f6glicht den Nutzern, Wasser hinzuzuf\u00fcgen und zu sp\u00fclen. Es verf\u00fcgt \u00fcber die Smart Flush-Technologie, die einen minimalen Wasserverbrauch und reduzierte Ger\u00e4uschemissionen gew\u00e4hrleistet. Au\u00dferdem bietet es Schutz vor \u00dcberf\u00fcllung und eine \u00dcberwachung des Abwassertanks.<\/p>\n<\/li>\n<li>\n<p><strong>Touch SFT Panel<\/strong>: Dieses drucksensitive Panel bietet ebenfalls Steuerungen zum Hinzuf\u00fcgen von Wasser und Sp\u00fclen. Wie das All-in-One Panel nutzt es die Smart Flush-Technologie f\u00fcr effizienten Wassergebrauch und ger\u00e4uscharmen Betrieb. Es bietet einen Schutz vor \u00dcberf\u00fcllung mit Flussprogrammierung und \u00fcberwacht den Abwassertank; zudem kann es f\u00fcr den Kreuzfahrt- oder Dockmodus konfiguriert werden.<\/p>\n<\/li>\n<\/ol>\n<p style=\"color: rgb(34, 34, 34); font-family: Arial, Helvetica, sans-serif; font-size: small;\">Die Elegance 2G geh\u00f6rt zur Flexi Line, die speziell entwickelt wurde, um Komfort in begrenzten R\u00e4umen zu maximieren. Mit einer L\u00e4nge von 43 cm (16,9 Zoll) bietet sie einen Sitz, der sich wie zu Hause anf\u00fchlt.<\/p>\n<p style=\"color: rgb(34, 34, 34); font-family: Arial, Helvetica, sans-serif; font-size: small;\">Zur weiteren Verbesserung des Komforts harmoniert das Bidet Elegance 2G perfekt mit dieser Toilette und schafft ein elegantes Badezimmerensemble.<\/p>\n<p style=\"color: rgb(34, 34, 34); font-family: Arial, Helvetica, sans-serif; font-size: small;\">Dieses System der zweiten Generation wurde weiter verfeinert, um eine effiziente und zuverl\u00e4ssige Leistung zu gew\u00e4hrleisten, was ein h\u00f6heres Badezimmererlebnis verspricht. W\u00e4hrend es ein elegantes Design und intelligente Systemverbesserungen mit der Silence Plus 2G teilt, hebt sich die Elegance 2G durch ihre kompakte Gr\u00f6\u00dfe ab und ist die ideale Wahl f\u00fcr kleinere Badezimmer.<\/p>\n<p style=\"color: rgb(34, 34, 34); font-family: Arial, Helvetica, sans-serif; font-size: small;\">Die Elegance 2G Hi Toilette verf\u00fcgt \u00fcber einen langlebigen, polyesterbeschichteten Holzsitz und einen sanft schlie\u00dfenden Deckel, ausgestattet mit AIS316L Edelstahl und Sugatsune\u2122-D\u00e4mpfern. Sie beh\u00e4lt das gleiche Fu\u00dfabdruck, die \u00e4u\u00dferen Abmessungen und die robuste Zerkleinerungstechnologie wie fr\u00fchere Modelle, bietet jedoch ein verbessertes Design und System.<\/p>\n<p style=\"color: rgb(34, 34, 34); font-family: Arial, Helvetica, sans-serif; font-size: small;\">Die Zerkleinerungs- und Sp\u00fclungsschl\u00e4uche sind innerhalb der Toilette integriert, was die Installation vereinfacht, ohne dass herausragende Komponenten untergebracht werden m\u00fcssen. Die verborgene Seitenbefestigung tr\u00e4gt zum eleganten Design bei und erleichtert die Installation.<\/p>\n<p style=\"color: rgb(34, 34, 34); font-family: Arial, Helvetica, sans-serif; font-size: small;\">Glatte Oberfl\u00e4chen machen die Reinigung m\u00fchelos, und der verbesserte Luftanschluss innerhalb des internen Schlauchsystems steigert die Effizienz bei verschiedenen schwarzen Wasserinstallationen.<\/p>\n<p style=\"color: rgb(34, 34, 34); font-family: Arial, Helvetica, sans-serif; font-size: small;\"><strong>Technische Daten:<\/strong><\/p>\n<ul style=\"color: rgb(34, 34, 34); font-family: Arial, Helvetica, sans-serif; font-size: small;\">\n<li><strong>Modell<\/strong>: Elegance 2G Hi 12V &#8211; Seewasser (einzelnes System)<\/li>\n<li><strong>Bedienfeld<\/strong>: All-in-One mit 2 Tasten<\/li>\n<li><strong>Fu\u00dfabdruck<\/strong>: 390 x 280 mm (15,4 x 11,1 Zoll)<\/li>\n<li><strong>Abmessungen (H x B x T)<\/strong>: 460 x 370 x 430 mm (18,1 x 14,6 x 16,9 Zoll)<\/li>\n<li><strong>Gewicht<\/strong>: 22,5 kg (49,6 lb)<\/li>\n<li><strong>Wasserverbrauch (pro Sp\u00fclung)<\/strong>: 0,5 &#8211; 2,7 Liter (0,1 &#8211; 0,7 Gallonen)<\/li>\n<li><strong>Sitz &#038; Deckel<\/strong>: Polyesterbeschichtetes Holz (sanft schlie\u00dfend)<\/li>\n<li><strong>Ablaufpumpe<\/strong>: MAC 11 12V<\/li>\n<li><strong>Einlassger\u00e4t<\/strong>: Magnetventil (optionale Einlasspumpe)<\/li>\n<\/ul>\n","protected":false},"excerpt":{"rendered":"<p>Toilette Tecma Elegance 2G 12V (All-in-One SFT) &#8211; Tecma Elegance 2G 12V Toilette (All-in-One SFT) Die Tecma Elegance 2G Toilette<\/p>\n","protected":false},"featured_media":5943815,"comment_status":"open","ping_status":"closed","template":"","meta":[],"product_brand":[3470],"product_cat":[1388],"product_tag":[],"class_list":{"0":"post-735811","1":"product","2":"type-product","3":"status-publish","4":"has-post-thumbnail","6":"product_brand-tecma-de","7":"product_cat-marine-wcs","9":"first","10":"instock","11":"shipping-taxable","12":"purchasable","13":"product-type-simple"},"_links":{"self":[{"href":"https:\/\/stoic-curie.212-227-153-4.plesk.page\/de\/wp-json\/wp\/v2\/product\/735811","targetHints":{"allow":["GET"]}}],"collection":[{"href":"https:\/\/stoic-curie.212-227-153-4.plesk.page\/de\/wp-json\/wp\/v2\/product"}],"about":[{"href":"https:\/\/stoic-curie.212-227-153-4.plesk.page\/de\/wp-json\/wp\/v2\/types\/product"}],"replies":[{"embeddable":true,"href":"https:\/\/stoic-curie.212-227-153-4.plesk.page\/de\/wp-json\/wp\/v2\/comments?post=735811"}],"version-history":[{"count":0,"href":"https:\/\/stoic-curie.212-227-153-4.plesk.page\/de\/wp-json\/wp\/v2\/product\/735811\/revisions"}],"wp:featuredmedia":[{"embeddable":true,"href":"https:\/\/stoic-curie.212-227-153-4.plesk.page\/de\/wp-json\/wp\/v2\/media\/5943815"}],"wp:attachment":[{"href":"https:\/\/stoic-curie.212-227-153-4.plesk.page\/de\/wp-json\/wp\/v2\/media?parent=735811"}],"wp:term":[{"taxonomy":"product_brand","embeddable":true,"href":"https:\/\/stoic-curie.212-227-153-4.plesk.page\/de\/wp-json\/wp\/v2\/product_brand?post=735811"},{"taxonomy":"product_cat","embeddable":true,"href":"https:\/\/stoic-curie.212-227-153-4.plesk.page\/de\/wp-json\/wp\/v2\/product_cat?post=735811"},{"taxonomy":"product_tag","embeddable":true,"href":"https:\/\/stoic-curie.212-227-153-4.plesk.page\/de\/wp-json\/wp\/v2\/product_tag?post=735811"}],"curies":[{"name":"wp","href":"https:\/\/api.w.org\/{rel}","templated":true}]}}